{"id":1500,"date":"2021-02-09T09:18:40","date_gmt":"2021-02-09T09:18:40","guid":{"rendered":"https:\/\/www.mittelfest.org\/chi-siamo\/"},"modified":"2022-07-05T09:02:26","modified_gmt":"2022-07-05T08:02:26","slug":"chi-siamo","status":"publish","type":"page","link":"https:\/\/mittelfest.nelquadrato.com\/de\/chi-siamo\/","title":{"rendered":"\u00dcber Uns"},"content":{"rendered":"\n<p>Der eingetragene Verein Associazione Mittelfest organisiert ein multidisziplin\u00e4res internationales Festival (Theater, Musik und Tanz) und hat zwei T\u00e4tigkeitsschwerpunkte: einerseits als Schaufenster von Live-Auff\u00fchrungen in Italien und andererseits als Kultureinrichtung, die im Gebiet von Cividale del Friuli in der Region Friaul Julisch Venetien ihre Wurzeln hat. Der Verein dient als Br\u00fccke zwischen Italien und Mitteleuropa.<\/p>\n\n\n\n<p>Mittelfest wurde 1991, in einer Zeit der erneuten Begegnung zwischen Ost und West im Rahmen der Pentagonale gegr\u00fcndet, an der damals die Regierungen Italiens, \u00d6sterreichs, Jugoslawiens, der Tschechoslowakei und Ungarns beteiligt waren, die im Laufe der Jahre auf 19 L\u00e4nder Mittel- und Osteuropas erweitert wurde und aus der die Zentraleurop\u00e4ische Initiative (CEI) hervorging.<\/p>\n\n\n\n<p>F\u00fcr das erste Festival teilten sich f\u00fcnf Pers\u00f6nlichkeiten aus ebenso vielen L\u00e4ndern die k\u00fcnstlerische Leitung: Giorgio Pressburger (Ungarn\/Italien), Tom\u00e1s Ascher (Ungarn), Jovan \u0106irilov (Jugoslawien), Ji\u0159i Menzel (Tschechoslowakei) und George Tabori (\u00d6sterreich). Seit drei\u00dfig Jahren ist Mittelfest zusammen mit seinem Festival ein Ort der Begegnung f\u00fcr die verschiedenen Sprachen und Kulturen Mitteleuropas und des Balkans.<\/p>\n\n\n\n<p>Heute f\u00f6rdert Mittelfest \u00fcber Theater, Musik und Tanz den Dialog zwischen 27 europ\u00e4ischen L\u00e4ndern: Albanien, Belarus, Belgien, Bosnien und Herzegowina, Bulgarien, Deutschland, Estland, Griechenland, Italien, Kosovo, Kroatien, Lettland, Litauen, Nordmazedonien, Moldawien, Montenegro, Niederlande, \u00d6sterreich, Polen, Tschechische Republik, Rum\u00e4nien, Schweiz, Serbien, Slowakei, Slowenien, Ukraine und Ungarn.<\/p>\n","protected":false},"excerpt":{"rendered":"<p>Der eingetragene Verein Associazione Mittelfest organisiert ein multidisziplin\u00e4res internationales Festival (Theater, Musik und Tanz) und hat zwei T\u00e4tigkeitsschwerpunkte: einerseits als Schaufenster von Live-Auff\u00fchrungen in Italien und andererseits als Kultureinrichtung, die im Gebiet von Cividale del Friuli in der Region Friaul Julisch Venetien ihre Wurzeln hat. Der Verein dient als Br\u00fccke zwischen Italien und Mitteleuropa. Mittelfest<\/p>\n<div class=\"mt-4\"><a href=\"https:\/\/mittelfest.nelquadrato.com\/de\/chi-siamo\/\" class=\"ondina ondina--nera font-semi-bold\">Alle lesen<\/a><\/div>\n","protected":false},"author":1,"featured_media":0,"parent":0,"menu_order":0,"comment_status":"closed","ping_status":"closed","template":"","meta":{"footnotes":"","_links_to":"","_links_to_target":""},"class_list":["post-1500","page","type-page","status-publish","hentry"],"yoast_head":"<!-- This site is optimized with the Yoast SEO plugin v16.1.1 - https:\/\/yoast.com\/wordpress\/plugins\/seo\/ -->\n<title>\u00dcber Uns - Mittelfest<\/title>\n<link rel=\"canonical\" href=\"https:\/\/mittelfest.nelquadrato.com\/de\/chi-siamo\/\" \/>\n<meta property=\"og:locale\" content=\"de_DE\" \/>\n<meta property=\"og:type\" content=\"article\" \/>\n<meta property=\"og:title\" content=\"\u00dcber Uns - Mittelfest\" \/>\n<meta property=\"og:description\" content=\"Der eingetragene Verein Associazione Mittelfest organisiert ein multidisziplin\u00e4res internationales Festival (Theater, Musik und Tanz) und hat zwei T\u00e4tigkeitsschwerpunkte: einerseits als Schaufenster von Live-Auff\u00fchrungen in Italien und andererseits als Kultureinrichtung, die im Gebiet von Cividale del Friuli in der Region Friaul Julisch Venetien ihre Wurzeln hat. Der Verein dient als Br\u00fccke zwischen Italien und Mitteleuropa. MittelfestAlle lesen\" \/>\n<meta property=\"og:url\" content=\"https:\/\/mittelfest.nelquadrato.com\/de\/chi-siamo\/\" \/>\n<meta property=\"og:site_name\" content=\"Mittelfest\" \/>\n<meta property=\"article:publisher\" content=\"https:\/\/www.facebook.com\/mittelfest\" \/>\n<meta property=\"article:modified_time\" content=\"2022-07-05T08:02:26+00:00\" \/>\n<meta property=\"og:image\" content=\"https:\/\/mittelfest.nelquadrato.com\/wp-content\/uploads\/2021\/03\/foto-home_v1.jpg\" \/>\n\t<meta property=\"og:image:width\" content=\"2048\" \/>\n\t<meta property=\"og:image:height\" content=\"1152\" \/>\n<meta name=\"twitter:card\" content=\"summary_large_image\" \/>\n<meta name=\"twitter:label1\" content=\"Est. reading time\">\n\t<meta name=\"twitter:data1\" content=\"1 minute\">\n<script type=\"application\/ld+json\" class=\"yoast-schema-graph\">{\"@context\":\"https:\/\/schema.org\",\"@graph\":[{\"@type\":\"WebSite\",\"@id\":\"https:\/\/mittelfest.nelquadrato.com\/de\/#website\",\"url\":\"https:\/\/mittelfest.nelquadrato.com\/de\/\",\"name\":\"Mittelfest\",\"description\":\"\",\"potentialAction\":[{\"@type\":\"SearchAction\",\"target\":\"https:\/\/mittelfest.nelquadrato.com\/de\/?s={search_term_string}\",\"query-input\":\"required name=search_term_string\"}],\"inLanguage\":\"de-DE\"},{\"@type\":\"WebPage\",\"@id\":\"https:\/\/mittelfest.nelquadrato.com\/de\/chi-siamo\/#webpage\",\"url\":\"https:\/\/mittelfest.nelquadrato.com\/de\/chi-siamo\/\",\"name\":\"\\u00dcber Uns - Mittelfest\",\"isPartOf\":{\"@id\":\"https:\/\/mittelfest.nelquadrato.com\/de\/#website\"},\"datePublished\":\"2021-02-09T09:18:40+00:00\",\"dateModified\":\"2022-07-05T08:02:26+00:00\",\"breadcrumb\":{\"@id\":\"https:\/\/mittelfest.nelquadrato.com\/de\/chi-siamo\/#breadcrumb\"},\"inLanguage\":\"de-DE\",\"potentialAction\":[{\"@type\":\"ReadAction\",\"target\":[\"https:\/\/mittelfest.nelquadrato.com\/de\/chi-siamo\/\"]}]},{\"@type\":\"BreadcrumbList\",\"@id\":\"https:\/\/mittelfest.nelquadrato.com\/de\/chi-siamo\/#breadcrumb\",\"itemListElement\":[{\"@type\":\"ListItem\",\"position\":1,\"item\":{\"@type\":\"WebPage\",\"@id\":\"https:\/\/mittelfest.nelquadrato.com\/de\/\",\"url\":\"https:\/\/mittelfest.nelquadrato.com\/de\/\",\"name\":\"Home\"}},{\"@type\":\"ListItem\",\"position\":2,\"item\":{\"@type\":\"WebPage\",\"@id\":\"https:\/\/mittelfest.nelquadrato.com\/de\/chi-siamo\/\",\"url\":\"https:\/\/mittelfest.nelquadrato.com\/de\/chi-siamo\/\",\"name\":\"\\u00dcber Uns\"}}]}]}<\/script>\n<!-- \/ Yoast SEO plugin. -->","_links":{"self":[{"href":"https:\/\/mittelfest.nelquadrato.com\/de\/wp-json\/wp\/v2\/pages\/1500","targetHints":{"allow":["GET"]}}],"collection":[{"href":"https:\/\/mittelfest.nelquadrato.com\/de\/wp-json\/wp\/v2\/pages"}],"about":[{"href":"https:\/\/mittelfest.nelquadrato.com\/de\/wp-json\/wp\/v2\/types\/page"}],"author":[{"embeddable":true,"href":"https:\/\/mittelfest.nelquadrato.com\/de\/wp-json\/wp\/v2\/users\/1"}],"replies":[{"embeddable":true,"href":"https:\/\/mittelfest.nelquadrato.com\/de\/wp-json\/wp\/v2\/comments?post=1500"}],"version-history":[{"count":7,"href":"https:\/\/mittelfest.nelquadrato.com\/de\/wp-json\/wp\/v2\/pages\/1500\/revisions"}],"predecessor-version":[{"id":24922,"href":"https:\/\/mittelfest.nelquadrato.com\/de\/wp-json\/wp\/v2\/pages\/1500\/revisions\/24922"}],"wp:attachment":[{"href":"https:\/\/mittelfest.nelquadrato.com\/de\/wp-json\/wp\/v2\/media?parent=1500"}],"curies":[{"name":"wp","href":"https:\/\/api.w.org\/{rel}","templated":true}]}}