{"id":1511,"date":"2021-02-23T21:04:37","date_gmt":"2021-02-23T20:04:37","guid":{"rendered":"https:\/\/www.mittelfest.org\/mittelland\/"},"modified":"2022-04-28T15:26:33","modified_gmt":"2022-04-28T14:26:33","slug":"mittelland","status":"publish","type":"page","link":"https:\/\/mittelfest.nelquadrato.com\/de\/mittelland\/","title":{"rendered":"Mittelland"},"content":{"rendered":"\n<p class=\"text-sm w-2\/3\">Das Mittelfest findet in Cividale del Friuli im Dialog mit den T\u00e4lern der Fl\u00fcsse Natisone und Torre in der Region Friaul Julisch Venetien statt. Die Mittelland-Initiativen sollen etwas \u00fcber diese Orte erz\u00e4hlen und das Mittelfest mit Aktivit\u00e4ten f\u00fcr und in der Region das ganze Jahr \u00fcber lebendig halten.<\/p>\n\n\n\n<div class=\"sepa-ondina\"><\/div>\n\n\n\n<h2 class=\"text-3xl wp-block-heading\"><strong>Mappe parlanti<\/strong><\/h2>\n\n\n\n<figure class=\"wp-block-image size-large\"><img decoding=\"async\" src=\"https:\/\/mittelfest.nelquadrato.com\/wp-content\/uploads\/2021\/02\/Mittelland-partecipa.jpg\" alt=\"\" class=\"wp-image-195\"\/><\/figure>\n\n\n\n<p>Die gemeinn\u00fctzige Stiftung Fondazione Radio Magica onlus entwickelt im Auftrag und mit Unterst\u00fctzung von Mittelfest die sog. \u201esprechende Landkarte\u201c, die Mappa Parlante\u00ae\ufe0f, von Cividale del Friuli und den T\u00e4lern der Fl\u00fcsse Natisone und Torre, um Geschichten und Kuriosit\u00e4ten aus den Gemeinden der beiden T\u00e4ler zusammenzutragen und bekannt zu machen.<\/p>\n\n\n\n<p>Zur Website von Radio Magica, um an der Umfrage teilzunehmen<\/p>\n\n\n\n<p class=\"has-ondina--nera\"><strong><a href=\"http:\/\/www.radiomagica.org\/\" target=\"_blank\" rel=\"noreferrer noopener\">Radio Magica<\/a><\/strong><\/p>\n","protected":false},"excerpt":{"rendered":"<p>Das Mittelfest findet in Cividale del Friuli im Dialog mit den T\u00e4lern der Fl\u00fcsse Natisone und Torre in der Region Friaul Julisch Venetien statt. Die Mittelland-Initiativen sollen etwas \u00fcber diese Orte erz\u00e4hlen und das Mittelfest mit Aktivit\u00e4ten f\u00fcr und in der Region das ganze Jahr \u00fcber lebendig halten. Mappe parlanti Die gemeinn\u00fctzige Stiftung Fondazione Radio<\/p>\n<div class=\"mt-4\"><a href=\"https:\/\/mittelfest.nelquadrato.com\/de\/mittelland\/\" class=\"ondina ondina--nera font-semi-bold\">Alle lesen<\/a><\/div>\n","protected":false},"author":1,"featured_media":17451,"parent":0,"menu_order":0,"comment_status":"closed","ping_status":"closed","template":"views\/template-mittelland.blade.php","meta":{"footnotes":"","_links_to":"","_links_to_target":""},"class_list":["post-1511","page","type-page","status-publish","has-post-thumbnail","hentry"],"yoast_head":"<!-- This site is optimized with the Yoast SEO plugin v16.1.1 - https:\/\/yoast.com\/wordpress\/plugins\/seo\/ -->\n<title>Mittelland - Mittelfest<\/title>\n<link rel=\"canonical\" href=\"https:\/\/mittelfest.nelquadrato.com\/de\/mittelland\/\" \/>\n<meta property=\"og:locale\" content=\"de_DE\" \/>\n<meta property=\"og:type\" content=\"article\" \/>\n<meta property=\"og:title\" content=\"Mittelland - Mittelfest\" \/>\n<meta property=\"og:description\" content=\"Das Mittelfest findet in Cividale del Friuli im Dialog mit den T\u00e4lern der Fl\u00fcsse Natisone und Torre in der Region Friaul Julisch Venetien statt. Die Mittelland-Initiativen sollen etwas \u00fcber diese Orte erz\u00e4hlen und das Mittelfest mit Aktivit\u00e4ten f\u00fcr und in der Region das ganze Jahr \u00fcber lebendig halten. Mappe parlanti Die gemeinn\u00fctzige Stiftung Fondazione RadioAlle lesen\" \/>\n<meta property=\"og:url\" content=\"https:\/\/mittelfest.nelquadrato.com\/de\/mittelland\/\" \/>\n<meta property=\"og:site_name\" content=\"Mittelfest\" \/>\n<meta property=\"article:publisher\" content=\"https:\/\/www.facebook.com\/mittelfest\" \/>\n<meta property=\"article:modified_time\" content=\"2022-04-28T14:26:33+00:00\" \/>\n<meta property=\"og:image\" content=\"https:\/\/mittelfest.nelquadrato.com\/wp-content\/uploads\/2022\/04\/Mittelland_logo-1-e1650384345119.png\" \/>\n\t<meta property=\"og:image:width\" content=\"843\" \/>\n\t<meta property=\"og:image:height\" content=\"454\" \/>\n<meta name=\"twitter:card\" content=\"summary_large_image\" \/>\n<meta name=\"twitter:label1\" content=\"Est. reading time\">\n\t<meta name=\"twitter:data1\" content=\"1 minute\">\n<script type=\"application\/ld+json\" class=\"yoast-schema-graph\">{\"@context\":\"https:\/\/schema.org\",\"@graph\":[{\"@type\":\"WebSite\",\"@id\":\"https:\/\/mittelfest.nelquadrato.com\/de\/#website\",\"url\":\"https:\/\/mittelfest.nelquadrato.com\/de\/\",\"name\":\"Mittelfest\",\"description\":\"\",\"potentialAction\":[{\"@type\":\"SearchAction\",\"target\":\"https:\/\/mittelfest.nelquadrato.com\/de\/?s={search_term_string}\",\"query-input\":\"required name=search_term_string\"}],\"inLanguage\":\"de-DE\"},{\"@type\":\"ImageObject\",\"@id\":\"https:\/\/mittelfest.nelquadrato.com\/de\/mittelland\/#primaryimage\",\"inLanguage\":\"de-DE\",\"url\":\"https:\/\/mittelfest.nelquadrato.com\/wp-content\/uploads\/2022\/04\/Mittelland_logo-1-e1650384345119.png\",\"contentUrl\":\"https:\/\/mittelfest.nelquadrato.com\/wp-content\/uploads\/2022\/04\/Mittelland_logo-1-e1650384345119.png\",\"width\":843,\"height\":454},{\"@type\":\"WebPage\",\"@id\":\"https:\/\/mittelfest.nelquadrato.com\/de\/mittelland\/#webpage\",\"url\":\"https:\/\/mittelfest.nelquadrato.com\/de\/mittelland\/\",\"name\":\"Mittelland - Mittelfest\",\"isPartOf\":{\"@id\":\"https:\/\/mittelfest.nelquadrato.com\/de\/#website\"},\"primaryImageOfPage\":{\"@id\":\"https:\/\/mittelfest.nelquadrato.com\/de\/mittelland\/#primaryimage\"},\"datePublished\":\"2021-02-23T20:04:37+00:00\",\"dateModified\":\"2022-04-28T14:26:33+00:00\",\"breadcrumb\":{\"@id\":\"https:\/\/mittelfest.nelquadrato.com\/de\/mittelland\/#breadcrumb\"},\"inLanguage\":\"de-DE\",\"potentialAction\":[{\"@type\":\"ReadAction\",\"target\":[\"https:\/\/mittelfest.nelquadrato.com\/de\/mittelland\/\"]}]},{\"@type\":\"BreadcrumbList\",\"@id\":\"https:\/\/mittelfest.nelquadrato.com\/de\/mittelland\/#breadcrumb\",\"itemListElement\":[{\"@type\":\"ListItem\",\"position\":1,\"item\":{\"@type\":\"WebPage\",\"@id\":\"https:\/\/mittelfest.nelquadrato.com\/de\/\",\"url\":\"https:\/\/mittelfest.nelquadrato.com\/de\/\",\"name\":\"Home\"}},{\"@type\":\"ListItem\",\"position\":2,\"item\":{\"@type\":\"WebPage\",\"@id\":\"https:\/\/mittelfest.nelquadrato.com\/de\/mittelland\/\",\"url\":\"https:\/\/mittelfest.nelquadrato.com\/de\/mittelland\/\",\"name\":\"Mittelland\"}}]}]}<\/script>\n<!-- \/ Yoast SEO plugin. -->","_links":{"self":[{"href":"https:\/\/mittelfest.nelquadrato.com\/de\/wp-json\/wp\/v2\/pages\/1511","targetHints":{"allow":["GET"]}}],"collection":[{"href":"https:\/\/mittelfest.nelquadrato.com\/de\/wp-json\/wp\/v2\/pages"}],"about":[{"href":"https:\/\/mittelfest.nelquadrato.com\/de\/wp-json\/wp\/v2\/types\/page"}],"author":[{"embeddable":true,"href":"https:\/\/mittelfest.nelquadrato.com\/de\/wp-json\/wp\/v2\/users\/1"}],"replies":[{"embeddable":true,"href":"https:\/\/mittelfest.nelquadrato.com\/de\/wp-json\/wp\/v2\/comments?post=1511"}],"version-history":[{"count":2,"href":"https:\/\/mittelfest.nelquadrato.com\/de\/wp-json\/wp\/v2\/pages\/1511\/revisions"}],"predecessor-version":[{"id":20310,"href":"https:\/\/mittelfest.nelquadrato.com\/de\/wp-json\/wp\/v2\/pages\/1511\/revisions\/20310"}],"wp:featuredmedia":[{"embeddable":true,"href":"https:\/\/mittelfest.nelquadrato.com\/de\/wp-json\/wp\/v2\/media\/17451"}],"wp:attachment":[{"href":"https:\/\/mittelfest.nelquadrato.com\/de\/wp-json\/wp\/v2\/media?parent=1511"}],"curies":[{"name":"wp","href":"https:\/\/api.w.org\/{rel}","templated":true}]}}