{"id":1529,"date":"2021-02-19T14:07:26","date_gmt":"2021-02-19T14:07:26","guid":{"rendered":"https:\/\/www.mittelfest.org\/mittelyoung\/"},"modified":"2022-12-15T12:02:43","modified_gmt":"2022-12-15T11:02:43","slug":"mittelyoung","status":"publish","type":"page","link":"https:\/\/mittelfest.nelquadrato.com\/de\/mittelyoung\/","title":{"rendered":"Mittelyoung Open Call 2023"},"content":{"rendered":"\n<p><strong>Der Open Call f\u00fcr mittelyoung 2023 ist er\u00f6ffnet<\/strong>.<\/p>\n\n\n\n<p>Die Gelegenheit, zu einer neuen Generation auf der B\u00fchne zu geh\u00f6ren: Das junge Europa ist hier, jetzt.<\/p>\n\n\n\n<p><strong>Vom 18. bis zum 21. Mai 2023 <\/strong>werden <strong>neun <\/strong>ausgew\u00e4hlte Projekte im Slowenischen Nationaltheater SNG Nova Gorica und in Cividale del Friuli anl\u00e4sslich der dritten Ausgabe des j\u00fcngsten Festivals U30 Europas aufgef\u00fchrt werden.<\/p>\n\n\n\n<p><strong>Der Open Call ist vom 15. Dezember 2022 bis zum 15. Februar 2023 offen<\/strong>.<\/p>\n\n\n\n<p><strong>Bewerben <\/strong>k\u00f6nnen sich K\u00fcnstlerinnen und K\u00fcnstler und Ensembles <strong>unter 30 <\/strong>aus den Kategorien Theater, Musik, Tanz, Zirkus und multidisziplin\u00e4re Performance aus 27 europ\u00e4ischen L\u00e4ndern: Albanien, Belarus, Belgien, Bosnien und Herzegowina, Bulgarien, Deutschland, Estland, Griechenland, Italien, Kosovo, Kroatien, Lettland, Litauen, Nordmazedonien, Moldau, Montenegro, Niederlande, \u00d6sterreich, Polen, Rum\u00e4nien, Schweiz, Serbien, Slowakei, Slowenien, Tschechische Republik, Ukraine und Ungarn.<\/p>\n\n\n\n<p>Alle Bewerbungen werden von einer Gruppe von Kuratorinnen und Kuratoren unter 30 gepr\u00fcft, die dank der Zusammenarbeit zwischen mittelfest und einer Reihe von Institutionen und Bildungseinrichtungen in Friaul-Julisch-Venetien gebildet wurde:<br>Associazione culturale Arearea, Civica Accademia d&#8217;Arte Drammatica Nico Pepe, Conservatorio Statale di Musica Giuseppe Tartini di Trieste, Conservatorio Statale di Musica Jacopo Tomadini di Udine, Fondazione Luigi Bon, Universit\u00e4t Triest, Universit\u00e4t Udine sowie Associazione culturale Circo all\u2019incirca, Associazione culturale Quarantasettezeroquattro, Associazione giovanile Robida, Convitto Nazionale Paolo Diacono, Scuola di Danza Erica Bront, Teatro Club Udine &#8211; Palio Teatrale Studentesco.<\/p>\n\n\n\n<p>Die Kuratorinnen und Kuratoren werden zudem auch vom SNG Nova Gorica (Slowenien) und vom Musikfestival Carinthischer Sommer (\u00d6sterreich) kommen.<\/p>\n\n\n\n<p>Aus allen eingegangenen Bewerbungen werden 9 ausgew\u00e4hlt werden, die das mittelyoung-Programm im Mai bilden werden.<\/p>\n\n\n\n<p>W\u00e4hrend des Festivals wird dieselbe Gruppe von Kuratorinnen und Kuratoren aus den 9 f\u00fcr mittelyoung geplanten Titeln die 3 Gewinner-Auff\u00fchrungen aus der jeweiligen Kategorie ausw\u00e4hlen, die vom 21.-30. Juli 2023 im Rahmen von mittelfest inevitabile aufgef\u00fchrt werden.<\/p>\n\n\n\n<p>Ein Projekt aus der Kategorie Musik kann zudem vom Musikfestival Carinthischer Sommer im Rahmen der Kooperation und des Austausches zwischen mittelyoung und CS U30 ausgew\u00e4hlt werden.<\/p>\n\n\n\n<p>F\u00fcr die Kategorie Musik k\u00f6nnen Bewerbungen n\u00e4mlich sowohl beim Open Call von mittelyoung als auch beim <a href=\"https:\/\/carinthischersommer.at\/csunder30\/\" target=\"_blank\" rel=\"noreferrer noopener\"><strong>CS U30<\/strong><\/a> eingereicht werden, vom 16. Januar bis 15. M\u00e4rz<\/p>\n\n\n\n<div style=\"height:49px\" aria-hidden=\"true\" class=\"wp-block-spacer\"><\/div>\n\n\n\n<p>Am Festival mittelyoung teilnehmen:<\/p>\n\n\n\n<p class=\"ondina--nera block\"><strong><a href=\"https:\/\/mittelfest.nelquadrato.com\/wp-content\/uploads\/2022\/12\/MITTELYOUNG-2023-_EN.pdf\" target=\"_blank\" rel=\"noreferrer noopener\">OpenCall 2023<\/a><\/strong><\/p>\n\n\n\n<p class=\"ondina--nera block\"><strong><a href=\"https:\/\/mittelfest.nelquadrato.com\/wp-content\/uploads\/2022\/12\/MITTELYOUNG-2023DataSheet.pdf\" target=\"_blank\" rel=\"noreferrer noopener\">Technical book<\/a><\/strong><\/p>\n\n\n\n<p class=\"ondina--nera block\"><strong><a href=\"https:\/\/mittelfest.nelquadrato.com\/wp-content\/uploads\/2022\/12\/OpenCall-2023-Application-Form_Eng.pdf\" target=\"_blank\" rel=\"noreferrer noopener\">Application form<\/a><\/strong><\/p>\n\n\n\n<p class=\"ondina--nera block\"><strong><a href=\"https:\/\/mittelfest.nelquadrato.com\/wp-content\/uploads\/2022\/12\/OpenCall-2023-Personal-Data-Form.pdf\" target=\"_blank\" rel=\"noreferrer noopener\">Personal data form<\/a><\/strong><\/p>\n\n\n\n<p class=\"ondina--nera block\"><strong><a href=\"https:\/\/mittelfest.nelquadrato.com\/wp-content\/uploads\/2022\/12\/OpenCall-2023-FAQ_Eng.pdf\" target=\"_blank\" rel=\"noreferrer noopener\">OpenCall FAQ<\/a><\/strong><\/p>\n","protected":false},"excerpt":{"rendered":"<p>Der Open Call f\u00fcr mittelyoung 2023 ist er\u00f6ffnet.<\/p>\n<p>Die Gelegenheit, zu einer neuen Generation auf der B\u00fchne zu geh\u00f6ren: Das junge Europa ist hier, jetzt.<\/p>\n<p>Vom 18. bis zum 21. Mai 2023 werden neun ausgew\u00e4hlte Projekte im Slowenischen Nationaltheater SNG Nova Gorica und in Cividale del Friuli anl\u00e4sslich der dritten Ausgabe des j\u00fcngsten Festivals U30 Europas aufgef\u00fchrt werden.<\/p>\n","protected":false},"author":1,"featured_media":31374,"parent":0,"menu_order":0,"comment_status":"closed","ping_status":"closed","template":"views\/template-header-pieno.blade.php","meta":{"footnotes":"","_links_to":"","_links_to_target":""},"class_list":["post-1529","page","type-page","status-publish","has-post-thumbnail","hentry"],"yoast_head":"<!-- This site is optimized with the Yoast SEO plugin v16.1.1 - https:\/\/yoast.com\/wordpress\/plugins\/seo\/ -->\n<title>Mittelyoung Open Call 2023 - Mittelfest<\/title>\n<meta name=\"description\" content=\"2023 nehmen 27 L\u00e4nder teil: Albanien, Belarus, Belgien, Bosnien und Herzegowina, Bulgarien, Deutschland, Estland, Griechenland, Italien, Kosovo, Kroatien, Lettland, Litauen, Nordmazedonien, Montenegro, Niederlande, \u00d6sterreich, Polen, Republik Moldau, Rum\u00e4nien, Schweiz, Serbien, Slowakei, Slowenien, Tschechische Republik, Ukraine und Ungarn.\" \/>\n<link rel=\"canonical\" href=\"https:\/\/mittelfest.nelquadrato.com\/de\/mittelyoung\/\" \/>\n<meta property=\"og:locale\" content=\"de_DE\" \/>\n<meta property=\"og:type\" content=\"article\" \/>\n<meta property=\"og:title\" content=\"Mittelyoung Open Call 2023 - Mittelfest\" \/>\n<meta property=\"og:description\" content=\"2023 nehmen 27 L\u00e4nder teil: Albanien, Belarus, Belgien, Bosnien und Herzegowina, Bulgarien, Deutschland, Estland, Griechenland, Italien, Kosovo, Kroatien, Lettland, Litauen, Nordmazedonien, Montenegro, Niederlande, \u00d6sterreich, Polen, Republik Moldau, Rum\u00e4nien, Schweiz, Serbien, Slowakei, Slowenien, Tschechische Republik, Ukraine und Ungarn.\" \/>\n<meta property=\"og:url\" content=\"https:\/\/mittelfest.nelquadrato.com\/de\/mittelyoung\/\" \/>\n<meta property=\"og:site_name\" content=\"Mittelfest\" \/>\n<meta property=\"article:publisher\" content=\"https:\/\/www.facebook.com\/mittelfest\" \/>\n<meta property=\"article:modified_time\" content=\"2022-12-15T11:02:43+00:00\" \/>\n<meta property=\"og:image\" content=\"https:\/\/mittelfest.nelquadrato.com\/wp-content\/uploads\/2022\/12\/Opencall2023-1024x409-1.png\" \/>\n\t<meta property=\"og:image:width\" content=\"1024\" \/>\n\t<meta property=\"og:image:height\" content=\"409\" \/>\n<meta name=\"twitter:card\" content=\"summary_large_image\" \/>\n<meta name=\"twitter:label1\" content=\"Est. reading time\">\n\t<meta name=\"twitter:data1\" content=\"2 minutes\">\n<script type=\"application\/ld+json\" class=\"yoast-schema-graph\">{\"@context\":\"https:\/\/schema.org\",\"@graph\":[{\"@type\":\"WebSite\",\"@id\":\"https:\/\/mittelfest.nelquadrato.com\/de\/#website\",\"url\":\"https:\/\/mittelfest.nelquadrato.com\/de\/\",\"name\":\"Mittelfest\",\"description\":\"\",\"potentialAction\":[{\"@type\":\"SearchAction\",\"target\":\"https:\/\/mittelfest.nelquadrato.com\/de\/?s={search_term_string}\",\"query-input\":\"required name=search_term_string\"}],\"inLanguage\":\"de-DE\"},{\"@type\":\"ImageObject\",\"@id\":\"https:\/\/mittelfest.nelquadrato.com\/de\/mittelyoung\/#primaryimage\",\"inLanguage\":\"de-DE\",\"url\":\"https:\/\/mittelfest.nelquadrato.com\/wp-content\/uploads\/2022\/12\/Opencall2023-1024x409-1.png\",\"contentUrl\":\"https:\/\/mittelfest.nelquadrato.com\/wp-content\/uploads\/2022\/12\/Opencall2023-1024x409-1.png\",\"width\":1024,\"height\":409},{\"@type\":\"WebPage\",\"@id\":\"https:\/\/mittelfest.nelquadrato.com\/de\/mittelyoung\/#webpage\",\"url\":\"https:\/\/mittelfest.nelquadrato.com\/de\/mittelyoung\/\",\"name\":\"Mittelyoung Open Call 2023 - Mittelfest\",\"isPartOf\":{\"@id\":\"https:\/\/mittelfest.nelquadrato.com\/de\/#website\"},\"primaryImageOfPage\":{\"@id\":\"https:\/\/mittelfest.nelquadrato.com\/de\/mittelyoung\/#primaryimage\"},\"datePublished\":\"2021-02-19T14:07:26+00:00\",\"dateModified\":\"2022-12-15T11:02:43+00:00\",\"description\":\"2023 nehmen 27 L\\u00e4nder teil: Albanien, Belarus, Belgien, Bosnien und Herzegowina, Bulgarien, Deutschland, Estland, Griechenland, Italien, Kosovo, Kroatien, Lettland, Litauen, Nordmazedonien, Montenegro, Niederlande, \\u00d6sterreich, Polen, Republik Moldau, Rum\\u00e4nien, Schweiz, Serbien, Slowakei, Slowenien, Tschechische Republik, Ukraine und Ungarn.\",\"breadcrumb\":{\"@id\":\"https:\/\/mittelfest.nelquadrato.com\/de\/mittelyoung\/#breadcrumb\"},\"inLanguage\":\"de-DE\",\"potentialAction\":[{\"@type\":\"ReadAction\",\"target\":[\"https:\/\/mittelfest.nelquadrato.com\/de\/mittelyoung\/\"]}]},{\"@type\":\"BreadcrumbList\",\"@id\":\"https:\/\/mittelfest.nelquadrato.com\/de\/mittelyoung\/#breadcrumb\",\"itemListElement\":[{\"@type\":\"ListItem\",\"position\":1,\"item\":{\"@type\":\"WebPage\",\"@id\":\"https:\/\/mittelfest.nelquadrato.com\/de\/\",\"url\":\"https:\/\/mittelfest.nelquadrato.com\/de\/\",\"name\":\"Home\"}},{\"@type\":\"ListItem\",\"position\":2,\"item\":{\"@type\":\"WebPage\",\"@id\":\"https:\/\/mittelfest.nelquadrato.com\/de\/mittelyoung\/\",\"url\":\"https:\/\/mittelfest.nelquadrato.com\/de\/mittelyoung\/\",\"name\":\"Mittelyoung Open Call 2023\"}}]}]}<\/script>\n<!-- \/ Yoast SEO plugin. -->","_links":{"self":[{"href":"https:\/\/mittelfest.nelquadrato.com\/de\/wp-json\/wp\/v2\/pages\/1529","targetHints":{"allow":["GET"]}}],"collection":[{"href":"https:\/\/mittelfest.nelquadrato.com\/de\/wp-json\/wp\/v2\/pages"}],"about":[{"href":"https:\/\/mittelfest.nelquadrato.com\/de\/wp-json\/wp\/v2\/types\/page"}],"author":[{"embeddable":true,"href":"https:\/\/mittelfest.nelquadrato.com\/de\/wp-json\/wp\/v2\/users\/1"}],"replies":[{"embeddable":true,"href":"https:\/\/mittelfest.nelquadrato.com\/de\/wp-json\/wp\/v2\/comments?post=1529"}],"version-history":[{"count":29,"href":"https:\/\/mittelfest.nelquadrato.com\/de\/wp-json\/wp\/v2\/pages\/1529\/revisions"}],"predecessor-version":[{"id":31510,"href":"https:\/\/mittelfest.nelquadrato.com\/de\/wp-json\/wp\/v2\/pages\/1529\/revisions\/31510"}],"wp:featuredmedia":[{"embeddable":true,"href":"https:\/\/mittelfest.nelquadrato.com\/de\/wp-json\/wp\/v2\/media\/31374"}],"wp:attachment":[{"href":"https:\/\/mittelfest.nelquadrato.com\/de\/wp-json\/wp\/v2\/media?parent=1529"}],"curies":[{"name":"wp","href":"https:\/\/api.w.org\/{rel}","templated":true}]}}