{"id":1537,"date":"2021-02-26T14:35:32","date_gmt":"2021-02-26T13:35:32","guid":{"rendered":"https:\/\/www.mittelfest.org\/home\/"},"modified":"2022-11-21T13:55:15","modified_gmt":"2022-11-21T12:55:15","slug":"home","status":"publish","type":"page","link":"https:\/\/mittelfest.nelquadrato.com\/de\/","title":{"rendered":"Home"},"content":{"rendered":"\n<p class=\"text-md lg:w-1\/2\">Am Abend vor dem Weihnachtsfest des Jahres 1915 rechnete Albert Einstein mit allem, blo\u00df nicht damit, einen Brief von seinem Kollegen Karl Schwarzschild zu erhalten, der ihm von der Front und direkt aus den Sch\u00fctzengr\u00e4ben die L\u00f6sungen zu den kurz zuvor ver\u00f6ffentlichten Gleichungen der allgemeinen Relativit\u00e4tstheorie schickte. Vollkommen unvorhergesehene Antworten, jedoch nur in den Augen des lesenden Einsteins, nicht f\u00fcr die Hand des Absenders Schwarzschild, dessen spekulativer Geist nie stillstand, nicht einmal w\u00e4hrend der nicht enden wollenden Bombenangriffe im Ersten Weltkrieg. So zumindest erfahren wir es heute aus Benjamin Labatuts Erz\u00e4hlung \u00fcber Schwarzschilds Geschichte. Eine Reihe unvorhergesehener Berechnungen, die wie aus dem Nichts kamen. Das war es, was Einstein vor sich hatte: ein Grund f\u00fcr ihn, aufgew\u00fchlt und zutiefst erstaunt zu sein.<\/p>\n\n\n\n<p class=\"sepa-ondina\"> <\/p>\n\n\n\n<p class=\"text-xl lg:w-3\/4\">Dasselbe Gef\u00fchl hat wohl Berlioz durchdrungen, als er die Prophezeiung seines Todes aus dem Mund eines seltsam aussehenden Fremden, eines gewissen Voland, vernahm, der an den Patriarchenteichen in Moskau an einem au\u00dfergew\u00f6hnlich warmen Fr\u00fchlingsabend des Jahres 1918 etwas \u00fcber Sonnenblumen\u00f6l, Anuschka und K\u00f6pfungen sagte. Und doch war das, was f\u00fcr Berlioz das unvorhergesehene verh\u00e4ngnisvolle Ereignis sein sollte, bereits im Gange und bahnte sich Schritt f\u00fcr Schritt, ohne sein Wissen, an: Denn Anuschka ging sehr schnell, nachdem sie das \u00d6l gekauft hatte, auf dem Berlioz dann unvorsichtigerweise ausrutschen sollte. Wie Michail Bulgakow in seinem Roman <em>Der Meister und Margarita<\/em> erz\u00e4hlt, fand sich diese Mischung aus Erregung und Schrecken an diesem Abend auch bei Finanzdirektor Rimski wieder, der ebenfalls von Voland und seinen Gehilfen verzaubert wurde, sowie bei den Damen und Herren, die ins Variet\u00e9theater gekommen waren. Dort, auf der B\u00fchne, am Ende einer Reihe von Wundern, erschien pl\u00f6tzlich eine seltsame Boutique: ein Vorhang, ein Augenblick, das alte Kleid durch die neueste Mode ersetzt. Rimski sollte dann dabei zusehen, wie die Zuschauer beim Erscheinen der Boutique seufzten, sich z\u00f6gernd anstellten, einer nach dem anderen hinter den Vorhang traten und sich \u00fcber den Zauber des neuen Looks freuten. Nur um sich dann in der Moskauer Nacht fassungslos und schreiend vor Scham wiederzufinden, da sie buchst\u00e4blich in Unterw\u00e4sche dastanden, in Unterhose, BH und Unterhemd: Mit Voland und seinen Gehilfen waren auch alle guten Kleider weg.<\/p>\n\n\n\n<p class=\"text-xl lg:w-3\/4\">Das sind die unvorhergesehenen Ereignisse, die sich dort anbahnen, wo unsere Augen nichts wahrnehmen, auch wenn sie sehen, wo unsere Ohren nichts verstehen, auch wenn sie h\u00f6ren, wo unser K\u00f6rper so tut, als ob er nichts merkt, auch wenn er sich mitten im Geschehen befindet. Es ist das Unvorhergesehene, das eingefahrene Gewohnheiten und allzu einfache Gewissheiten \u00fcber den Haufen wirft, in einem Strudel aus Risiken, Schmerzen, aber auch Chancen.<\/p>\n\n\n\n<p class=\"sepa-ondina\"> <\/p>\n\n\n\n<p class=\"text-md lg:w-1\/2\">Wie verdeckte Spielkarten, die ihr Geheimnis verbergen, ist das Unvorhergesehene nur f\u00fcr uns, die wir von seinem Eintreten \u00fcberrascht sind, tats\u00e4chlich unvorhergesehen: Doch ist es erst einmal eingetreten, ist es m\u00f6glich, die F\u00e4den seiner Ursachen zu entwirren und seine langsame Anbahnung im Laufe der Zeit zu rekonstruieren. In der Zwischenzeit besch\u00e4ftigen wir uns jedoch bereits mit den Auswirkungen, mit dem, was es uns &#8211; im Guten wie im Schlechten &#8211; hinterlassen hat.<\/p>\n\n\n\n<p class=\"sepa-ondina\"> <\/p>\n\n\n\n<p class=\"text-xl lg:w-3\/4\">Wie verdeckte Spielkarten, die ihr Geheimnis verbergen, ist das Unvorhergesehene nur f\u00fcr uns, die wir von seinem Eintreten \u00fcberrascht sind, tats\u00e4chlich unvorhergesehen: Doch ist es erst einmal eingetreten, ist es m\u00f6glich, die F\u00e4den seiner Ursachen zu entwirren und seine langsame Anbahnung im Laufe der Zeit zu rekonstruieren. In der Zwischenzeit besch\u00e4ftigen wir uns jedoch bereits mit den Auswirkungen, mit dem, was es uns &#8211; im Guten wie im Schlechten &#8211; hinterlassen hat.<\/p>\n\n\n\n<p class=\"sepa-ondina\"> <\/p>\n\n\n\n<p class=\"text-md lg:w-1\/2\">Das Erz\u00e4hlen von unvorhergesehenen Ereignissen ist an sich nichts weiter als ein Spiel, aber es dient dazu, unsere Sinne zu sch\u00e4rfen und genauer hinzuschauen, was um uns, um jede und jeden von uns, herum geschieht: zum einen, um zu lernen, dem Wert beizumessen, was oft \u00fcbersehen wird, und zum anderen, um bestm\u00f6glich auf das zu reagieren, was in jedem Fall nicht vorhersehbar ist. Denn die noch verdeckte Spielkarte ist wie die Katze in Schr\u00f6dingers Kiste: Erst wenn sie auftaucht, kennt man ihren wahren Wert.<\/p>\n\n\n\n<div style=\"height:16px\" aria-hidden=\"true\" class=\"wp-block-spacer\"><\/div>\n\n\n\n<p>Giacomo Pedini, K\u00fcnstlerischer Leiter<\/p>\n","protected":false},"excerpt":{"rendered":"<p>Am Abend vor dem Weihnachtsfest des Jahres 1915 rechnete Albert Einstein mit allem, blo\u00df nicht damit, einen Brief von seinem Kollegen Karl Schwarzschild zu erhalten, der ihm von der Front und direkt aus den Sch\u00fctzengr\u00e4ben die L\u00f6sungen zu den kurz zuvor ver\u00f6ffentlichten Gleichungen der allgemeinen Relativit\u00e4tstheorie schickte. Vollkommen unvorhergesehene Antworten, jedoch nur in den Augen<\/p>\n<div class=\"mt-4\"><a href=\"https:\/\/mittelfest.nelquadrato.com\/de\/\" class=\"ondina ondina--nera font-semi-bold\">Alle lesen<\/a><\/div>\n","protected":false},"author":1,"featured_media":30472,"parent":0,"menu_order":0,"comment_status":"closed","ping_status":"closed","template":"views\/template-home.blade.php","meta":{"footnotes":"","_links_to":"","_links_to_target":""},"class_list":["post-1537","page","type-page","status-publish","has-post-thumbnail","hentry"],"yoast_head":"<!-- This site is optimized with the Yoast SEO plugin v16.1.1 - https:\/\/yoast.com\/wordpress\/plugins\/seo\/ -->\n<title>Home - Mittelfest<\/title>\n<meta name=\"description\" content=\"Ein Open Call f\u00fcr Auff\u00fchrungen in den Bereichen Theater, Musik, Tanz und multidisziplin\u00e4re Arbeit\/Zirkus f\u00fcr K\u00fcnstlerinnen und K\u00fcnstler, Kompanien oder Kollektive UNTER30 aus 27 L\u00e4ndern aus Mitteleuropa und dem Balkan. 9 Auff\u00fchrungen bei Mittelyoung (12.-15. Mai 2022). Die Top 3 auf dem Mittelfest (22.-31. Juli 2022).\" \/>\n<link rel=\"canonical\" href=\"https:\/\/mittelfest.nelquadrato.com\/de\/\" \/>\n<meta property=\"og:locale\" content=\"de_DE\" \/>\n<meta property=\"og:type\" content=\"article\" \/>\n<meta property=\"og:title\" content=\"Home - Mittelfest\" \/>\n<meta property=\"og:description\" content=\"Ein Open Call f\u00fcr Auff\u00fchrungen in den Bereichen Theater, Musik, Tanz und multidisziplin\u00e4re Arbeit\/Zirkus f\u00fcr K\u00fcnstlerinnen und K\u00fcnstler, Kompanien oder Kollektive UNTER30 aus 27 L\u00e4ndern aus Mitteleuropa und dem Balkan. 9 Auff\u00fchrungen bei Mittelyoung (12.-15. Mai 2022). Die Top 3 auf dem Mittelfest (22.-31. Juli 2022).\" \/>\n<meta property=\"og:url\" content=\"https:\/\/mittelfest.nelquadrato.com\/de\/\" \/>\n<meta property=\"og:site_name\" content=\"Mittelfest\" \/>\n<meta property=\"article:publisher\" content=\"https:\/\/www.facebook.com\/mittelfest\" \/>\n<meta property=\"article:modified_time\" content=\"2022-11-21T12:55:15+00:00\" \/>\n<meta property=\"og:image\" content=\"https:\/\/mittelfest.nelquadrato.com\/wp-content\/uploads\/2022\/09\/mittelfest-header-standard-h.jpg\" \/>\n\t<meta property=\"og:image:width\" content=\"2048\" \/>\n\t<meta property=\"og:image:height\" content=\"918\" \/>\n<meta name=\"twitter:card\" content=\"summary_large_image\" \/>\n<meta name=\"twitter:label1\" content=\"Est. reading time\">\n\t<meta name=\"twitter:data1\" content=\"3 minutes\">\n<script type=\"application\/ld+json\" class=\"yoast-schema-graph\">{\"@context\":\"https:\/\/schema.org\",\"@graph\":[{\"@type\":\"WebSite\",\"@id\":\"https:\/\/mittelfest.nelquadrato.com\/de\/#website\",\"url\":\"https:\/\/mittelfest.nelquadrato.com\/de\/\",\"name\":\"Mittelfest\",\"description\":\"\",\"potentialAction\":[{\"@type\":\"SearchAction\",\"target\":\"https:\/\/mittelfest.nelquadrato.com\/de\/?s={search_term_string}\",\"query-input\":\"required name=search_term_string\"}],\"inLanguage\":\"de-DE\"},{\"@type\":\"ImageObject\",\"@id\":\"https:\/\/mittelfest.nelquadrato.com\/de\/#primaryimage\",\"inLanguage\":\"de-DE\",\"url\":\"https:\/\/mittelfest.nelquadrato.com\/wp-content\/uploads\/2022\/09\/mittelfest-header-standard-h.jpg\",\"contentUrl\":\"https:\/\/mittelfest.nelquadrato.com\/wp-content\/uploads\/2022\/09\/mittelfest-header-standard-h.jpg\",\"width\":2048,\"height\":918},{\"@type\":\"WebPage\",\"@id\":\"https:\/\/mittelfest.nelquadrato.com\/de\/#webpage\",\"url\":\"https:\/\/mittelfest.nelquadrato.com\/de\/\",\"name\":\"Home - Mittelfest\",\"isPartOf\":{\"@id\":\"https:\/\/mittelfest.nelquadrato.com\/de\/#website\"},\"primaryImageOfPage\":{\"@id\":\"https:\/\/mittelfest.nelquadrato.com\/de\/#primaryimage\"},\"datePublished\":\"2021-02-26T13:35:32+00:00\",\"dateModified\":\"2022-11-21T12:55:15+00:00\",\"description\":\"Ein Open Call f\\u00fcr Auff\\u00fchrungen in den Bereichen Theater, Musik, Tanz und multidisziplin\\u00e4re Arbeit\/Zirkus f\\u00fcr K\\u00fcnstlerinnen und K\\u00fcnstler, Kompanien oder Kollektive UNTER30 aus 27 L\\u00e4ndern aus Mitteleuropa und dem Balkan. 9 Auff\\u00fchrungen bei Mittelyoung (12.-15. Mai 2022). Die Top 3 auf dem Mittelfest (22.-31. Juli 2022).\",\"breadcrumb\":{\"@id\":\"https:\/\/mittelfest.nelquadrato.com\/de\/#breadcrumb\"},\"inLanguage\":\"de-DE\",\"potentialAction\":[{\"@type\":\"ReadAction\",\"target\":[\"https:\/\/mittelfest.nelquadrato.com\/de\/\"]}]},{\"@type\":\"BreadcrumbList\",\"@id\":\"https:\/\/mittelfest.nelquadrato.com\/de\/#breadcrumb\",\"itemListElement\":[{\"@type\":\"ListItem\",\"position\":1,\"item\":{\"@type\":\"WebPage\",\"@id\":\"https:\/\/mittelfest.nelquadrato.com\/de\/\",\"url\":\"https:\/\/mittelfest.nelquadrato.com\/de\/\",\"name\":\"Home\"}},{\"@type\":\"ListItem\",\"position\":2,\"item\":{\"@type\":\"WebPage\",\"@id\":\"https:\/\/mittelfest.nelquadrato.com\/de\/\",\"url\":\"https:\/\/mittelfest.nelquadrato.com\/de\/\",\"name\":\"Home\"}}]}]}<\/script>\n<!-- \/ Yoast SEO plugin. -->","_links":{"self":[{"href":"https:\/\/mittelfest.nelquadrato.com\/de\/wp-json\/wp\/v2\/pages\/1537","targetHints":{"allow":["GET"]}}],"collection":[{"href":"https:\/\/mittelfest.nelquadrato.com\/de\/wp-json\/wp\/v2\/pages"}],"about":[{"href":"https:\/\/mittelfest.nelquadrato.com\/de\/wp-json\/wp\/v2\/types\/page"}],"author":[{"embeddable":true,"href":"https:\/\/mittelfest.nelquadrato.com\/de\/wp-json\/wp\/v2\/users\/1"}],"replies":[{"embeddable":true,"href":"https:\/\/mittelfest.nelquadrato.com\/de\/wp-json\/wp\/v2\/comments?post=1537"}],"version-history":[{"count":12,"href":"https:\/\/mittelfest.nelquadrato.com\/de\/wp-json\/wp\/v2\/pages\/1537\/revisions"}],"predecessor-version":[{"id":31244,"href":"https:\/\/mittelfest.nelquadrato.com\/de\/wp-json\/wp\/v2\/pages\/1537\/revisions\/31244"}],"wp:featuredmedia":[{"embeddable":true,"href":"https:\/\/mittelfest.nelquadrato.com\/de\/wp-json\/wp\/v2\/media\/30472"}],"wp:attachment":[{"href":"https:\/\/mittelfest.nelquadrato.com\/de\/wp-json\/wp\/v2\/media?parent=1537"}],"curies":[{"name":"wp","href":"https:\/\/api.w.org\/{rel}","templated":true}]}}