{"id":6548,"date":"2021-05-25T16:24:42","date_gmt":"2021-05-25T15:24:42","guid":{"rendered":"https:\/\/www.mittelfest.org\/biglietti\/"},"modified":"2022-10-20T10:09:10","modified_gmt":"2022-10-20T09:09:10","slug":"biglietti","status":"publish","type":"page","link":"https:\/\/mittelfest.nelquadrato.com\/de\/biglietti\/","title":{"rendered":"TICKETS 2022"},"content":{"rendered":"\n<figure class=\"wp-block-image size-full\"><img loading=\"lazy\" decoding=\"async\" width=\"480\" height=\"640\" src=\"https:\/\/mittelfest.nelquadrato.com\/wp-content\/uploads\/2022\/06\/Mittelfest_prova-Biglietteria-1.jpeg\" alt=\"\" class=\"wp-image-23700\" srcset=\"https:\/\/mittelfest.nelquadrato.com\/wp-content\/uploads\/2022\/06\/Mittelfest_prova-Biglietteria-1.jpeg 480w, https:\/\/mittelfest.nelquadrato.com\/wp-content\/uploads\/2022\/06\/Mittelfest_prova-Biglietteria-1-225x300.jpeg 225w\" sizes=\"auto, (max-width: 480px) 100vw, 480px\" \/><\/figure>\n\n\n\n<p><strong>INFORMATIONSB\u00dcRO<\/strong><\/p>\n\n\n\n<p>Borgo di Ponte \u2013 Cividale del Friuli<br>TEL. 0432 \/ 733 966<\/p>\n\n\n\n<p>ZEITPLAN<br>Vom 16. Juni bis 21. Juli:<br>11.00 &#8211; 13.00 \/ 17.00 &#8211; 19.00<\/p>\n\n\n\n<p>Vom 22. bis 31. Juli:<br>11.00 &#8211; 13.00 \/ 17.00 &#8211; 22.00<\/p>\n\n\n\n<p>ABGESCHLOSSEN<br>Montag 20\/27 Juni, 4\/11 Juli<\/p>\n\n\n\n<hr class=\"wp-block-separator has-alpha-channel-opacity\"\/>\n\n\n\n<p><strong>MITTELSHOP INFO<\/strong><br>Il Curt\u00eel di Firmine<br>Via A. Manzoni &#8211; Cividale del Friuli<\/p>\n\n\n\n<p>ZEITPLAN<br>Vom 1. bis 3. Juli: 10.00 &#8211; 12.00 \/ 17.00 \u2013 19.00<br>Vom 8. bis 10. Juli: 10.00 &#8211; 12.00 \/ 17.00 \u2013 19.00<br>Vom 21. bis 31 Juli: 10.00 &#8211; 12.00 \/ 17.00 \u2013 19.00<\/p>\n\n\n\n<hr class=\"wp-block-separator has-alpha-channel-opacity\"\/>\n\n\n\n<figure class=\"wp-block-image size-full\"><img loading=\"lazy\" decoding=\"async\" width=\"427\" height=\"531\" src=\"https:\/\/mittelfest.nelquadrato.com\/wp-content\/uploads\/2022\/06\/Schermata-2022-06-07-alle-18.01.16.png\" alt=\"\" class=\"wp-image-23746\" srcset=\"https:\/\/mittelfest.nelquadrato.com\/wp-content\/uploads\/2022\/06\/Schermata-2022-06-07-alle-18.01.16.png 427w, https:\/\/mittelfest.nelquadrato.com\/wp-content\/uploads\/2022\/06\/Schermata-2022-06-07-alle-18.01.16-241x300.png 241w\" sizes=\"auto, (max-width: 427px) 100vw, 427px\" \/><\/figure>\n\n\n\n<p><strong>FAHRKARTENSCHALTER<\/strong><\/p>\n\n\n\n<p>Borgo di Ponte &#8211; Cividale del Friuli<br>TEL. 0432 \/ 734 316<\/p>\n\n\n\n<p>ZEITPLAN<br>Vom 16. Juni bis 21. Juli: 11.00 &#8211; 13.00 \/ 17.00 &#8211; 19.00<\/p>\n\n\n\n<p>Vom 22. bis 31. Juli: 11.00 &#8211; 13.00 \/ 17.00 &#8211; 22.00<\/p>\n\n\n\n<p>ABGESCHLOSSEN<br>Montag 20\/27 Juni, 4\/11 Juli<\/p>\n\n\n\n<hr class=\"wp-block-separator has-alpha-channel-opacity\"\/>\n\n\n\n<p><strong>TICKETS IM WEB<\/strong><br>Tickets sind ab DIENSTAG, 21. JUNI UM 11.00 Uhr online und in den Vivaticket-Shops erh\u00e4ltlich<\/p>\n\n\n\n<p>Online verkaufen: <a href=\"https:\/\/www.vivaticket.it\"><mark style=\"background-color:rgba(0, 0, 0, 0)\" class=\"has-inline-color has-vivid-cyan-blue-color\">https:\/\/www.vivaticket.it<\/mark><\/a><br>Call center Vivaticket 892.234<br>Vivaticket-Shops: <a href=\"https:\/\/www.vivaticket.it\/ita\/ricercapv\"><mark style=\"background-color:rgba(0, 0, 0, 0)\" class=\"has-inline-color has-vivid-cyan-blue-color\">https:\/\/www.vivaticket.it\/ita\/ricercapv<\/mark><\/a><\/p>\n\n\n\n<figure class=\"wp-block-image size-full\"><img loading=\"lazy\" decoding=\"async\" width=\"916\" height=\"634\" src=\"https:\/\/mittelfest.nelquadrato.com\/wp-content\/uploads\/2022\/06\/Schermata-2022-06-07-alle-17.16.44.png\" alt=\"\" class=\"wp-image-23706\" srcset=\"https:\/\/mittelfest.nelquadrato.com\/wp-content\/uploads\/2022\/06\/Schermata-2022-06-07-alle-17.16.44.png 916w, https:\/\/mittelfest.nelquadrato.com\/wp-content\/uploads\/2022\/06\/Schermata-2022-06-07-alle-17.16.44-300x208.png 300w, https:\/\/mittelfest.nelquadrato.com\/wp-content\/uploads\/2022\/06\/Schermata-2022-06-07-alle-17.16.44-768x532.png 768w\" sizes=\"auto, (max-width: 916px) 100vw, 916px\" \/><\/figure>\n\n\n\n<hr class=\"wp-block-separator has-alpha-channel-opacity\"\/>\n\n\n\n<p>ABONNEMENTS<br>Nur nach Vereinbarung tel. 0432 \/ 734 316 oder <a href=\"mailto:biglietteriamittelfest@gmail.com\"><mark style=\"background-color:rgba(0, 0, 0, 0)\" class=\"has-inline-color has-vivid-cyan-blue-color\">biglietteriamittelfest@gmail.com<\/mark><\/a><br>Vom 16. Juni bis 21. Juli: 11.00 &#8211; 13.00 \/ 17.00 &#8211; 19.00<br>Vom 22. bis 31. Juli: 11.00 &#8211; 13.00 \/ 17.00 &#8211; 22.00<\/p>\n\n\n\n<p>ABGESCHLOSSEN<br>Montag 20\/27 Juni, 4\/11 Juli<\/p>\n\n\n\n<figure class=\"wp-block-table\"><table><tbody><tr><td><strong>ABONNEMENTS MIT AUSWAHL DER SHOWS<\/strong><\/td><td>Voll<\/td><td>Reduktion*<\/td><td>Jung**<\/td><\/tr><tr><td><strong>Mittelfest 20<\/strong><\/td><td>215,00\u20ac<\/td><td>170,00\u20ac<\/td><td>156,00\u20ac<\/td><\/tr><tr><td><strong>Mittelfest 18<\/strong><\/td><td>198,00\u20ac<\/td><td>156,00\u20ac<\/td><td>144,00\u20ac<\/td><\/tr><tr><td><strong>Mittelfest 12<\/strong><\/td><td>144,00\u20ac<\/td><td>132,00\u20ac<\/td><td>120,00\u20ac<\/td><\/tr><tr><td><strong>Mittelfest 7<\/strong><\/td><td>98,00\u20ac<\/td><td>84,00\u20ac<\/td><td>77,00\u20ac<\/td><\/tr><tr><td><strong>Mittelfest 5<\/strong><\/td><td>70,00\u20ac<\/td><td>65,00\u20ac<\/td><td>60,00\u20ac<\/td><\/tr><\/tbody><\/table><\/figure>\n\n\n\n<p><strong>No abonnements 7 und5:<br><\/strong>La Rappresentante di Lista #symphonic #mymammatour<br>Rosada!<\/p>\n\n\n\n<p><strong>REDUKTION<\/strong>* \u00fcber 65 Jahre alt, Kontoinhaber Banca di Cividale SpA, Einwohner von Cividale del Friuli, Inhaber der FVG CARD, Mitglied von Fogol\u00e2rs Furlans di Ente Friuli Nel Mondo, FAI, Gruppen nach Vereinbarung<br><strong>JUNG**<\/strong> bis 26 Jahre alt<br>Kinder: freier Eintritt bis 6 Jahre mit obligatorischer Reservierung \u00fcber Info Point oder E-Mail <a href=\"mailto:biglietteriamittelfest@gmail.com\">biglietteriamittelfest@gmail.com<\/a><\/p>\n\n\n\n<hr class=\"wp-block-separator has-alpha-channel-opacity\"\/>\n\n\n\n<figure class=\"wp-block-image size-full\"><img loading=\"lazy\" decoding=\"async\" width=\"600\" height=\"514\" src=\"https:\/\/mittelfest.nelquadrato.com\/wp-content\/uploads\/2022\/06\/Schermata-2022-06-07-alle-18.00.20.png\" alt=\"\" class=\"wp-image-23740\" srcset=\"https:\/\/mittelfest.nelquadrato.com\/wp-content\/uploads\/2022\/06\/Schermata-2022-06-07-alle-18.00.20.png 600w, https:\/\/mittelfest.nelquadrato.com\/wp-content\/uploads\/2022\/06\/Schermata-2022-06-07-alle-18.00.20-300x257.png 300w\" sizes=\"auto, (max-width: 600px) 100vw, 600px\" \/><\/figure>\n\n\n\n<figure class=\"wp-block-table\"><table><tbody><tr><td><strong>PROGETTO FAMIGLIA<\/strong><\/td><td>Erwachsene<\/td><td>Kinder 6-12 Jahre alt<\/td><\/tr><tr><td><strong>Mr. Moon<\/strong><\/td><td>10,00\u20ac<\/td><td>2,00\u20ac<\/td><\/tr><tr><td><strong>Kuku<\/strong><\/td><td>10,00\u20ac<\/td><td>2,00\u20ac<\/td><\/tr><tr><td><strong>Pizz&#8217;n&#8217;Zip<\/strong><\/td><td>10,00\u20ac<\/td><td>2,00\u20ac<\/td><\/tr><\/tbody><\/table><\/figure>\n\n\n\n<hr class=\"wp-block-separator has-alpha-channel-opacity\"\/>\n\n\n\n<figure class=\"wp-block-image size-full\"><img loading=\"lazy\" decoding=\"async\" width=\"708\" height=\"505\" src=\"https:\/\/mittelfest.nelquadrato.com\/wp-content\/uploads\/2022\/06\/Schermata-2022-06-07-alle-17.59.01.png\" alt=\"\" class=\"wp-image-23735\" srcset=\"https:\/\/mittelfest.nelquadrato.com\/wp-content\/uploads\/2022\/06\/Schermata-2022-06-07-alle-17.59.01.png 708w, https:\/\/mittelfest.nelquadrato.com\/wp-content\/uploads\/2022\/06\/Schermata-2022-06-07-alle-17.59.01-300x214.png 300w\" sizes=\"auto, (max-width: 708px) 100vw, 708px\" \/><\/figure>\n\n\n\n<div class=\"wp-block-columns is-layout-flex wp-container-core-columns-is-layout-9d6595d7 wp-block-columns-is-layout-flex\">\n<div class=\"wp-block-column is-layout-flow wp-block-column-is-layout-flow\" style=\"flex-basis:100%\">\n<figure class=\"wp-block-table\"><table><tbody><tr><td><strong>CARNET AMICI<\/strong> <\/td><td><\/td><\/tr><tr><td><strong>Carnet amici 12<\/strong><\/td><td>144,00\u20ac<\/td><\/tr><tr><td><strong>Carnet amici 6<\/strong><\/td><td>78,00\u20ac<\/td><\/tr><tr><td><strong>Carnet amici 4<\/strong><\/td><td>56,00\u20ac<\/td><\/tr><\/tbody><\/table><\/figure>\n<\/div>\n<\/div>\n\n\n\n<p><strong>Nicht f\u00fcr diese Sendungen: <\/strong><br>La Rappresentante di Lista #symphonic #mymammatour<br>Rosada!<\/p>\n\n\n\n<p><strong>CARD MITTELYOUNG<\/strong><br>Ein Ticket f\u00fcr die drei Shows der Auswahl 2022 Mittelyoung: 24,00\u20ac<\/p>\n\n\n\n<hr class=\"wp-block-separator has-alpha-channel-opacity\"\/>\n\n\n\n<figure class=\"wp-block-image size-full\"><img loading=\"lazy\" decoding=\"async\" width=\"499\" height=\"406\" src=\"https:\/\/mittelfest.nelquadrato.com\/wp-content\/uploads\/2022\/06\/Schermata-2022-06-07-alle-18.02.19.png\" alt=\"\" class=\"wp-image-23752\" srcset=\"https:\/\/mittelfest.nelquadrato.com\/wp-content\/uploads\/2022\/06\/Schermata-2022-06-07-alle-18.02.19.png 499w, https:\/\/mittelfest.nelquadrato.com\/wp-content\/uploads\/2022\/06\/Schermata-2022-06-07-alle-18.02.19-300x244.png 300w\" sizes=\"auto, (max-width: 499px) 100vw, 499px\" \/><\/figure>\n\n\n\n<p><strong>TICKETS <\/strong>(<strong>tel. 0432 \/ 734 316<\/strong>)<br>Vom 16. Juni bis 21. Juli: 11.00 &#8211; 13.00 \/ 17.00 &#8211; 19.00<\/p>\n\n\n\n<p>Vom 22. bis 31. Juli: 11.00 &#8211; 13.00 \/ 17.00 &#8211; 22.00<\/p>\n\n\n\n<p>ABGESCHLOSSEN<br>Montag 20\/27 Juni, 4\/11 Juli<\/p>\n\n\n\n<p><\/p>\n\n\n\n<p><strong><strong>TICKETS<\/strong> 10\u20ac<br><\/strong>Nymphs<br>Assenza Sparsa<br>Vacation from Love<br>Death and Birth in my life<br>More than meets the ear<\/p>\n\n\n\n<p><strong><strong>TICKETS<\/strong> 10\u20ac F\u00dcR ERWACHSENE UND 2\u20ac F\u00dcR KINDER VON 6 &#8211; 12 JAHREN<\/strong><br>Mr. Moon<br>KuKu<br>Pizz\u2019n\u2019Zip<\/p>\n\n\n\n<p><strong><strong>TICKETS<\/strong> 10\u20ac F\u00dcR ERWACHSENE UND 5\u20ac F\u00dcR KINDER VON 6 &#8211; 12 JAHREN<\/strong><br>Progetto Tempesta<\/p>\n\n\n\n<p><strong><strong>TICKETS<\/strong> 15\u20ac\/13\u20ac\/10\u20ac<\/strong><br>Pier Paolo Suite<br>Apollon Socrag\u00e8te<br>Borderless body &#8211; first steps<br>Simmetrie oblique<br>Vizijos-Le visioni di Vytautas Ma\u010dernis<br>D\u00e9j\u00e0 Walk<\/p>\n\n\n\n<p><strong><strong><strong><strong>TICKETS<\/strong><\/strong><\/strong> 18\u20ac\/15\u20ac\/13\u20ac<\/strong><br>One One One<br>Lasa pur dir\/Pusti naj govorijo<br>Impreviste Eufonie<br>Take Care of Yourself<br>Stand-Alones<br>Ma\u00e7alizi (Massacro)<\/p>\n\n\n\n<p><strong><strong><strong><strong>TICKETS<\/strong><\/strong><\/strong> 20\u20ac\/18\u20ac\/15\u20ac<\/strong><br>La singolarit\u00e0 di Schwarzschild<br>The Handke Project<br>Il silenzio in cima al mondo<br>Unspeakable Joys<br>Onde (Sonore)<br>The Untamed\/Il Selvaggio<br>Promises of Uncertainty<br>Sonate all\u2019improvviso<\/p>\n\n\n\n<p><strong><strong><strong><strong>TICKETS<\/strong> <\/strong><\/strong>25\u20ac\/20\u20ac\/18\u20ac<\/strong><br>Rosada!<\/p>\n\n\n\n<p><strong><strong><strong>TICKETS<\/strong><\/strong> 25\u20ac\/20\u20ac\/18\u20ac\/15\u20ac<\/strong><br>La Rappresentante di Lista #symphonic#MyMammatour<\/p>\n\n\n\n<hr class=\"wp-block-separator has-alpha-channel-opacity\"\/>\n\n\n\n<figure class=\"wp-block-image size-full\"><img loading=\"lazy\" decoding=\"async\" width=\"340\" height=\"513\" src=\"https:\/\/mittelfest.nelquadrato.com\/wp-content\/uploads\/2022\/06\/Schermata-2022-06-07-alle-18.02.56.png\" alt=\"\" class=\"wp-image-23758\" srcset=\"https:\/\/mittelfest.nelquadrato.com\/wp-content\/uploads\/2022\/06\/Schermata-2022-06-07-alle-18.02.56.png 340w, https:\/\/mittelfest.nelquadrato.com\/wp-content\/uploads\/2022\/06\/Schermata-2022-06-07-alle-18.02.56-199x300.png 199w\" sizes=\"auto, (max-width: 340px) 100vw, 340px\" \/><\/figure>\n\n\n\n<p><strong>PROGETTO CULTURA<\/strong><br>Die ersten 200 Zuschauer von DEATH AND BIRTH IN MY LIFE erhalten eine Freikarte f\u00fcr den Besuch des Museo Archeologico Nazionale Cividale<\/p>\n\n\n\n<p><\/p>\n","protected":false},"excerpt":{"rendered":"<p>INFORMATIONSB\u00dcRO Borgo di Ponte \u2013 Cividale del FriuliTEL. 0432 \/ 733 966 ZEITPLANVom 16. Juni bis 21. Juli:11.00 &#8211; 13.00 \/ 17.00 &#8211; 19.00 Vom 22. bis 31. Juli:11.00 &#8211; 13.00 \/ 17.00 &#8211; 22.00 ABGESCHLOSSENMontag 20\/27 Juni, 4\/11 Juli MITTELSHOP INFOIl Curt\u00eel di FirmineVia A. Manzoni &#8211; Cividale del Friuli ZEITPLANVom 1. bis 3.<\/p>\n<div class=\"mt-4\"><a href=\"https:\/\/mittelfest.nelquadrato.com\/de\/biglietti\/\" class=\"ondina ondina--nera font-semi-bold\">Alle lesen<\/a><\/div>\n","protected":false},"author":3,"featured_media":0,"parent":0,"menu_order":0,"comment_status":"closed","ping_status":"closed","template":"","meta":{"footnotes":"","_links_to":"","_links_to_target":""},"class_list":["post-6548","page","type-page","status-publish","hentry"],"yoast_head":"<!-- This site is optimized with the Yoast SEO plugin v16.1.1 - https:\/\/yoast.com\/wordpress\/plugins\/seo\/ -->\n<title>TICKETS 2022 - Mittelfest<\/title>\n<link rel=\"canonical\" href=\"https:\/\/mittelfest.nelquadrato.com\/de\/biglietti\/\" \/>\n<meta property=\"og:locale\" content=\"de_DE\" \/>\n<meta property=\"og:type\" content=\"article\" \/>\n<meta property=\"og:title\" content=\"TICKETS 2022 - Mittelfest\" \/>\n<meta property=\"og:description\" content=\"INFORMATIONSB\u00dcRO Borgo di Ponte \u2013 Cividale del FriuliTEL. 0432 \/ 733 966 ZEITPLANVom 16. Juni bis 21. Juli:11.00 &#8211; 13.00 \/ 17.00 &#8211; 19.00 Vom 22. bis 31. Juli:11.00 &#8211; 13.00 \/ 17.00 &#8211; 22.00 ABGESCHLOSSENMontag 20\/27 Juni, 4\/11 Juli MITTELSHOP INFOIl Curt\u00eel di FirmineVia A. Manzoni &#8211; Cividale del Friuli ZEITPLANVom 1. bis 3.Alle lesen\" \/>\n<meta property=\"og:url\" content=\"https:\/\/mittelfest.nelquadrato.com\/de\/biglietti\/\" \/>\n<meta property=\"og:site_name\" content=\"Mittelfest\" \/>\n<meta property=\"article:publisher\" content=\"https:\/\/www.facebook.com\/mittelfest\" \/>\n<meta property=\"article:modified_time\" content=\"2022-10-20T09:09:10+00:00\" \/>\n<meta property=\"og:image\" content=\"https:\/\/mittelfest.nelquadrato.com\/wp-content\/uploads\/2022\/06\/Mittelfest_prova-Biglietteria-1.jpeg\" \/>\n<meta name=\"twitter:card\" content=\"summary_large_image\" \/>\n<meta name=\"twitter:label1\" content=\"Est. reading time\">\n\t<meta name=\"twitter:data1\" content=\"4 minutes\">\n<script type=\"application\/ld+json\" class=\"yoast-schema-graph\">{\"@context\":\"https:\/\/schema.org\",\"@graph\":[{\"@type\":\"WebSite\",\"@id\":\"https:\/\/mittelfest.nelquadrato.com\/de\/#website\",\"url\":\"https:\/\/mittelfest.nelquadrato.com\/de\/\",\"name\":\"Mittelfest\",\"description\":\"\",\"potentialAction\":[{\"@type\":\"SearchAction\",\"target\":\"https:\/\/mittelfest.nelquadrato.com\/de\/?s={search_term_string}\",\"query-input\":\"required name=search_term_string\"}],\"inLanguage\":\"de-DE\"},{\"@type\":\"ImageObject\",\"@id\":\"https:\/\/mittelfest.nelquadrato.com\/de\/biglietti\/#primaryimage\",\"inLanguage\":\"de-DE\",\"url\":\"https:\/\/mittelfest.nelquadrato.com\/wp-content\/uploads\/2022\/06\/Mittelfest_prova-Biglietteria-1.jpeg\",\"contentUrl\":\"https:\/\/mittelfest.nelquadrato.com\/wp-content\/uploads\/2022\/06\/Mittelfest_prova-Biglietteria-1.jpeg\",\"width\":480,\"height\":640},{\"@type\":\"WebPage\",\"@id\":\"https:\/\/mittelfest.nelquadrato.com\/de\/biglietti\/#webpage\",\"url\":\"https:\/\/mittelfest.nelquadrato.com\/de\/biglietti\/\",\"name\":\"TICKETS 2022 - Mittelfest\",\"isPartOf\":{\"@id\":\"https:\/\/mittelfest.nelquadrato.com\/de\/#website\"},\"primaryImageOfPage\":{\"@id\":\"https:\/\/mittelfest.nelquadrato.com\/de\/biglietti\/#primaryimage\"},\"datePublished\":\"2021-05-25T15:24:42+00:00\",\"dateModified\":\"2022-10-20T09:09:10+00:00\",\"breadcrumb\":{\"@id\":\"https:\/\/mittelfest.nelquadrato.com\/de\/biglietti\/#breadcrumb\"},\"inLanguage\":\"de-DE\",\"potentialAction\":[{\"@type\":\"ReadAction\",\"target\":[\"https:\/\/mittelfest.nelquadrato.com\/de\/biglietti\/\"]}]},{\"@type\":\"BreadcrumbList\",\"@id\":\"https:\/\/mittelfest.nelquadrato.com\/de\/biglietti\/#breadcrumb\",\"itemListElement\":[{\"@type\":\"ListItem\",\"position\":1,\"item\":{\"@type\":\"WebPage\",\"@id\":\"https:\/\/mittelfest.nelquadrato.com\/de\/\",\"url\":\"https:\/\/mittelfest.nelquadrato.com\/de\/\",\"name\":\"Home\"}},{\"@type\":\"ListItem\",\"position\":2,\"item\":{\"@type\":\"WebPage\",\"@id\":\"https:\/\/mittelfest.nelquadrato.com\/de\/biglietti\/\",\"url\":\"https:\/\/mittelfest.nelquadrato.com\/de\/biglietti\/\",\"name\":\"TICKETS 2022\"}}]}]}<\/script>\n<!-- \/ Yoast SEO plugin. -->","_links":{"self":[{"href":"https:\/\/mittelfest.nelquadrato.com\/de\/wp-json\/wp\/v2\/pages\/6548","targetHints":{"allow":["GET"]}}],"collection":[{"href":"https:\/\/mittelfest.nelquadrato.com\/de\/wp-json\/wp\/v2\/pages"}],"about":[{"href":"https:\/\/mittelfest.nelquadrato.com\/de\/wp-json\/wp\/v2\/types\/page"}],"author":[{"embeddable":true,"href":"https:\/\/mittelfest.nelquadrato.com\/de\/wp-json\/wp\/v2\/users\/3"}],"replies":[{"embeddable":true,"href":"https:\/\/mittelfest.nelquadrato.com\/de\/wp-json\/wp\/v2\/comments?post=6548"}],"version-history":[{"count":12,"href":"https:\/\/mittelfest.nelquadrato.com\/de\/wp-json\/wp\/v2\/pages\/6548\/revisions"}],"predecessor-version":[{"id":30781,"href":"https:\/\/mittelfest.nelquadrato.com\/de\/wp-json\/wp\/v2\/pages\/6548\/revisions\/30781"}],"wp:attachment":[{"href":"https:\/\/mittelfest.nelquadrato.com\/de\/wp-json\/wp\/v2\/media?parent=6548"}],"curies":[{"name":"wp","href":"https:\/\/api.w.org\/{rel}","templated":true}]}}