{"id":1492,"date":"2021-02-09T09:18:40","date_gmt":"2021-02-09T09:18:40","guid":{"rendered":"https:\/\/www.mittelfest.org\/chi-siamo\/"},"modified":"2022-07-05T09:02:08","modified_gmt":"2022-07-05T08:02:08","slug":"chi-siamo","status":"publish","type":"page","link":"https:\/\/mittelfest.nelquadrato.com\/en\/chi-siamo\/","title":{"rendered":"About Us"},"content":{"rendered":"\n<p>Associazione Mittelfest is a recognised association that produces an international and multidisciplinary festival (theatre, music and dance) and operates, on the one hand, as a showcase for live entertainment in Italy, on the other as a cultural organisation rooted in the territory of Cividale del Friuli, in Friuli Venezia Giulia region. The Association acts as a bridge between Italy and Central Europe.<\/p>\n\n\n\n<p>Mittelfest was born in 1991, in a time of renewed dialogue between East and West in the framework of the Pentagonale initiative, which then included the governments of Italy, Austria, Yugoslavia, Czechoslovakia and Hungary, and over the years has extended to 19 Central and Eastern Europe countries, thus giving life to the Central European Initiative (CEI).<\/p>\n\n\n\n<p>In the first edition of the Festival the artistic direction was shared by five different personalities from as many countries: Giorgio Pressburger (Hungary\/Italy), Tom\u00e1s Ascher (Hungary), Jovan \u0106irilov (Yugoslavia), Ji\u0159i Menzel (Czechoslovakia) and George Tabori (Austria). For thirty years Mittelfest and its festival have offered a meeting place for different languages and cultures of Central Europe and the Balkans.<\/p>\n\n\n\n<p>Today, with theatre, music and dance, Mittelfest promotes dialogue between 27 European countries: Albania, Austria, Belarus, Belgium, Bosnia and Herzegovina, Bulgaria, Croatia, Estonia, Germany, Greece, Italy, Kosovo, Latvia, Lithuania, North Macedonia, Moldova, Montenegro, the Netherlands, Poland, the Czech Republic, Romania, Serbia, Slovakia, Slovenia, Switzerland, Ukraine&nbsp;and Hungary.<\/p>\n","protected":false},"excerpt":{"rendered":"<p>Associazione Mittelfest is a recognised association that produces an international and multidisciplinary festival (theatre, music and dance) and operates, on the one hand, as a showcase for live entertainment in Italy, on the other as a cultural organisation rooted in the territory of Cividale del Friuli, in Friuli Venezia Giulia region. The Association acts as<\/p>\n<div class=\"mt-4\"><a href=\"https:\/\/mittelfest.nelquadrato.com\/en\/chi-siamo\/\" class=\"ondina ondina--nera font-semi-bold\">Read more<\/a><\/div>\n","protected":false},"author":1,"featured_media":0,"parent":0,"menu_order":0,"comment_status":"closed","ping_status":"closed","template":"","meta":{"footnotes":"","_links_to":"","_links_to_target":""},"class_list":["post-1492","page","type-page","status-publish","hentry"],"yoast_head":"<!-- This site is optimized with the Yoast SEO plugin v16.1.1 - https:\/\/yoast.com\/wordpress\/plugins\/seo\/ -->\n<title>About Us - Mittelfest<\/title>\n<link rel=\"canonical\" href=\"https:\/\/mittelfest.nelquadrato.com\/en\/chi-siamo\/\" \/>\n<meta property=\"og:locale\" content=\"en_US\" \/>\n<meta property=\"og:type\" content=\"article\" \/>\n<meta property=\"og:title\" content=\"About Us - Mittelfest\" \/>\n<meta property=\"og:description\" content=\"Associazione Mittelfest is a recognised association that produces an international and multidisciplinary festival (theatre, music and dance) and operates, on the one hand, as a showcase for live entertainment in Italy, on the other as a cultural organisation rooted in the territory of Cividale del Friuli, in Friuli Venezia Giulia region. The Association acts asRead more\" \/>\n<meta property=\"og:url\" content=\"https:\/\/mittelfest.nelquadrato.com\/en\/chi-siamo\/\" \/>\n<meta property=\"og:site_name\" content=\"Mittelfest\" \/>\n<meta property=\"article:publisher\" content=\"https:\/\/www.facebook.com\/mittelfest\" \/>\n<meta property=\"article:modified_time\" content=\"2022-07-05T08:02:08+00:00\" \/>\n<meta property=\"og:image\" content=\"https:\/\/mittelfest.nelquadrato.com\/wp-content\/uploads\/2021\/03\/foto-home_v1.jpg\" \/>\n\t<meta property=\"og:image:width\" content=\"2048\" \/>\n\t<meta property=\"og:image:height\" content=\"1152\" \/>\n<meta name=\"twitter:card\" content=\"summary_large_image\" \/>\n<meta name=\"twitter:label1\" content=\"Est. reading time\">\n\t<meta name=\"twitter:data1\" content=\"1 minute\">\n<script type=\"application\/ld+json\" class=\"yoast-schema-graph\">{\"@context\":\"https:\/\/schema.org\",\"@graph\":[{\"@type\":\"WebSite\",\"@id\":\"https:\/\/mittelfest.nelquadrato.com\/en\/#website\",\"url\":\"https:\/\/mittelfest.nelquadrato.com\/en\/\",\"name\":\"Mittelfest\",\"description\":\"\",\"potentialAction\":[{\"@type\":\"SearchAction\",\"target\":\"https:\/\/mittelfest.nelquadrato.com\/en\/?s={search_term_string}\",\"query-input\":\"required name=search_term_string\"}],\"inLanguage\":\"en-US\"},{\"@type\":\"WebPage\",\"@id\":\"https:\/\/mittelfest.nelquadrato.com\/en\/chi-siamo\/#webpage\",\"url\":\"https:\/\/mittelfest.nelquadrato.com\/en\/chi-siamo\/\",\"name\":\"About Us - Mittelfest\",\"isPartOf\":{\"@id\":\"https:\/\/mittelfest.nelquadrato.com\/en\/#website\"},\"datePublished\":\"2021-02-09T09:18:40+00:00\",\"dateModified\":\"2022-07-05T08:02:08+00:00\",\"breadcrumb\":{\"@id\":\"https:\/\/mittelfest.nelquadrato.com\/en\/chi-siamo\/#breadcrumb\"},\"inLanguage\":\"en-US\",\"potentialAction\":[{\"@type\":\"ReadAction\",\"target\":[\"https:\/\/mittelfest.nelquadrato.com\/en\/chi-siamo\/\"]}]},{\"@type\":\"BreadcrumbList\",\"@id\":\"https:\/\/mittelfest.nelquadrato.com\/en\/chi-siamo\/#breadcrumb\",\"itemListElement\":[{\"@type\":\"ListItem\",\"position\":1,\"item\":{\"@type\":\"WebPage\",\"@id\":\"https:\/\/mittelfest.nelquadrato.com\/en\/\",\"url\":\"https:\/\/mittelfest.nelquadrato.com\/en\/\",\"name\":\"Home\"}},{\"@type\":\"ListItem\",\"position\":2,\"item\":{\"@type\":\"WebPage\",\"@id\":\"https:\/\/mittelfest.nelquadrato.com\/en\/chi-siamo\/\",\"url\":\"https:\/\/mittelfest.nelquadrato.com\/en\/chi-siamo\/\",\"name\":\"About Us\"}}]}]}<\/script>\n<!-- \/ Yoast SEO plugin. -->","_links":{"self":[{"href":"https:\/\/mittelfest.nelquadrato.com\/en\/wp-json\/wp\/v2\/pages\/1492","targetHints":{"allow":["GET"]}}],"collection":[{"href":"https:\/\/mittelfest.nelquadrato.com\/en\/wp-json\/wp\/v2\/pages"}],"about":[{"href":"https:\/\/mittelfest.nelquadrato.com\/en\/wp-json\/wp\/v2\/types\/page"}],"author":[{"embeddable":true,"href":"https:\/\/mittelfest.nelquadrato.com\/en\/wp-json\/wp\/v2\/users\/1"}],"replies":[{"embeddable":true,"href":"https:\/\/mittelfest.nelquadrato.com\/en\/wp-json\/wp\/v2\/comments?post=1492"}],"version-history":[{"count":10,"href":"https:\/\/mittelfest.nelquadrato.com\/en\/wp-json\/wp\/v2\/pages\/1492\/revisions"}],"predecessor-version":[{"id":24921,"href":"https:\/\/mittelfest.nelquadrato.com\/en\/wp-json\/wp\/v2\/pages\/1492\/revisions\/24921"}],"wp:attachment":[{"href":"https:\/\/mittelfest.nelquadrato.com\/en\/wp-json\/wp\/v2\/media?parent=1492"}],"curies":[{"name":"wp","href":"https:\/\/api.w.org\/{rel}","templated":true}]}}