{"id":2038,"date":"2021-03-30T16:36:27","date_gmt":"2021-03-30T15:36:27","guid":{"rendered":"https:\/\/www.mittelfest.org\/2020-empatia\/"},"modified":"2021-04-01T09:25:36","modified_gmt":"2021-04-01T08:25:36","slug":"2020-empatia","status":"publish","type":"page","link":"https:\/\/mittelfest.nelquadrato.com\/en\/2020-empatia\/","title":{"rendered":"2020 &#8211; #empatia"},"content":{"rendered":"\n<p><strong>IL TERZO REICH<\/strong><br>video installation di Romeo Castellucci<br>sounds di Scott Gibbons<br>performer Gloria Dorliguzzo<br>production Societas<br><em>Chiesa San Francesco<\/em><\/p>\n\n\n\n<p><strong>EmpatiAR \u2013 MITTELFEST CIVIDALE DIGITAL INSTALLAZIONE MULTIMEDIALE IN REALT\u00c0 AUMENTATA<\/strong><br>artist Massimo De Mattia<br>composition &#8211; flutes video shooting Antonio Giacomin<br>audio shooting Gianluca La Boria<br>mixing and mastering Stefano Amerio<br>artistic direction Luca A. d\u2019Agostino<br><em>Museo Archeologico Nazionale<\/em><\/p>\n\n\n\n<p><strong>PANICO MA ROSA \u2013 DAL DIARIO DI UN NON INTUBABILE<\/strong><br>written, directed and performed by Alessandro Benvenuti&nbsp;<br>music by Vanni Cassori<br>production Arca Azzurra Produzioni<br><em>Teatro Ristori<\/em><\/p>\n\n\n\n<p><strong>PER UN NUOVO MONDO<\/strong><br>music by W.A. Mozart, A. Dvo\u0159\u00e1k FVG Orchestra<br>Annamaria Dell\u2019Oste soprano&nbsp;<br>Laura Polverelli mezzosoprano&nbsp;<br>Antonino Siragusa tenore<br>Simone D\u2019Eusanio basso<br>Coro del Friuli Venezia Giulia<br>Cristiano Dell\u2019Oste choirmaster<br>Filippo Maria Bressan director<br>production FVG Orchestra<br><em>Duomo Santa Maria Assunta<\/em><\/p>\n\n\n\n<p><strong>IL CICLO DELLA FALSIFICAZIONE \/ THE FALSIFY CYCLE<\/strong><br>Akim Moiseenkov<br>music by L. v. Beethoven e A. Moiseenkov&nbsp;<br>co-production Wonderfeel e Mittelfest 2020<br>Mittelfest event supported by Dutch Performing Arts<br><em>Chiesa Santa Maria dei Battuti<\/em><\/p>\n\n\n\n<p><strong>DEVE TRATTARSI DI AUTENTICO AMORE PER LA VITA<\/strong><br>Dramaturgical elaboration by Giulia Calligaro&nbsp;<br>from the diaries of Etty Hillesum<br>with Maddalena Crippa voice<br>and Gian Mario Conti harp and harmonica<br><em>Teatro Ristori<\/em><\/p>\n\n\n\n<p><strong>SEGNALE D\u2019ALLARME \/ LA MIA BATTAGLIA VR&nbsp;<\/strong><br>Based on the play La mia battaglia<br>written by Elio Germano and Chiara Lagani<br>with Elio Germano (in virtual reality)<br>directed by Elio Germano and Omar Rashid<br>production Gold, Infinito, Riccione Teatro<br><em>Sala Civibank<\/em><\/p>\n\n\n\n<p><strong>IMMACULATA<\/strong><br><strong>Homage to Toma\u017e Pandur<\/strong><br>From the novel Mary&#8217;s testament by Colm T\u00f3ib\u00edn<br>adaptation and dramaturgy by Livija Pandur and Toma\u017e Pandur<br>with Nata\u0161a Matja\u0161ec Ro\u0161ker<br>production SNG Maribor<br>Thanks to Teatro Stabile Sloveno di Trieste for the translation of the text<br><em>Teatro Ristori<\/em><\/p>\n\n\n\n<p><strong>FINCH\u00c8 MORTE NON CI SEPARI \/ TILL DEATH DO US PART<\/strong><br>by Mira Furlan<br>directed by Miki Manojlovi\u0107<br>with Anita Man\u010di\u0107, Jasna \u00d0uri\u010di\u0107, Miki Manojlovi\u0107, Jovana Gavrilovi\u0107<br>production Radionica Integracije<br><em>Chiesa San Francesco<\/em><\/p>\n\n\n\n<p><strong>HURT\/HEART<\/strong><br>Michele Marco Rossi violoncello<br>music by K. Penderecki, J. M. Dall&#8217;Abaco, G. Aperghis, E. Poppe, G. Sollima, F. Donatoni, F. De Andr\u00e9 <br>production Mittelfest 2020<br><em>Teatro Ristori<\/em><\/p>\n\n\n\n<p><strong>The GREATEST Show \u2013 GLOBAL RELOCATION OF EVOLVED APES TOWARDS EXOPLANET SUITABLE FOR TERRAFORMATION \/ RICOLLOCAZIONE GLOBALE DELLE SCIMMIE EVOLUTE IN UN ESOPIANETA ADATTO ALLA RICREAZIONE DELLA TERRA<\/strong><br>Tin Men and the Telephone<br>Tony Roe piano, synthesiser, imaging<br>Pat Cleaver bass<br>Jamie Peet percussion<br>production Tin Men and the Telephone<br>Mittelfest event supported by Dutch Performing Arts<br><em>Chiesa San Francesco<\/em><\/p>\n\n\n\n<p><strong>DANNATAMENTE LIBERO \/ PRETTY DAMN FREE<\/strong><br>text by Sonia Antinori<br>with Bintou Ouattara<br>musical accompaniment by Ousmane Coulibaly and Souleymane Diabate<br>coordination and direction by Filippo Ughi<br>co-production Piccoli Idilli and Mittelfest 2020<br><em>Chiesa Santa Maria dei Battuti<\/em><\/p>\n\n\n\n<p><strong>MUHAMMAD<\/strong><br>Ikarai Ensemble<br>production Ikarai<br>Mittelfest event supported by Dutch Performing Arts<br><em>Chiesa San Francesco<\/em><\/p>\n\n\n\n<p><strong>APPASSIONATA<\/strong><br>Gala Chistiakova pianoforte<br>music by L. van Beethoven e I. Stravinskij<br>in collaboration with Piano FVG &#8211; International Piano Competition of Friuli Venezia Giulia<br><em>Chiesa San Francesco<\/em><\/p>\n\n\n\n<p><strong>MISERICORDIA<\/strong><br>written and directed by Emma Dante<br>with Italia Carroccio, Manuela Lo Sicco, Leonarda Saffi, Simone Zambelli<br>production Piccolo Teatro di Milano &#8211; Teatro d&#8217;Europa, Teatro Biondo di Palermo, Atto Unico \/ Compagnia Sud Costa Occidentale<br>event in collaboration with CSS Teatro Stabile d&#8217;Innovazione del FVG<br><em>Teatro Palamostre (Udine)<\/em><\/p>\n\n\n\n<p><strong>IL ROVESCIO<\/strong><br>choreography Marta Bevilacqua<br>with Alejandro Bonn, Angelica Margherita, Gioia Martinelli, Carolina Alessandra Valentini<br>music by Pink Floyd<br>surtitles taken from The Right and the Wrong by Albert Camus<br>production Compagnia Arearea and HangartFest &#8211; Pesaro 2019<br>with the support of Dialoghi\/Residenze delle arti performative a Villa Manin &#8211; CSS Teatro Stabile d&#8217;Innovazione del FVG e MiBACT<br><em>Teatro Ristori<\/em><\/p>\n\n\n\n<p><strong>SREBRENICA<\/strong><br>by and with Roberta Biagiarelli<br>consultancy Luca Rastello<br>directed by Simona Gonella<br>production Babelia<br><em>Chiesa Santa Maria dei Battuti<\/em><\/p>\n\n\n\n<p><strong>FOLK CELLO<\/strong><br>Giovanni Sollima cello<br>music by K. Vardapet, G. de Ruvo, J.S. Bach,<br>F. Corbetta, I. Cervantes, G. Sollima<br>traditional Albanian and Salento music<br><em>Chiesa San Francesco<\/em><\/p>\n\n\n\n<p><strong>MEDITATIONS<\/strong><br>Valentina Danelon violin<br>Nicoletta Sanzin harp<br>music by C. Debussy, V. Kikta, A. P\u00e4rt, J. Massenet, L. M. Tedeschi, A. Piazzolla<br>production Progetto Musica<br><em>Chiesa Santa Maria dei Battuti<\/em><\/p>\n\n\n\n<p><strong>19 LUGLIO 1985<\/strong>&nbsp;<strong>una tragedia alpina<\/strong><br>direction, scene and text by Filippo Andreatta<br>dramaturgy by Marco Bernardi<br>choirmaster, music and sound Davide Tomat<br>music by G. S. Ligeti, D. Lang and mountain singing Ensemble Vocale Continuum directed by Luigi Azzolini<br>production OHT | Office for Human Teatre, Romaeuropa Festival, Centro Santa Chiara Trento<br>in collaboration with Muta Imago<br><em>Teatro Ristori<\/em><\/p>\n\n\n\n<p><strong>PANDEMONIUM Narratives, piano voice and pandemonium instruments<\/strong><br>Vinicio Capossela&nbsp;<br>with Vincenzo Vasi<br>production International Music and Arts<br><em>Chiesa San Francesco<\/em><\/p>\n\n\n\n<p><strong>SCONFINATI<\/strong><br>Theatre concert on border worlds<br>Choir of Friuli Venezia Giulia<br>directed by Cristiano Dell&#8217;Oste<br>with Monica Mosolo and Alessandro Venier<br>Co-production Choir of Friuli Venezia Giulia and Mittelfest 2020<br><em>Chiesa San Francesco<\/em><\/p>\n\n\n\n<p><strong>EMPATIA<\/strong><br>music by L. van Beethoven, A. Skrjabin, F. Liszt, H. Cowell, G. Crumb, A. Ginastera<br>production Conservatorio G. Tartini of Trieste, Con- servatorio J. Tomadini of Udine, Associazione Progetto Musica and Mittelfest 2020<br><em>Chiesa Santa Maria dei Battuti<\/em><\/p>\n\n\n\n<p><strong>PHILHARMONIC STRING QUARTET<\/strong><br>Chamber Ensemble of the Berliner Philharmoniker<br>music by W. A. Mozart, F. J. Haydn, L. van Beethoven<br><em>Chiesa San Francesco<\/em><\/p>\n\n\n\n<p><strong>GIORGIO MAINERIO, UN MISTERI FURLAN<\/strong><br>conception and artistic direction Marco Maria Tosolini<br>dramaturgy and direction by Marco Maria Tosolini and Paolo Antonio Simioni<br>with Paolo Antonio Simioni, Massimiliano Sassi<br>ancient music Fabio Accurso<br>improvised electroacoustic music Angelo Comisso<br>sound landscapes Federico M\u00e0zzolo<br>production ARLeF Agjenzie Regjonal pe Lenghe Furlane and Mittelfest 2020<br><em>Teatro Ristor<\/em>i<\/p>\n","protected":false},"excerpt":{"rendered":"<p>IL TERZO REICHvideo installation di Romeo Castelluccisounds di Scott Gibbonsperformer Gloria Dorliguzzoproduction SocietasChiesa San Francesco EmpatiAR \u2013 MITTELFEST CIVIDALE DIGITAL INSTALLAZIONE MULTIMEDIALE IN REALT\u00c0 AUMENTATAartist Massimo De Mattiacomposition &#8211; flutes video shooting Antonio Giacominaudio shooting Gianluca La Boriamixing and mastering Stefano Amerioartistic direction Luca A. d\u2019AgostinoMuseo Archeologico Nazionale PANICO MA ROSA \u2013 DAL DIARIO DI<\/p>\n<div class=\"mt-4\"><a href=\"https:\/\/mittelfest.nelquadrato.com\/en\/2020-empatia\/\" class=\"ondina ondina--nera font-semi-bold\">Read more<\/a><\/div>\n","protected":false},"author":2,"featured_media":833,"parent":0,"menu_order":22,"comment_status":"closed","ping_status":"closed","template":"views\/template-edizione.blade.php","meta":{"footnotes":"","_links_to":"","_links_to_target":""},"class_list":["post-2038","page","type-page","status-publish","has-post-thumbnail","hentry"],"yoast_head":"<!-- This site is optimized with the Yoast SEO plugin v16.1.1 - https:\/\/yoast.com\/wordpress\/plugins\/seo\/ -->\n<title>2020 - #empatia - Mittelfest<\/title>\n<link rel=\"canonical\" href=\"https:\/\/mittelfest.nelquadrato.com\/en\/2020-empatia\/\" \/>\n<meta property=\"og:locale\" content=\"en_US\" \/>\n<meta property=\"og:type\" content=\"article\" \/>\n<meta property=\"og:title\" content=\"2020 - #empatia - Mittelfest\" \/>\n<meta property=\"og:description\" content=\"IL TERZO REICHvideo installation di Romeo Castelluccisounds di Scott Gibbonsperformer Gloria Dorliguzzoproduction SocietasChiesa San Francesco EmpatiAR \u2013 MITTELFEST CIVIDALE DIGITAL INSTALLAZIONE MULTIMEDIALE IN REALT\u00c0 AUMENTATAartist Massimo De Mattiacomposition &#8211; flutes video shooting Antonio Giacominaudio shooting Gianluca La Boriamixing and mastering Stefano Amerioartistic direction Luca A. d\u2019AgostinoMuseo Archeologico Nazionale PANICO MA ROSA \u2013 DAL DIARIO DIRead more\" \/>\n<meta property=\"og:url\" content=\"https:\/\/mittelfest.nelquadrato.com\/en\/2020-empatia\/\" \/>\n<meta property=\"og:site_name\" content=\"Mittelfest\" \/>\n<meta property=\"article:publisher\" content=\"https:\/\/www.facebook.com\/mittelfest\" \/>\n<meta property=\"article:modified_time\" content=\"2021-04-01T08:25:36+00:00\" \/>\n<meta property=\"og:image\" content=\"https:\/\/mittelfest.nelquadrato.com\/wp-content\/uploads\/2021\/02\/mittelfest2020-empatia-1.png\" \/>\n\t<meta property=\"og:image:width\" content=\"400\" \/>\n\t<meta property=\"og:image:height\" content=\"564\" \/>\n<meta name=\"twitter:card\" content=\"summary_large_image\" \/>\n<meta name=\"twitter:label1\" content=\"Est. reading time\">\n\t<meta name=\"twitter:data1\" content=\"4 minutes\">\n<script type=\"application\/ld+json\" class=\"yoast-schema-graph\">{\"@context\":\"https:\/\/schema.org\",\"@graph\":[{\"@type\":\"WebSite\",\"@id\":\"https:\/\/mittelfest.nelquadrato.com\/en\/#website\",\"url\":\"https:\/\/mittelfest.nelquadrato.com\/en\/\",\"name\":\"Mittelfest\",\"description\":\"\",\"potentialAction\":[{\"@type\":\"SearchAction\",\"target\":\"https:\/\/mittelfest.nelquadrato.com\/en\/?s={search_term_string}\",\"query-input\":\"required name=search_term_string\"}],\"inLanguage\":\"en-US\"},{\"@type\":\"ImageObject\",\"@id\":\"https:\/\/mittelfest.nelquadrato.com\/en\/2020-empatia\/#primaryimage\",\"inLanguage\":\"en-US\",\"url\":\"https:\/\/mittelfest.nelquadrato.com\/wp-content\/uploads\/2021\/02\/mittelfest2020-empatia-1.png\",\"contentUrl\":\"https:\/\/mittelfest.nelquadrato.com\/wp-content\/uploads\/2021\/02\/mittelfest2020-empatia-1.png\",\"width\":400,\"height\":564},{\"@type\":\"WebPage\",\"@id\":\"https:\/\/mittelfest.nelquadrato.com\/en\/2020-empatia\/#webpage\",\"url\":\"https:\/\/mittelfest.nelquadrato.com\/en\/2020-empatia\/\",\"name\":\"2020 - #empatia - Mittelfest\",\"isPartOf\":{\"@id\":\"https:\/\/mittelfest.nelquadrato.com\/en\/#website\"},\"primaryImageOfPage\":{\"@id\":\"https:\/\/mittelfest.nelquadrato.com\/en\/2020-empatia\/#primaryimage\"},\"datePublished\":\"2021-03-30T15:36:27+00:00\",\"dateModified\":\"2021-04-01T08:25:36+00:00\",\"breadcrumb\":{\"@id\":\"https:\/\/mittelfest.nelquadrato.com\/en\/2020-empatia\/#breadcrumb\"},\"inLanguage\":\"en-US\",\"potentialAction\":[{\"@type\":\"ReadAction\",\"target\":[\"https:\/\/mittelfest.nelquadrato.com\/en\/2020-empatia\/\"]}]},{\"@type\":\"BreadcrumbList\",\"@id\":\"https:\/\/mittelfest.nelquadrato.com\/en\/2020-empatia\/#breadcrumb\",\"itemListElement\":[{\"@type\":\"ListItem\",\"position\":1,\"item\":{\"@type\":\"WebPage\",\"@id\":\"https:\/\/mittelfest.nelquadrato.com\/en\/\",\"url\":\"https:\/\/mittelfest.nelquadrato.com\/en\/\",\"name\":\"Home\"}},{\"@type\":\"ListItem\",\"position\":2,\"item\":{\"@type\":\"WebPage\",\"@id\":\"https:\/\/mittelfest.nelquadrato.com\/en\/2020-empatia\/\",\"url\":\"https:\/\/mittelfest.nelquadrato.com\/en\/2020-empatia\/\",\"name\":\"2020 &#8211; #empatia\"}}]}]}<\/script>\n<!-- \/ Yoast SEO plugin. -->","_links":{"self":[{"href":"https:\/\/mittelfest.nelquadrato.com\/en\/wp-json\/wp\/v2\/pages\/2038","targetHints":{"allow":["GET"]}}],"collection":[{"href":"https:\/\/mittelfest.nelquadrato.com\/en\/wp-json\/wp\/v2\/pages"}],"about":[{"href":"https:\/\/mittelfest.nelquadrato.com\/en\/wp-json\/wp\/v2\/types\/page"}],"author":[{"embeddable":true,"href":"https:\/\/mittelfest.nelquadrato.com\/en\/wp-json\/wp\/v2\/users\/2"}],"replies":[{"embeddable":true,"href":"https:\/\/mittelfest.nelquadrato.com\/en\/wp-json\/wp\/v2\/comments?post=2038"}],"version-history":[{"count":2,"href":"https:\/\/mittelfest.nelquadrato.com\/en\/wp-json\/wp\/v2\/pages\/2038\/revisions"}],"predecessor-version":[{"id":2044,"href":"https:\/\/mittelfest.nelquadrato.com\/en\/wp-json\/wp\/v2\/pages\/2038\/revisions\/2044"}],"wp:featuredmedia":[{"embeddable":true,"href":"https:\/\/mittelfest.nelquadrato.com\/en\/wp-json\/wp\/v2\/media\/833"}],"wp:attachment":[{"href":"https:\/\/mittelfest.nelquadrato.com\/en\/wp-json\/wp\/v2\/media?parent=2038"}],"curies":[{"name":"wp","href":"https:\/\/api.w.org\/{rel}","templated":true}]}}