{"id":2046,"date":"2021-03-30T16:29:19","date_gmt":"2021-03-30T15:29:19","guid":{"rendered":"https:\/\/www.mittelfest.org\/2019-leadership\/"},"modified":"2021-04-01T09:51:38","modified_gmt":"2021-04-01T08:51:38","slug":"2019-leadership","status":"publish","type":"page","link":"https:\/\/mittelfest.nelquadrato.com\/en\/2019-leadership\/","title":{"rendered":"2019 &#8211; #leadership"},"content":{"rendered":"\n<p><strong>LEADER<\/strong><br>music by L. van Beethoven<br>with Savaria Symphony Orchestra<br>violin Sergej Khachatryan<br>orchestra director Marco Feruglio<br>production Mittelfest 2019<br><em>Chiesa di San Francesco<\/em><\/p>\n\n\n\n<p><strong>L\u2019INFINITO TRA PARENTESI<\/strong><br>by Marco Malvaldi<br>with Maddalena Crippa and Giovanni Crippa<br>directed by Piero Maccarinelli<br>scenes Maurizio Bal\u00f2<br>production Teatro Stabile del Friuli Venezia Giulia, Fondazione Teatro della Toscana &#8211; Teatro Nazionale, Mittelfest 2019<br><em>Teatro Ristori<\/em><\/p>\n\n\n\n<p><strong>SUBVERSE<\/strong><br>Concert-performance for violin, voice, drums, pedalboard<br>Music and arrangements by Dramm, Purcell, Biber with Diamanda La Berge Dramm (violin, voice, drums, pedalboard)<br>production Wonderfeel, Gaudeamus, Music on Main, Mittelfest 2019<br>Mittelfest event supported by Dutch Performing Arts<br><em>Chiesa di San Francesco<\/em><\/p>\n\n\n\n<p><strong>GIULIO CESARE. PEZZI STACCATI<\/strong><br>Dramatic intervention on W. Shakespeare<br>conceived and directed by Romeo Castellucci<br>with Corrado Della Libera, Silvano Voltolina, Sergio Scarlatella, two extras<br>Production Societas<br><em>Chiesa Santa Maria dei Battuti<\/em><\/p>\n\n\n\n<p><strong>GISELLE<\/strong><br>Music by Adolphe-Charles Adam<br>Libretto by Jules-Henri Vernoy de Saint-Georges and Th\u00e9ophile Gautier<br>Choreography Howard Quintero Lopez<br>Production SNG Opera Balet in Ljubljana<br><em>Piazza Duomo<\/em><\/p>\n\n\n\n<p><strong>UNA BREVE GUIDA PER FUTURI FUNAMBULI \/A BRIEF GUIDE TO THE PROSPECTIVE TIGHTROPE WALKERS<\/strong><br>direction, scenes and puppets by Stathis Markopoulos (Ayusaya Puppet Theatre)<br>dramaturgy by Vicky Georgiadou<br>production Onassis Stegi<br>Country in focus &#8211; Greece: Mittelfest event supported by Onassis Stegi<br>Mittelfest event selected for Teresa Pomodoro International Prize &#8211; Spazio Teatro No&#8217;hma<br><em>Piazza Paolo Diacono<\/em><\/p>\n\n\n\n<p><strong>DE CULPA SONORIS<\/strong><br>concert and scenic action by Michele Marco Rossi, solo cello<br>music by Pasquale Corrado, Filippo Perocco, Fabio Cifariello Ciardi, Sergej Prokofiev, Paolo Aralla \/ Michele Marco Rossi<br>production Mittelfest 2019<br><em>Museo Archeologico Nazionale<\/em><\/p>\n\n\n\n<p><strong>COLLINA 731 \/ HILL 731<\/strong><br>Text and direction by Aris Biniaris<br>Music composed and performed by Victor Kouloumbis (bass), Panos Sardelis (drums), Christos Georgopoulos (guitar)<br>with Aris Biniaris and Konstantinos Sevdalis<br>production Poreia Theatre<br>Country in focus &#8211; Greece<br><em>Chiesa di San Francesco<\/em><\/p>\n\n\n\n<p><strong>IL TAMBURO DI LATTA \/ THE TIN DRUM<\/strong><br>by G\u00fcnter Grass<br>dramaturgy by Sibylle Baschung<br>with Nico Holonics<br>directed by Oliver Reese<br>production Berliner Ensemble<br><em>Teatro Ristori<\/em><\/p>\n\n\n\n<p><strong>SENZA SANKARA<\/strong><br>African dance, theatre and music performance<br>Artistic collaboration Serge Aim\u00e8 Coulibaly<br>Directed by Filippo Ughi<br>Production Piccoli Idilli<br><em>Chiesa di San Francesco<\/em><\/p>\n\n\n\n<p><strong>ANTIGONE<\/strong><br>by Sophocles<br>translation and dramaturgy by Nikos A. Panagiotopoulos<br>directed by Konstantinos Ntellas with Efthimis Chalkidis, Thanasis Dovris, Konstantinos Ntellas, Fani Panagiotidou, Maria Parasyri, Despoina Dorina Remediaki<br>production Delta Pi<br>Country in focus &#8211; Greece<br><em>Chiostro di San Francesco<\/em><\/p>\n\n\n\n<p><strong>QUO VADIS?<\/strong><br>Music by Jean de Sainte Colombe, Antoine Forqueray, Marin Marais, F\u00e9lix Godefroid, Franz Liszt, Fryderyk Chopin, Sergej Prokofiev<br>Production Mittelfest 2019, Conservatorio G. Tartini, Conservatorio J. Tomadini, Associazione Progetto Musica<br><em>Sala Civibank<\/em><\/p>\n\n\n\n<p><strong>SISSIGNORA!<\/strong><br>Participatory theatre conceived and directed by Rita Maffei<br>Video by Luigina Tusini<br>With Ada Delogu, Nicoletta Oscuro and workshop participants<br>Production Mittelfest 2019, CSS Teatro Stabile di Innovazione FVG<br><em>Teatro Ristori<\/em><\/p>\n\n\n\n<p><strong>QUEEN LEAR<\/strong><br>by Claire Dowie from Shakespeare<br>Original music by Enrico Melozzi<br>Concept by Francesco Micheli<br>Directed by Nina&#8217;s Drag Queens<br>Production Aparte Soc. Coop., Centro d&#8217;Arte Contemporanea Teatro Carcano, Teatro Metastasio di Prato<br><em>Teatro Ristori<\/em><\/p>\n\n\n\n<p><strong>DMITRY SHISHKIN<\/strong><br>Piano recital<br>Music by Fr\u00e9d\u00e9ric Fran\u00e7ois Chopin<br>In collaboration with the Friuli Venezia Giulia International Piano Competition<br><em>Chiesa di San Francesco<\/em><\/p>\n\n\n\n<p><strong>ABBI CURA DI ME ACOUSTIC<\/strong><br>Simone Cristicchi<br>With Giuseppe Tortora (cello) and Riccardo Ciaramellari (piano, keyboards, accordion)<br>Production Mescal<br><em>Piazza Duomo<\/em><\/p>\n\n\n\n<p><strong>LA SCIMMIA<\/strong><br>by and with Giuliana Musso<br>original text by Giuliana Musso<br>freely inspired by &#8220;A report for an Academy&#8221; by Franz Kafka<br>translation and dramaturgical advice by Monica Capuani<br>original music by Giovanna Pezzetta<br>movement by Marta Bevilacqua<br>production La Corte Ospitale, in co-production with Opera Estate Festival Veneto and with the support of Teatro Comunale Citt\u00e0 di Vicenza (Residenze 2018 project &#8211; We art 3)<br><em>Teatro Ristori<\/em><\/p>\n\n\n\n<p><strong>SENTIERI DI LEGNO \/ TRAILS OF WOOD<\/strong><br>Performance for 6 percussionists<br>music by Volker Staub, John Cage, Michael Gordon, Steve Reich Produzione Slagwerk Den Haag <br>Mittelfest event supported by Dutch Performing Arts<br><em>Chiesa di San Francesco<\/em><\/p>\n\n\n\n<p><strong>IVO POGORELICH<\/strong><br>Piano recital<br>music by Johann Sebastian Bach, Ludwig van Beethoven, Fryderyk Chopin, Maurice Rave<br><em>Chiesa di San Francesco<\/em><\/p>\n\n\n\n<p><strong>MISSISSIPI GODDAM: AN HOMAGE TO NINA SIMONE<\/strong><br>Concertgebouw Jazz Orchestra<br>Conductor Jules Buckley<br>Voice Sabrina Starke<br>Production Concertgebouw<br>Mittelfest event supported by Dutch Performing Arts<br><em>Piazza Duomo<\/em><\/p>\n\n\n\n<p><strong>AVITAL INCONTRA AVITAL<\/strong><br>Ethno-jazz crossover music<br>with Avi Avital mandolin, Omer Avital oud and double bass, Yonathan Avishai piano, Itamar Doari percussions<br><em>Chiesa di San Francesco<\/em><\/p>\n\n\n\n<p><strong>CITT\u00c0 PULITA \/ CLEAN CITY<\/strong><br>text and direction by Anestis Azas and Podromos Tsinikoris<br>dramaturgy Margarita Tsomou<br>with Mabel Matchidiso Mosana, Rositsa Pandalieva, Fredalyn Resurreccion, Drita Shehi, Valentina Ursache<br>production Onassis Stegi and Goethe-Institut (Europoly-Projekt)<br>Country in focus &#8211; Greece<br><em>Teatro Ristori<\/em><\/p>\n\n\n\n<p><strong>BASTET<\/strong><br>Concept and choreography by Marianna Kavallieratos<br>Original music and live performance Dom Bouffard<br>Production Delta Pi<br>Country in focus &#8211; Greece<br><em>Piazza Duomo<\/em><\/p>\n\n\n\n<p><strong>CELEBRETING LIFE<\/strong><br>Emanuela Battigelli, Celtic harp and classical harp<br>Music by Lou Harrison, traditional Hebrew, Alfonso el Sabio, Antonio de Cabezon, Toshio Hosokawa, Leon Schidlowsky, Luis de Pablo, Emanuela Battigelli, Magnar \u00c5m<br><em>Chiesa Santa Maria dei Battuti<\/em><\/p>\n\n\n\n<p><strong>AN\u03a9NYMO<\/strong><br>Concept and choreography by Tzeni Argyriou<br>Dramaturgy by Miguel Angel Melgares<br>Produced by Onassis Stegi, Recontres Internationales, Kalemata international Dance Festival<br>with the support of Isadora Duncan Dance Research Center<br>Country in focus &#8211; Greece<br><em>Teatro Ristori<\/em><\/p>\n\n\n\n<p><strong>MARAVEIS IN SFRESE \/ MERAVIGLIE SOCCHIUSE<\/strong><br>Suns, lirichis, l\u00fbs, figuris d&#8217;art dal Fri\u00fbl, dal XVI secul a vu\u00ea \/ Sounds, lyrics, lights, figures of art from Friuli, from the 16th century to today<br>Youth Orchestra Filarmonici Friulani conducted by Walter Themel<br>New AuriCorale Vivavoce conducted by Monica Cesar<br>Artistic direction Marco Maria Tosolini <br>Videoimmagini d&#8217;Arte Federico M\u00e0zzolo<br>Texts in Friulian by Carlo Tolazzi<br>Reciting voice Chiara Donada<br>Music by Valter Sivilotti, Jacopo Tomadini, Alfredo Scannact, Andriano Galliussi, Albino Perosa, Daniele Zanettovich, Federico Gon, Renato Miani, Alessio Venier, Cecilia Seghizzi, Gianfranco Plenizio, Antonin Dvorak<br>Production Mittelfest 2019, ARLeF Agjenzie Regjon\u00e2l pe Lenghe Furlane<br><em>Piazza Duomo<\/em><\/p>\n","protected":false},"excerpt":{"rendered":"<p>LEADERmusic by L. van Beethovenwith Savaria Symphony Orchestraviolin Sergej Khachatryanorchestra director Marco Feruglioproduction Mittelfest 2019Chiesa di San Francesco L\u2019INFINITO TRA PARENTESIby Marco Malvaldiwith Maddalena Crippa and Giovanni Crippadirected by Piero Maccarinelliscenes Maurizio Bal\u00f2production Teatro Stabile del Friuli Venezia Giulia, Fondazione Teatro della Toscana &#8211; Teatro Nazionale, Mittelfest 2019Teatro Ristori SUBVERSEConcert-performance for violin, voice, drums, pedalboardMusic<\/p>\n<div class=\"mt-4\"><a href=\"https:\/\/mittelfest.nelquadrato.com\/en\/2019-leadership\/\" class=\"ondina ondina--nera font-semi-bold\">Read more<\/a><\/div>\n","protected":false},"author":2,"featured_media":830,"parent":0,"menu_order":23,"comment_status":"closed","ping_status":"closed","template":"views\/template-edizione.blade.php","meta":{"footnotes":"","_links_to":"","_links_to_target":""},"class_list":["post-2046","page","type-page","status-publish","has-post-thumbnail","hentry"],"yoast_head":"<!-- This site is optimized with the Yoast SEO plugin v16.1.1 - https:\/\/yoast.com\/wordpress\/plugins\/seo\/ -->\n<title>2019 - #leadership - Mittelfest<\/title>\n<link rel=\"canonical\" href=\"https:\/\/mittelfest.nelquadrato.com\/en\/2019-leadership\/\" \/>\n<meta property=\"og:locale\" content=\"en_US\" \/>\n<meta property=\"og:type\" content=\"article\" \/>\n<meta property=\"og:title\" content=\"2019 - #leadership - Mittelfest\" \/>\n<meta property=\"og:description\" content=\"LEADERmusic by L. van Beethovenwith Savaria Symphony Orchestraviolin Sergej Khachatryanorchestra director Marco Feruglioproduction Mittelfest 2019Chiesa di San Francesco L\u2019INFINITO TRA PARENTESIby Marco Malvaldiwith Maddalena Crippa and Giovanni Crippadirected by Piero Maccarinelliscenes Maurizio Bal\u00f2production Teatro Stabile del Friuli Venezia Giulia, Fondazione Teatro della Toscana &#8211; Teatro Nazionale, Mittelfest 2019Teatro Ristori SUBVERSEConcert-performance for violin, voice, drums, pedalboardMusicRead more\" \/>\n<meta property=\"og:url\" content=\"https:\/\/mittelfest.nelquadrato.com\/en\/2019-leadership\/\" \/>\n<meta property=\"og:site_name\" content=\"Mittelfest\" \/>\n<meta property=\"article:publisher\" content=\"https:\/\/www.facebook.com\/mittelfest\" \/>\n<meta property=\"article:modified_time\" content=\"2021-04-01T08:51:38+00:00\" \/>\n<meta property=\"og:image\" content=\"https:\/\/mittelfest.nelquadrato.com\/wp-content\/uploads\/2021\/02\/mittelfest_archive_2019_image.png\" \/>\n\t<meta property=\"og:image:width\" content=\"500\" \/>\n\t<meta property=\"og:image:height\" content=\"716\" \/>\n<meta name=\"twitter:card\" content=\"summary_large_image\" \/>\n<meta name=\"twitter:label1\" content=\"Est. reading time\">\n\t<meta name=\"twitter:data1\" content=\"5 minutes\">\n<script type=\"application\/ld+json\" class=\"yoast-schema-graph\">{\"@context\":\"https:\/\/schema.org\",\"@graph\":[{\"@type\":\"WebSite\",\"@id\":\"https:\/\/mittelfest.nelquadrato.com\/en\/#website\",\"url\":\"https:\/\/mittelfest.nelquadrato.com\/en\/\",\"name\":\"Mittelfest\",\"description\":\"\",\"potentialAction\":[{\"@type\":\"SearchAction\",\"target\":\"https:\/\/mittelfest.nelquadrato.com\/en\/?s={search_term_string}\",\"query-input\":\"required name=search_term_string\"}],\"inLanguage\":\"en-US\"},{\"@type\":\"ImageObject\",\"@id\":\"https:\/\/mittelfest.nelquadrato.com\/en\/2019-leadership\/#primaryimage\",\"inLanguage\":\"en-US\",\"url\":\"https:\/\/mittelfest.nelquadrato.com\/wp-content\/uploads\/2021\/02\/mittelfest_archive_2019_image.png\",\"contentUrl\":\"https:\/\/mittelfest.nelquadrato.com\/wp-content\/uploads\/2021\/02\/mittelfest_archive_2019_image.png\",\"width\":500,\"height\":716},{\"@type\":\"WebPage\",\"@id\":\"https:\/\/mittelfest.nelquadrato.com\/en\/2019-leadership\/#webpage\",\"url\":\"https:\/\/mittelfest.nelquadrato.com\/en\/2019-leadership\/\",\"name\":\"2019 - #leadership - Mittelfest\",\"isPartOf\":{\"@id\":\"https:\/\/mittelfest.nelquadrato.com\/en\/#website\"},\"primaryImageOfPage\":{\"@id\":\"https:\/\/mittelfest.nelquadrato.com\/en\/2019-leadership\/#primaryimage\"},\"datePublished\":\"2021-03-30T15:29:19+00:00\",\"dateModified\":\"2021-04-01T08:51:38+00:00\",\"breadcrumb\":{\"@id\":\"https:\/\/mittelfest.nelquadrato.com\/en\/2019-leadership\/#breadcrumb\"},\"inLanguage\":\"en-US\",\"potentialAction\":[{\"@type\":\"ReadAction\",\"target\":[\"https:\/\/mittelfest.nelquadrato.com\/en\/2019-leadership\/\"]}]},{\"@type\":\"BreadcrumbList\",\"@id\":\"https:\/\/mittelfest.nelquadrato.com\/en\/2019-leadership\/#breadcrumb\",\"itemListElement\":[{\"@type\":\"ListItem\",\"position\":1,\"item\":{\"@type\":\"WebPage\",\"@id\":\"https:\/\/mittelfest.nelquadrato.com\/en\/\",\"url\":\"https:\/\/mittelfest.nelquadrato.com\/en\/\",\"name\":\"Home\"}},{\"@type\":\"ListItem\",\"position\":2,\"item\":{\"@type\":\"WebPage\",\"@id\":\"https:\/\/mittelfest.nelquadrato.com\/en\/2019-leadership\/\",\"url\":\"https:\/\/mittelfest.nelquadrato.com\/en\/2019-leadership\/\",\"name\":\"2019 &#8211; #leadership\"}}]}]}<\/script>\n<!-- \/ Yoast SEO plugin. -->","_links":{"self":[{"href":"https:\/\/mittelfest.nelquadrato.com\/en\/wp-json\/wp\/v2\/pages\/2046","targetHints":{"allow":["GET"]}}],"collection":[{"href":"https:\/\/mittelfest.nelquadrato.com\/en\/wp-json\/wp\/v2\/pages"}],"about":[{"href":"https:\/\/mittelfest.nelquadrato.com\/en\/wp-json\/wp\/v2\/types\/page"}],"author":[{"embeddable":true,"href":"https:\/\/mittelfest.nelquadrato.com\/en\/wp-json\/wp\/v2\/users\/2"}],"replies":[{"embeddable":true,"href":"https:\/\/mittelfest.nelquadrato.com\/en\/wp-json\/wp\/v2\/comments?post=2046"}],"version-history":[{"count":2,"href":"https:\/\/mittelfest.nelquadrato.com\/en\/wp-json\/wp\/v2\/pages\/2046\/revisions"}],"predecessor-version":[{"id":2049,"href":"https:\/\/mittelfest.nelquadrato.com\/en\/wp-json\/wp\/v2\/pages\/2046\/revisions\/2049"}],"wp:featuredmedia":[{"embeddable":true,"href":"https:\/\/mittelfest.nelquadrato.com\/en\/wp-json\/wp\/v2\/media\/830"}],"wp:attachment":[{"href":"https:\/\/mittelfest.nelquadrato.com\/en\/wp-json\/wp\/v2\/media?parent=2046"}],"curies":[{"name":"wp","href":"https:\/\/api.w.org\/{rel}","templated":true}]}}