{"id":2051,"date":"2021-03-30T16:22:30","date_gmt":"2021-03-30T15:22:30","guid":{"rendered":"https:\/\/www.mittelfest.org\/2018-millennials\/"},"modified":"2021-04-01T10:19:21","modified_gmt":"2021-04-01T09:19:21","slug":"2018-millennials","status":"publish","type":"page","link":"https:\/\/mittelfest.nelquadrato.com\/en\/2018-millennials\/","title":{"rendered":"2018 &#8211; #millennials"},"content":{"rendered":"\n<p><strong>INNO ALL\u2019AMORE\/HYMN TO LOVE<\/strong><br>conception, libretto and direction by Marta G\u00f3rnicka<br>choreography by Anna Godowska<br>music by Teoniki Ro\u017cynek<br>dramaturgy by Agata Adamiecka<br>with Chorus Of Women Foundation and Teatr Polski of Poznan<br><em>Teatro Ristori<\/em><\/p>\n\n\n\n<p><strong>WINTERREISE<\/strong><br>multidisciplinary performance conceived and directed by Korn\u00e9l Mundrucz\u00f3<br>music by Franz Schubert and Hans Zender<br>J\u00e1nos Szemenyei, singer\/actor<br>Danubia Orchestra \u00d3buda<br>M\u00e1t\u00e9 H\u00e1mori, conductor<br>produced by Proton Theatre with Caf\u00e9 Budapest Contemporary Art Festival, Danubia Orchestra \u00d3buda, FILC &#8211; Fischer Iv\u00e1n&#8217;s Apartment Theatre<br><em>Chiesa di San Francesco<\/em><\/p>\n\n\n\n<p><strong>HUNGER<\/strong><br>dramaturgy and direction by Luk Perceval<br>direction and adaptation Luk Perceval<br>dramaturgy Susanne Meister<br>Thalia Theater, Hamburg<br><em>Teatro Nuovo Giovanni da Udine<\/em><\/p>\n\n\n\n<p><strong>ACCORDO IN BOCCA<\/strong><br>spice performance&nbsp;<br>[dunkelbunt] spice<br><em>Casa Morandini<\/em><\/p>\n\n\n\n<p><strong>TIGERMILK<\/strong><br>from the novel by Stefanie de Velasco<br>direction and staging by Wojtek Klemm<br>dramaturgy by Birgit Lengers<br>choreography by Efrat Stempler<br>Deutsches Theater, Junges DT, Berlino<br><em>Teatro Ristori<\/em><\/p>\n\n\n\n<p><strong>MARTYNAS LEVICKIS<\/strong><br><strong>Vilnius City Ensemble Mikroorkestra<\/strong><br>Martynas Levickis, accordion<br>Programme: Antonio Vivaldi, The Four Seasons<br>arrangement for accordion by Martynas Levickis<br>Astor Piazzolla, Las Cuatro Estaciones Porte\u00f1as<br><em>Piazza Duomo<\/em><\/p>\n\n\n\n<p><strong>SUNDAY<\/strong><br>choreography by Adrienn H\u00f3d<br>Hodworks &#8211; OFF Foundation, Budapest<br><em>Teatro Nuovo Giovanni da Udine<\/em><\/p>\n\n\n\n<p><strong>IL GIARDINO DEI CILIEGI<\/strong><br><strong>Trent&#8217;anni di felicit\u00e0 in comodato d&#8217;uso<\/strong><br>conception and dramaturgy Kepler-452 (Paola Aiello, Enrico Baraldi, Nicola Borghesi)<br>directed by Nicola Borghesi<br>production Emilia Romagna Teatro<br><em>Teatro Ristori<\/em><\/p>\n\n\n\n<p><strong>NOVECENTO E OLTRE<\/strong><br><strong>Il suono del futuro<\/strong><br>music by Claude Debussy, Silvia Valentini, Lorenzo Gioco, Cristina Cristancig, Erika Giannusa, Felice Di Paolo, Arturo Fuentes, Ivan Fedele, Alessandro Solbiati, Mauricio Kagel, Iannis Xenakis <br>production Conservatorio G.Tartini, Conservatorio J. Tomadini, Associazione Progetto Musica, Mittelfest<br><em>Chiesa di San Francesco<\/em><\/p>\n\n\n\n<p><strong>INZIRLI\/VERTIGINE<\/strong><br>project by Haris Pa\u0161ovi\u0107<br>text in Friulian by Angelo Floramo<br>music by Dino \u0160ukalo<br>choreography by Adrienn H\u00f3d<br>with Fabiano Fantini (actor), Dino \u0160ukalo (guitar)<br>dancers from the Hodworks Company<br>Mittelfest 2018, East West Centre Sarajevo, Hodworks &#8211; OFF Foundation, Budapest<br><em>Parco Via Mulinuss<\/em><\/p>\n\n\n\n<p><strong>UN POMERIGGIO PERFETTO: BACH<\/strong><br>music by J. S. Bach, F. Schubert<br>Tymoteusz Jan Bies, piano<br>First Prize at the Friuli Venezia Giulia International Piano Competition 2018<br><em>Sala Civibank<\/em><\/p>\n\n\n\n<p><strong>SOLOS<\/strong><br>choreography by Adrienn H\u00f2d<br>musical direction \u00c1bris Gryllus<br>performers and co-creators Imre Vass, Emese Cuhorka, Csaba Moln\u00e1r<br>Hodworks &#8211; OFF Foundation, Budapest<br><em>Teatro Nuovo Giovanni da Udine<\/em><\/p>\n\n\n\n<p><strong>LOVE IS(N\u2019T) IN THE AIR?<\/strong><br>da Ars Amandi di Ovidio<br>new compositions by Raffaele De Giacometti, Eliot Delafosse, Katarzyna Krzewinska, Joris Blanckaert, William Sundman S\u00e4\u00e4f<br>performed by Ex Novo Ensemble<br>Mittelfest 2018, MusMa &#8211; European Broadcasting Project 2018<br><em>Chiesa Santa Maria di Corte<\/em><\/p>\n\n\n\n<p><strong>HERO 2.0<\/strong><br>written, directed and performed by Uro\u0161 Kaurin and Vito Weis<br>dramaturgy Katarina Stegnar<br>Moment Production, Maribor e. Zavod EN-KNAP<br><em>Teatro Ristori<\/em><\/p>\n\n\n\n<p><strong>RAZOR WIRE ENSEMBLE<\/strong><br>screenplay and direction by Jasmila \u017dbanic<br>music by Ali\u0161er Sijari\u0107<br>Deblokada Sarajevo<br><em>Chiesa Santa Maria dei Battuti<\/em><\/p>\n\n\n\n<p><strong>RAGAZZI DEL \u201899<\/strong><br>Ljubljana International Orchestra and Sarajevo Philharmonic Orchestra<br>project by Haris Pa\u0161ovi\u0107<br>conductor \u017diva Ploj Per\u0161uh<br>piano Viviana Lasaracina<br>text by Angelo Floramo<br>music by Alfredo Casella, Slavko Osterc, Maurice Ravel, Peter E\u00f6tv\u00f6s, Franz Schubert\/Luciano Berio, Alberto Testa<br>production Mittelfest, Ljubljana Festival, Ljubljana International Orchestra (in association with Sarajevo Philharmonic Orchestra), The European Career Centre for Artists Triple Bridge e Music Up Close Network<br><em>Piazza Duomo<\/em><\/p>\n\n\n\n<p><strong>UN\u2019ALMA INNAMORATA<\/strong><br>Francesca Aspromonte, soprano\u00a0<br>Boris Begelman, violin and direction<br>Arsenale Sonoro<br>music by Georg Friedrich Haendel<br><em>Chiesa di San Francesco<\/em><\/p>\n\n\n\n<p><strong>HINKEMANN<\/strong><br>di Ernst Toller<br>regia di Igor Vuk Torbica<br>dramaturgy Katarina Pejovi\u0107<br>ZKM Zagreb Theatre of Youth<br><em>Teatro Nuovo Giovanni da Udine<\/em><\/p>\n\n\n\n<p><strong>UN POMERIGGIO PERFETTO: CHOPIN<\/strong><br>Music by Fr\u00e9d\u00e9ric Fran\u00e7ois Chopin<br>Tymoteusz Jan Bies, piano<br>First Prize at the Friuli Venezia Giulia International Piano Competition 2018<br><em>Sala Civibank<\/em><\/p>\n\n\n\n<p><strong>PER CHE COSA DARESTI LA VITA? \/<\/strong><br><strong>WHAT WOULD YOU GIVE YOUT LIFE FOR?<\/strong><br>written and directed by Haris Pa\u0161ovi\u0107<br>East West Centre Sarajevo and Promena Novi Sad<br><em>Teatro Nuovo Giovanni da Udine<\/em><\/p>\n\n\n\n<p><strong>DARK UNION<\/strong><br>choreography by Josef Nadj<br>with Luke Thomas Dunne (Great Britain), Ana \u0160tefanec Knez (Slovenia), Jeffrey Schoenaers (Belgium), Lada Petrovski Ternov\u0161ek (Croatia), Matea Bilosni\u0107 (Croatia), Gilles No\u00ebl (Belgium)<br>EN-KNAP Productions, Ljubljana<br><em>Teatro Ristori<\/em><\/p>\n\n\n\n<p><strong>TAMERLAN<\/strong><br>by Christopher Marlowe<br>dramaturgy, adaptation, sets, costumes by ricci\/forte<br>directed by Stefano Ricci<br>ricci\/forte, Mittelfest 2018<br><em>Officine Civiform<\/em><\/p>\n\n\n\n<p><strong>FORMICA FEROCE \/ ANT FEROCIOUS<\/strong><br>conceived and directed by Iztok Kova\u010d<br>EN-KNAP Productions, Ljubljana<br><em>Teatro Ristori<\/em><\/p>\n\n\n\n<p><strong>CONNESSIONI UNGHERESI<\/strong><br>Andreas Ottensamer (clarinetto)<br>Kelemen Quartet<br>music by B\u00e9la Bart\u00f3k, Zolt\u00e1n Kod\u00e1ly, Johannes Brahms<br><em>Chiesa di San Francesco<\/em><\/p>\n","protected":false},"excerpt":{"rendered":"<p>INNO ALL\u2019AMORE\/HYMN TO LOVEconception, libretto and direction by Marta G\u00f3rnickachoreography by Anna Godowskamusic by Teoniki Ro\u017cynekdramaturgy by Agata Adamieckawith Chorus Of Women Foundation and Teatr Polski of PoznanTeatro Ristori WINTERREISEmultidisciplinary performance conceived and directed by Korn\u00e9l Mundrucz\u00f3music by Franz Schubert and Hans ZenderJ\u00e1nos Szemenyei, singer\/actorDanubia Orchestra \u00d3budaM\u00e1t\u00e9 H\u00e1mori, conductorproduced by Proton Theatre with Caf\u00e9 Budapest<\/p>\n<div class=\"mt-4\"><a href=\"https:\/\/mittelfest.nelquadrato.com\/en\/2018-millennials\/\" class=\"ondina ondina--nera font-semi-bold\">Read more<\/a><\/div>\n","protected":false},"author":2,"featured_media":827,"parent":0,"menu_order":24,"comment_status":"closed","ping_status":"closed","template":"views\/template-edizione.blade.php","meta":{"footnotes":"","_links_to":"","_links_to_target":""},"class_list":["post-2051","page","type-page","status-publish","has-post-thumbnail","hentry"],"yoast_head":"<!-- This site is optimized with the Yoast SEO plugin v16.1.1 - https:\/\/yoast.com\/wordpress\/plugins\/seo\/ -->\n<title>2018 - #millennials - Mittelfest<\/title>\n<link rel=\"canonical\" href=\"https:\/\/mittelfest.nelquadrato.com\/en\/2018-millennials\/\" \/>\n<meta property=\"og:locale\" content=\"en_US\" \/>\n<meta property=\"og:type\" content=\"article\" \/>\n<meta property=\"og:title\" content=\"2018 - #millennials - Mittelfest\" \/>\n<meta property=\"og:description\" content=\"INNO ALL\u2019AMORE\/HYMN TO LOVEconception, libretto and direction by Marta G\u00f3rnickachoreography by Anna Godowskamusic by Teoniki Ro\u017cynekdramaturgy by Agata Adamieckawith Chorus Of Women Foundation and Teatr Polski of PoznanTeatro Ristori WINTERREISEmultidisciplinary performance conceived and directed by Korn\u00e9l Mundrucz\u00f3music by Franz Schubert and Hans ZenderJ\u00e1nos Szemenyei, singer\/actorDanubia Orchestra \u00d3budaM\u00e1t\u00e9 H\u00e1mori, conductorproduced by Proton Theatre with Caf\u00e9 BudapestRead more\" \/>\n<meta property=\"og:url\" content=\"https:\/\/mittelfest.nelquadrato.com\/en\/2018-millennials\/\" \/>\n<meta property=\"og:site_name\" content=\"Mittelfest\" \/>\n<meta property=\"article:publisher\" content=\"https:\/\/www.facebook.com\/mittelfest\" \/>\n<meta property=\"article:modified_time\" content=\"2021-04-01T09:19:21+00:00\" \/>\n<meta property=\"og:image\" content=\"https:\/\/mittelfest.nelquadrato.com\/wp-content\/uploads\/2021\/02\/Mittelfest_1@0.5x-100.jpg\" \/>\n\t<meta property=\"og:image:width\" content=\"500\" \/>\n\t<meta property=\"og:image:height\" content=\"714\" \/>\n<meta name=\"twitter:card\" content=\"summary_large_image\" \/>\n<meta name=\"twitter:label1\" content=\"Est. reading time\">\n\t<meta name=\"twitter:data1\" content=\"4 minutes\">\n<script type=\"application\/ld+json\" class=\"yoast-schema-graph\">{\"@context\":\"https:\/\/schema.org\",\"@graph\":[{\"@type\":\"WebSite\",\"@id\":\"https:\/\/mittelfest.nelquadrato.com\/en\/#website\",\"url\":\"https:\/\/mittelfest.nelquadrato.com\/en\/\",\"name\":\"Mittelfest\",\"description\":\"\",\"potentialAction\":[{\"@type\":\"SearchAction\",\"target\":\"https:\/\/mittelfest.nelquadrato.com\/en\/?s={search_term_string}\",\"query-input\":\"required name=search_term_string\"}],\"inLanguage\":\"en-US\"},{\"@type\":\"ImageObject\",\"@id\":\"https:\/\/mittelfest.nelquadrato.com\/en\/2018-millennials\/#primaryimage\",\"inLanguage\":\"en-US\",\"url\":\"https:\/\/mittelfest.nelquadrato.com\/wp-content\/uploads\/2021\/02\/Mittelfest_1@0.5x-100.jpg\",\"contentUrl\":\"https:\/\/mittelfest.nelquadrato.com\/wp-content\/uploads\/2021\/02\/Mittelfest_1@0.5x-100.jpg\",\"width\":500,\"height\":714},{\"@type\":\"WebPage\",\"@id\":\"https:\/\/mittelfest.nelquadrato.com\/en\/2018-millennials\/#webpage\",\"url\":\"https:\/\/mittelfest.nelquadrato.com\/en\/2018-millennials\/\",\"name\":\"2018 - #millennials - Mittelfest\",\"isPartOf\":{\"@id\":\"https:\/\/mittelfest.nelquadrato.com\/en\/#website\"},\"primaryImageOfPage\":{\"@id\":\"https:\/\/mittelfest.nelquadrato.com\/en\/2018-millennials\/#primaryimage\"},\"datePublished\":\"2021-03-30T15:22:30+00:00\",\"dateModified\":\"2021-04-01T09:19:21+00:00\",\"breadcrumb\":{\"@id\":\"https:\/\/mittelfest.nelquadrato.com\/en\/2018-millennials\/#breadcrumb\"},\"inLanguage\":\"en-US\",\"potentialAction\":[{\"@type\":\"ReadAction\",\"target\":[\"https:\/\/mittelfest.nelquadrato.com\/en\/2018-millennials\/\"]}]},{\"@type\":\"BreadcrumbList\",\"@id\":\"https:\/\/mittelfest.nelquadrato.com\/en\/2018-millennials\/#breadcrumb\",\"itemListElement\":[{\"@type\":\"ListItem\",\"position\":1,\"item\":{\"@type\":\"WebPage\",\"@id\":\"https:\/\/mittelfest.nelquadrato.com\/en\/\",\"url\":\"https:\/\/mittelfest.nelquadrato.com\/en\/\",\"name\":\"Home\"}},{\"@type\":\"ListItem\",\"position\":2,\"item\":{\"@type\":\"WebPage\",\"@id\":\"https:\/\/mittelfest.nelquadrato.com\/en\/2018-millennials\/\",\"url\":\"https:\/\/mittelfest.nelquadrato.com\/en\/2018-millennials\/\",\"name\":\"2018 &#8211; #millennials\"}}]}]}<\/script>\n<!-- \/ Yoast SEO plugin. -->","_links":{"self":[{"href":"https:\/\/mittelfest.nelquadrato.com\/en\/wp-json\/wp\/v2\/pages\/2051","targetHints":{"allow":["GET"]}}],"collection":[{"href":"https:\/\/mittelfest.nelquadrato.com\/en\/wp-json\/wp\/v2\/pages"}],"about":[{"href":"https:\/\/mittelfest.nelquadrato.com\/en\/wp-json\/wp\/v2\/types\/page"}],"author":[{"embeddable":true,"href":"https:\/\/mittelfest.nelquadrato.com\/en\/wp-json\/wp\/v2\/users\/2"}],"replies":[{"embeddable":true,"href":"https:\/\/mittelfest.nelquadrato.com\/en\/wp-json\/wp\/v2\/comments?post=2051"}],"version-history":[{"count":1,"href":"https:\/\/mittelfest.nelquadrato.com\/en\/wp-json\/wp\/v2\/pages\/2051\/revisions"}],"predecessor-version":[{"id":2053,"href":"https:\/\/mittelfest.nelquadrato.com\/en\/wp-json\/wp\/v2\/pages\/2051\/revisions\/2053"}],"wp:featuredmedia":[{"embeddable":true,"href":"https:\/\/mittelfest.nelquadrato.com\/en\/wp-json\/wp\/v2\/media\/827"}],"wp:attachment":[{"href":"https:\/\/mittelfest.nelquadrato.com\/en\/wp-json\/wp\/v2\/media?parent=2051"}],"curies":[{"name":"wp","href":"https:\/\/api.w.org\/{rel}","templated":true}]}}