{"id":2055,"date":"2021-03-30T16:02:12","date_gmt":"2021-03-30T15:02:12","guid":{"rendered":"https:\/\/www.mittelfest.org\/2017-aria\/"},"modified":"2021-04-01T11:18:25","modified_gmt":"2021-04-01T10:18:25","slug":"2017-aria","status":"publish","type":"page","link":"https:\/\/mittelfest.nelquadrato.com\/en\/2017-aria\/","title":{"rendered":"2017 &#8211; Aria"},"content":{"rendered":"\n<p><strong>EU EUROPA UTOPIA<\/strong><br>A co-production of Mittelfest 2017 together with a.ArtistiAssociati, CSS Teatro stabile di innovazione del FVG, La Contrada &#8211; Teatro stabile di Trieste, il Rossetti &#8211; Teatro Stabile FVG and Slovensko Stalno Gledali\u0161\u010de<br>coordination Nadia Cijan<br>In the company of a.ArtistiAssociati, CSS Teatro stabile di innovazione del FVG, La Contrada &#8211; Teatro stabile di Trieste, il Rossetti &#8211; Teatro Stabile FVG and Slovensko Stalno Gledali\u0161\u010de, Mittelfest 2017 gives shape to its vision of contemporary Europe\u2019s destinies.<\/p>\n\n\n\n<p>L\u00c0 DOVE NASCONO I MOSTRI<br>conception and choreography Giovanni Leonarduzzi<br>performers Giovanni Leonarduzzi, Raffaello Titton, Giovanni Masetti, Mauro Tonet<br>live music Beat On Rotten Woods<br>by Marco Rodella<br>Marco Rodella, voice and beatbox<br>Roberto Pecar, guitar and second voice<br>production a.Artisti Associati and MittelFest2017<\/p>\n\n\n\n<p>LADY EUROPE 2.0<br>direction Rita Maffei<br>scenic installation Luigina Tusini<br>with the collective N46-E13: Josefina Balaguer, Ilaria Borghese, Bruno Chiaranti, Emanuela Colombino, Ada Delogu, Antonietta Ermacora, Daniela Fattori, Mariantonietta Giffoni, Gianna Gorza, Ornella Luppi, Emanuela Moro, Silvia Palmano, Emanuela Pilosio, Pilar Vila Piqueras, Laura Seganfreddo, Luca Soprano, Andrea Tami, Enea Zancanaro<br>co-production CSS Teatro stabile di innovazione del FVG and Mittelfest2017<\/p>\n\n\n\n<p>L&#8217;EUROPA \u00c8 UNA COSA SERIA<br>by Fabio Marson and Matteo Oleotto<br>with Maurizio Fanin and Sara Zanni<br>directed by Matteo Oleotto<br>co-production La Contrada Teatro Stabile Di Trieste sas, Impresa Sociale and Mittelfest2017<\/p>\n\n\n\n<p>UN SEMPLICE ANAGRAMMA EUROPA O&#8217; PAURE<br>dramaturgy and direction Marcela Serli<br>with Andrea Germani and Maria Grazia Plos<br>with the collaboration of ICS Ufficio Rifugiati Onlus of Trieste<br>co-production Teatro Stabile del Friuli Venezia Giulia and Mittelfest2017<\/p>\n\n\n\n<p>SOSESKA EVROPA\/ CONDOMINIO EUROPA Come diventare europei doc!<br>by Martin Lissiach, Daniel Dan Malalan, Sabrina Morena<br>directed by Sabrina Morena<br>with Daniel Dan Malalan and Nikla Petru\u0161ka Panizon<br>with the extraordinary participation on video of Laura Bussani, Vesna Gu\u0161tin, Tiina Hallikainen, Franko Koro\u0161ec, Alessandro Mizzi, Marcela Serli, Mefehnja Tatcheu<br>thanks to Federica Luser&#8217;s Trart Art Space and the artists Raffaella Busdon, Claudia Cervo, Federico Fumolo<br>co-production Slovensko stalno gledali\u0161\u010de, Bonawentura-Teatro Miela, Slofest, Festival S\/paesati and Mittelfest2017<br><em>Complesso San Francesco<\/em><\/p>\n\n\n\n<p><strong>NELL\u2019AERE &#8211; INFERNO #5<\/strong><br>conception Michela Lucenti and Maurizio Camilli<br>choreography Michela Lucenti<br>music by Mario Pagotto<br>dramaturg Carlo Galiero<br>with Ensemble Fisico Balletto Civile: Michela Lucenti, Fabio Bergaglio, Maurizio Camilli, Francesco Gabrielli, Alessandro Pallecchi, Stefano Pettenella, Flippo Porro, Emanuela Serra, Paolo Rosini, Giulia Spattini, Chiara Taviani, Natalia Vallebona, Simone Zambellli<br>Mitteleuropa Orchestra<br>Nicola Valentini, director<br>co-production Balletto Civile, Mitteleuropa Orchestra and Mittelfest2017<br><em>Piazza Duomo<\/em><\/p>\n\n\n\n<p><strong>STOP<\/strong><br>a wordless travelling show with micro puppets by Andr\u00e1s L\u00e9n\u00e1rt<br>production Mikrop\u00f3dium Csal\u00e1di B\u00e1bsz\u00ednh\u00e1z<br>in collaboration with CTA &#8211; Centro Teatro Animazione e Figure of Gorizia<br><em>vie del centro<\/em><\/p>\n\n\n\n<p><strong>ATMOSPH\u00c8RES<\/strong><br>Hamasyan Henriksen Aarset Bang Quartet&nbsp;<br>Tigran Hamasyan, piano<br>Arve Henriksen, electronic trumpet<br>Eivind Aarset, guitars<br>Jan Bang, live sampling<br>in collaboration with Euritmica Udine<br><em>Chiesa San Francesco<\/em><\/p>\n\n\n\n<p><strong>PARADISO \u2013 PRIMO PASSO<\/strong><br>by Babilonia Teatri<br>artistic collaboration Stefano Masotti<br>a project by Babilonia Teatri and ZeroFavole<br>with Enrico Castellani, Daniele Balocchi, Amer Ben Henia, Joice Dogbe, Josephine Ogechi Eiddhom music Marco Sciammarella, Claudio Damiano, Carlo Pensa (Allegro Moderato)<br>production Babilonia Teatri &#8211; La Piccionaia-Centro di Produzione Teatrale<br>co-production Mittelfest 2017 with the support of Fondazione Alta Mane Italia<br><em>Teatro Ristori<\/em><\/p>\n\n\n\n<p><strong>DI TUTTI I COLORI<\/strong><br>a creation by Michelangelo Ricci<br>with the Ribolle company (Simona Baldeschi, Maria Grazia Fiore, Maurizio Muzzi)<br>masks from the commedia dell&#8217;arte Tess Alice Iacconi, Matteo Bruni, Alessandro Paolini<br>DJ performer Wilma<br>mime and shadows Pic<br>voice Ida Ricci<br>percussion Riccardo Neri<br>the lace masks are Giusi Salvia, Soledad Flemma<br>original music by Michelangelo Ricci<br>masks sculpted by Andrea Cavarra<br>production CircoRibolle Srls<br><em>Piazza Duomo<\/em><\/p>\n\n\n\n<p><strong>NEW LISZT FERENC CHAMBER CHOIR<\/strong><br>homage to Zolt\u00e1n Kod\u00e1ly (1882-1967)<br>on the occasion of the fiftieth anniversary music by Zolt\u00e1n Kod\u00e1ly, B\u00e9la Bart\u00f3k, Gy\u00f6rgy Ligeti, Gy\u00f6rgy Kurt\u00e1g, Gy\u00f6rgy Orb\u00e1n, Barna Szab\u00f3<br>New Liszt Ferenc Chamber Choir &#8211; Budapest<br>director L\u00e1szl\u00f3 Norbert Nemes<br>production Mittelfest 2017<br><em>Chiesa San Francesco<\/em><\/p>\n\n\n\n<p><strong>DRAMMATICA ELEMENTARE<\/strong><br>special version for Mittelfest<br>by and with Marta Dalla Via and Diego Dalla Via<br>technical direction Roberto Di Fresco<br>production Dalla Via Brothers<br>executive producer La Piccionaia Centro di Produzione Teatrale<br>with the support of B-Motion Bassano Opera Festival<br><em>Teatro Ristori<\/em><\/p>\n\n\n\n<p><strong>MAMUI SCHIRIBI\u00c7 MATARAN IN MUSICHE<\/strong><br>from an idea by Valter Sivilotti and Franca Drioli<br>dramaturgy by Marina de Juli<br>with Marina De Juli and the Panarie Choir directed by Paolo Paroni<br>ArteVoce Ensemble prepared by Franca Drioli, Francesco Tirelli, percussions Nicola Tirelli, music producer<br>original music by Valter Sivilotti<br>directed by Marina De Juli<br>translations by Carlo Tolazzi<br>production Coro Panarie<br>in partnership with Associazione Canzoni di Confine, Associazione Amis da Mont Quarine, Comune Di Talmassons, Amici del Teatro di Artegna, Pro Artegna<br>with the contribution of Unione Societ\u00e0 Corali Friulane (U.S.C.F.)<br>event realized in collaboration with the Province of Udine<br>with the contribution of Fondazione Friuli<br>project financed by the Friuli Venezia Giulia Region (Regional Announcement &#8211; Events and Festivals. Lead partner Accademia Musicale Naonis).<br><em>Piazza Duomo<\/em><\/p>\n\n\n\n<p><strong>ZVIZDAL CHERNOBYL, SO FAR \u2013 SO CLOSE<\/strong><br>di Berlin, Bart Baele &amp; Yves Degryse &amp; Cathy Blisson&nbsp;<br>scenography Manu Siebens, Ina Peeters and BERLIN&nbsp;<br>with Nadia e P\u00e9tro Opanassovitch Lubenoc&nbsp;<br>production BERLIN<br><em>Officine Ipsia<\/em><\/p>\n\n\n\n<p><strong>QUATUOR AM\u00d4N<\/strong><br>&#8220;Music &amp; Exile&#8221; for string quartet and electronics&nbsp;<br>project MusMA &#8211; Music Masters on AirEuropean Broadcasting Festival&nbsp;<br>music by Guillaume Auvray, Maurilio Cacciatore, Gr\u00e9gory d&#8217;Hoop, Nikola Ko\u0142odziejczyk, Martin Q Larsson&nbsp;<br>Am\u00f4n string quartet: Aymeric De Villoutreys, Eva Pusker, violins; Nina Poskin viola; Anne-Gabrielle Lia-Aragnouet, cello<br>co-production Festival de Wallonie (Belgio), Klara Festival (Belgio), Wratislavia Cantans (Polonia), Sax\u00e5 Kammarmusic Festival (Svezia) e Mittelfest 2017<br><em>Chiesa San Francesco<\/em><\/p>\n\n\n\n<p><strong>LEONCE UND LENA<\/strong><br>based on the work by Georg B\u0171chner<br>puppets, scenes, costumes Patrizio Dall&#8217;Argine and Veronica Ambrosini<br>music Marco Amadei and Luca Marazzi<br>production Teatro Medico-Ipnotico<br>in collaboration with CTA &#8211; Centro Teatro Animazione e Figure di Gorizia<br><em>Piazza Duomo<\/em><\/p>\n\n\n\n<p><strong>LE MOUVEMENT DE L\u2019AIR<\/strong><br>Adrien M &amp; Claire B creation 2015<br>conception, art direction, sets and direction Claire Bardainne e Adrien Mondot&nbsp;<br>computer conception Adrien Mondot<br>choreography Yan Raballand<br>dancers R\u00e9mi Boissy, Farid Ayelem Rahmouni, Ma\u00eblle Reymond&nbsp;<br>original music and interpretation J\u00e9r\u00e9my Chartier&nbsp;<br>computer development of this show by a cura di Anomes e del software Millumin v2 <br>Production Adrien M &amp; Claire B foto \u00a9 Romain Etienne \/ item e \u00a9 AMCB<br>in co-production with: Th\u00e9\u00e2tre de L\u2019Archipel, sc\u00e8ne nationale de Perpignan, Le Cirque-Th\u00e9\u00e2tre d\u2019Elbeuf, La Br\u00e8che &#8211; P\u00f4le national des arts du cirque, Cherbourg-Octeville, GREC Festival de Barcelona &#8211; Institut de Cultura, Ajuntament de Barcelona (Spain), Fondazione Romaeuropa \u2013 Arte e Cultura (Italy), Centre des Arts d\u2019Enghien-les-Bains &#8211; sc\u00e8ne conventionn\u00e9e pour les \u00e9critures num\u00e9riques, Maison des Arts, sc\u00e8ne nationale de Cr\u00e9teil et du Val-de-Marne, Espace Jean Legendre, Th\u00e9\u00e2tre de Compi\u00e8gne, sc\u00e8ne nationale de l\u2019Oise en pr\u00e9figuration, L\u2019Odyss\u00e9e, institut national des arts du mime et du geste de P\u00e9rigueux, Hexagone, sc\u00e8ne nationale Arts Sciences \u2013 Meylan, Centre chor\u00e9graphique national de Cr\u00e9teil et du Val-de-Marne \/ Cie K\u00e4fig, dans le cadre de l\u2019Accueil Studio.<br>funding: Adami (society for the collective management of artists&#8217; intellectual property rights), French Ministry of Culture and Communication DICR\u00e9AM&nbsp;<br>supporters: Le Toboggan, sc\u00e8ne conventionn\u00e9e de D\u00e9cines, Les Subsistances, laboratorio internazionale de creazione artistica, Lyon<br>thanks to CND Lyon \/ Rh\u00f4ne-Alpes<br>The company Adrien M &amp; Claire B is accredited by DRAC Auvergne-Rh\u00f4ne-Alpes, the Auvergne-Rh\u00f4ne-Alpes region and is supported by the city of Lyon<br><em>Teatro Nuovo Giovanni da Udine<\/em><\/p>\n\n\n\n<p><strong>ZEFIRO TORNA<\/strong><br>450th &#8211; Homage to Claudio Monteverdi<br>project Donatella Busetto<br>Madrigal and instrumental ensemble Cenacolo Musicale &#8211; Barocco Europeo (Maria Dalia Albertini, Valentina Vitolo, Vittoria Giacobazzi, Isabella Di Pietro, Simone Milesi, Michele Concato, Guglielmo Buonsanti)<br>Orchestra: Marco Rosasalva and Fabiano Martignago, flutes; Laura Scipioni Filippo Bergo, violins; Gioele Gusberti, cello; Daniele Carnio, violon; Elisa La Marca, theorbo; Donatella Busetto, harpsichord Gianluca Capuano<br>director Marco Bellussi<br>madrigal ensemble Marco Rosasalva and Fabiano Martignago, flutes; Laura Scipioni Filippo Bergo, violins; Gioele Gusberti, cello; Daniele Carnio, violon; Elisa La Marca, theorbo; Donatella Busetto, harpsichord Agnese Perri, mime<br>co-production Barocco Europeo &#8211; Festival MusicAntica 2017<br>in collaboration with DansAtelier &#8211; Castelfranco Veneto, Atelier Franzis Wussin &#8211; Prague, Festival Opera Barocca &#8211; Prague, Italian Institute of Culture &#8211; Prague<br><em>Chiesa San Francesco<\/em><\/p>\n\n\n\n<p><strong>NA KRAJU TJEDNA (NEL FINE SETTIMANA)<\/strong><br>direction, scenography Bobo Jel\u010di\u0107<br>with Livio Badurina, Ana Begi\u0107 Tahiri, Jadranka \u0110oki\u0107, Goran Grgi\u0107, Ivan Jon\u010di\u0107, Damir Markovina, Vanja Matujec, Bojan Navojec<br>production HNK &#8211; Croatian National Theatre Zagreb<br><em>Teatro Ristori<\/em><\/p>\n\n\n\n<p><strong>ENSEMBLE RARO BUCAREST<\/strong><br>Ensemble Raro \u2013 Bucarest, Berlin, Bruxelles&nbsp;<br>Erik Schumann, violin<br>Razvan Popovici, viola<br>Justus Grimm, cello<br>production Mittelfest 2017<br><em>Chiesa San Francesco<\/em><\/p>\n\n\n\n<p><strong>IL CANE VAGABONDO<\/strong><br>adapted from Barking Tired by Daniel Pennac<br>written by Katka Aulitisov\u00e1<br>direction and animation Katka Aulitisov\u00e1, \u013dubo Piktor<br>design Mark\u00e9ta Plach\u00e1<br>music Andrej Kalinka<br>production Divadlo Piki<br>in cooperation with CTA &#8211; Centre for Theatre Animation and Figures, Gorizia, Italy<br><em>Chiesa Santa Maria dei Battuti<\/em><\/p>\n\n\n\n<p><strong>CANZONI DI CONTRABBANDO<\/strong><br>with Eugenio Bennato and Taranta Power<br>Ezio Lambiase, guitars<br>Mujura, guitar and bass<br>Sonia Totaro, voice and dance<br>Giustina Gambardella, percussions<br>Mohammed Ezzaime El Alaoui, voice and viola<br>production Taranta Power<br><em>Piazza Duomo<\/em><\/p>\n\n\n\n<p><strong>TURBOLENZE<\/strong><br>conception and coordination Roberto Cocconi<br>music by Philip Glass<br>dances by Luca Campanella, Riccardo Meneghini, Valentina Saggin, Anna Savanelli, Carolina Valentini, Luca Zampar<br>cello Anna Molaro<br>co-production Compagnia Arearea, Teatro Stabile FVG &#8211; il Rossetti and Mittelfest 2017<br>realized with the collaboration of Dialogues\/Residences of Performing Arts at Villa Manin<br>organised by CSS Teatro Stabile di Innovazione del FVG<br>with the support of MiBACT &#8211; Direzione Generale per lo Spettacolo dal Vivo<br><em>Chiostro San Francesco<\/em><\/p>\n\n\n\n<p><strong>LAMPEDUSA<\/strong><br>by Anders Lustgarten<br>translation by Elena Battista<br>directed by Gian Piero Borgia<br>with Deniz \u00d6zdo\u011fan and Fabio Troiano<br>co-production BAM teatro, Teatro Eliseo and Mittelfest 2017<br>in collaboration with La Corte Ospitale<br><em>Teatro Ristori<\/em><\/p>\n\n\n\n<p><strong>JOHN MALKOVICH in REPORT ON THE BLIND<\/strong><br>by Ernesto Sabato<br>music by Johann Sebastian Bach, Dmitrij \u0160ostakovi\u010d, Rudolf Bar\u0161aj, Alfred Schnittke<br>John Malkovich, narrator<br>Anastasya Terenkova, piano<br>Lana Trotov\u0161ek, violin<br>I Solisti Aquilani<br>director Alvise Casellati<br>co-production Emilia Romagna Festival, Ljubljana Festival and Mittelfest 2017<br><em>Piazza Duomo<\/em><\/p>\n\n\n\n<p><strong>RESPIRI D\u2019UTOPIA NELL\u2019ARIA<\/strong><br>Summer Academy Meeting a School 2017<br>on stage the student actors of the Civica Accademia d&#8217;Arte Drammatica Nico Pepe Udine &#8211; Italy and the student actors of The Aleksander Zelwerowicz National Academy of Dramatic Art Warsaw &#8211; Poland directed by Claudio de Maglio<br>production Civica Accademia d&#8217;Arte Drammatica Nico Pepe<br><em>Piazza P. Diacono<\/em><\/p>\n\n\n\n<p><strong>GORAN BREGOVIC WEDDING &amp; FUNERAL BAND<\/strong><br>Goran Bregovic, guitar, synthesizer, vocals<br>Muharem Red\u017eepi (goc, voice), Bokan Stankovic (first trumpet), Dragic Velickovic (second trumpet), Stojan Dimov (sax, clarinet), Aleksandar Rajkovic (first trombone, glockenspiel), Milos Mihajlovic (second trombone), Ludmila Radkova-Trajkova e Daniela Radkova-Alexandrova (Bulgarian voices)&nbsp;<br><em>Teatro Nuovo Giovanni da Udine<\/em><\/p>\n\n\n\n<p><strong>CIP CIP BAU BAU<\/strong><br>project curated by Antonella Caruzzi<br>with Loris Dogana<br>direction Roberto Piaggio<br>production CTA Gorizia<br>in collaboration with CTA &#8211; Centro Teatro Animazione e Figure of Gorizia<br><em>Arco Medievale<\/em><\/p>\n\n\n\n<p><strong>LE NUBI LO SANNO<\/strong><br>by Andrea Cisi and Giuseppe Battiston<br>live music and songs by Piero Sidoti<br>with Giuseppe Battiston<br>staging Giuseppe Battiston<br>co-production Teatro Italia, Minimum Fax Media and Mittelfest 2017<br><em>Teatro Ristori<\/em><\/p>\n\n\n\n<p><strong>FAGIOLINO E SGANAPINO GARIBALDINI<\/strong><br>puppet show of the Emilian tradition by Mattia Zecchi<br>in collaboration with CTA &#8211; Centro Teatro Animazione e Figure of Gorizia<br><em>Belvedere<\/em><\/p>\n\n\n\n<p><strong>SPASSOV &amp; HIS HEAVENLY STRINGS<\/strong><br>Theodosii Spassov, flute<br>Doroteya Dimitrova and Ana Ivanova, violins<br>Mihaela Pavlova, viola<br>Yolanta Deloibozova, cello<br>Smila Stoeva, percussion<br>in collaboration with Euritmica Udine<br><em>Chiesa San Francesco<\/em><\/p>\n\n\n\n<p><strong>CONSERVATORI \/ INNOVATORI 1<\/strong><br>Music by Bach, Beethoven, Rachmaninoff, Bart\u00f3k, Liszt<br>Kostandin Tashko, piano<br>in collaboration with the Conservatorio Tartini &#8211; Trieste<br><em>Museo Archeologico Nazionale<\/em><\/p>\n\n\n\n<p><strong>CONSERVATORI \/ INNOVATORI 2<\/strong><br>Music by Regondi, Walton, Paganini, Albeniz<br>Fabio Corsi, guitar<br>in collaboration with Conservatorio Tomadini \u2013 Udine<br><em>Museo Archeologico Nazionale<\/em><\/p>\n\n\n\n<p><strong>CONSERVATORI \/ INNOVATORI 3<\/strong><br>Music by Bach, Dall&#8217;Abaco, Hindemith, Cassad\u00f3<br>Teodor Rusu, cello<br>in collaboration with the festival Nei suoni dei luoghi and Universit\u00e4t Mozarteum Salzburg<br><em>Museo Archeologico Nazionale<\/em><\/p>\n","protected":false},"excerpt":{"rendered":"<p>EU EUROPA UTOPIAA co-production of Mittelfest 2017 together with a.ArtistiAssociati, CSS Teatro stabile di innovazione del FVG, La Contrada &#8211; Teatro stabile di Trieste, il Rossetti &#8211; Teatro Stabile FVG and Slovensko Stalno Gledali\u0161\u010decoordination Nadia CijanIn the company of a.ArtistiAssociati, CSS Teatro stabile di innovazione del FVG, La Contrada &#8211; Teatro stabile di Trieste, il<\/p>\n<div class=\"mt-4\"><a href=\"https:\/\/mittelfest.nelquadrato.com\/en\/2017-aria\/\" class=\"ondina ondina--nera font-semi-bold\">Read more<\/a><\/div>\n","protected":false},"author":2,"featured_media":824,"parent":0,"menu_order":25,"comment_status":"closed","ping_status":"closed","template":"views\/template-edizione.blade.php","meta":{"footnotes":"","_links_to":"","_links_to_target":""},"class_list":["post-2055","page","type-page","status-publish","has-post-thumbnail","hentry"],"yoast_head":"<!-- This site is optimized with the Yoast SEO plugin v16.1.1 - https:\/\/yoast.com\/wordpress\/plugins\/seo\/ -->\n<title>2017 - Aria - Mittelfest<\/title>\n<link rel=\"canonical\" href=\"https:\/\/mittelfest.nelquadrato.com\/en\/2017-aria\/\" \/>\n<meta property=\"og:locale\" content=\"en_US\" \/>\n<meta property=\"og:type\" content=\"article\" \/>\n<meta property=\"og:title\" content=\"2017 - Aria - Mittelfest\" \/>\n<meta property=\"og:description\" content=\"EU EUROPA UTOPIAA co-production of Mittelfest 2017 together with a.ArtistiAssociati, CSS Teatro stabile di innovazione del FVG, La Contrada &#8211; Teatro stabile di Trieste, il Rossetti &#8211; Teatro Stabile FVG and Slovensko Stalno Gledali\u0161\u010decoordination Nadia CijanIn the company of a.ArtistiAssociati, CSS Teatro stabile di innovazione del FVG, La Contrada &#8211; Teatro stabile di Trieste, ilRead more\" \/>\n<meta property=\"og:url\" content=\"https:\/\/mittelfest.nelquadrato.com\/en\/2017-aria\/\" \/>\n<meta property=\"og:site_name\" content=\"Mittelfest\" \/>\n<meta property=\"article:publisher\" content=\"https:\/\/www.facebook.com\/mittelfest\" \/>\n<meta property=\"article:modified_time\" content=\"2021-04-01T10:18:25+00:00\" \/>\n<meta property=\"og:image\" content=\"https:\/\/mittelfest.nelquadrato.com\/wp-content\/uploads\/2021\/02\/archivio_edizioni_2017.jpg\" \/>\n\t<meta property=\"og:image:width\" content=\"402\" \/>\n\t<meta property=\"og:image:height\" content=\"576\" \/>\n<meta name=\"twitter:card\" content=\"summary_large_image\" \/>\n<meta name=\"twitter:label1\" content=\"Est. reading time\">\n\t<meta name=\"twitter:data1\" content=\"9 minutes\">\n<script type=\"application\/ld+json\" class=\"yoast-schema-graph\">{\"@context\":\"https:\/\/schema.org\",\"@graph\":[{\"@type\":\"WebSite\",\"@id\":\"https:\/\/mittelfest.nelquadrato.com\/en\/#website\",\"url\":\"https:\/\/mittelfest.nelquadrato.com\/en\/\",\"name\":\"Mittelfest\",\"description\":\"\",\"potentialAction\":[{\"@type\":\"SearchAction\",\"target\":\"https:\/\/mittelfest.nelquadrato.com\/en\/?s={search_term_string}\",\"query-input\":\"required name=search_term_string\"}],\"inLanguage\":\"en-US\"},{\"@type\":\"ImageObject\",\"@id\":\"https:\/\/mittelfest.nelquadrato.com\/en\/2017-aria\/#primaryimage\",\"inLanguage\":\"en-US\",\"url\":\"https:\/\/mittelfest.nelquadrato.com\/wp-content\/uploads\/2021\/02\/archivio_edizioni_2017.jpg\",\"contentUrl\":\"https:\/\/mittelfest.nelquadrato.com\/wp-content\/uploads\/2021\/02\/archivio_edizioni_2017.jpg\",\"width\":402,\"height\":576},{\"@type\":\"WebPage\",\"@id\":\"https:\/\/mittelfest.nelquadrato.com\/en\/2017-aria\/#webpage\",\"url\":\"https:\/\/mittelfest.nelquadrato.com\/en\/2017-aria\/\",\"name\":\"2017 - Aria - Mittelfest\",\"isPartOf\":{\"@id\":\"https:\/\/mittelfest.nelquadrato.com\/en\/#website\"},\"primaryImageOfPage\":{\"@id\":\"https:\/\/mittelfest.nelquadrato.com\/en\/2017-aria\/#primaryimage\"},\"datePublished\":\"2021-03-30T15:02:12+00:00\",\"dateModified\":\"2021-04-01T10:18:25+00:00\",\"breadcrumb\":{\"@id\":\"https:\/\/mittelfest.nelquadrato.com\/en\/2017-aria\/#breadcrumb\"},\"inLanguage\":\"en-US\",\"potentialAction\":[{\"@type\":\"ReadAction\",\"target\":[\"https:\/\/mittelfest.nelquadrato.com\/en\/2017-aria\/\"]}]},{\"@type\":\"BreadcrumbList\",\"@id\":\"https:\/\/mittelfest.nelquadrato.com\/en\/2017-aria\/#breadcrumb\",\"itemListElement\":[{\"@type\":\"ListItem\",\"position\":1,\"item\":{\"@type\":\"WebPage\",\"@id\":\"https:\/\/mittelfest.nelquadrato.com\/en\/\",\"url\":\"https:\/\/mittelfest.nelquadrato.com\/en\/\",\"name\":\"Home\"}},{\"@type\":\"ListItem\",\"position\":2,\"item\":{\"@type\":\"WebPage\",\"@id\":\"https:\/\/mittelfest.nelquadrato.com\/en\/2017-aria\/\",\"url\":\"https:\/\/mittelfest.nelquadrato.com\/en\/2017-aria\/\",\"name\":\"2017 &#8211; Aria\"}}]}]}<\/script>\n<!-- \/ Yoast SEO plugin. -->","_links":{"self":[{"href":"https:\/\/mittelfest.nelquadrato.com\/en\/wp-json\/wp\/v2\/pages\/2055","targetHints":{"allow":["GET"]}}],"collection":[{"href":"https:\/\/mittelfest.nelquadrato.com\/en\/wp-json\/wp\/v2\/pages"}],"about":[{"href":"https:\/\/mittelfest.nelquadrato.com\/en\/wp-json\/wp\/v2\/types\/page"}],"author":[{"embeddable":true,"href":"https:\/\/mittelfest.nelquadrato.com\/en\/wp-json\/wp\/v2\/users\/2"}],"replies":[{"embeddable":true,"href":"https:\/\/mittelfest.nelquadrato.com\/en\/wp-json\/wp\/v2\/comments?post=2055"}],"version-history":[{"count":3,"href":"https:\/\/mittelfest.nelquadrato.com\/en\/wp-json\/wp\/v2\/pages\/2055\/revisions"}],"predecessor-version":[{"id":2068,"href":"https:\/\/mittelfest.nelquadrato.com\/en\/wp-json\/wp\/v2\/pages\/2055\/revisions\/2068"}],"wp:featuredmedia":[{"embeddable":true,"href":"https:\/\/mittelfest.nelquadrato.com\/en\/wp-json\/wp\/v2\/media\/824"}],"wp:attachment":[{"href":"https:\/\/mittelfest.nelquadrato.com\/en\/wp-json\/wp\/v2\/media?parent=2055"}],"curies":[{"name":"wp","href":"https:\/\/api.w.org\/{rel}","templated":true}]}}