{"id":2070,"date":"2021-03-30T15:42:18","date_gmt":"2021-03-30T14:42:18","guid":{"rendered":"https:\/\/www.mittelfest.org\/2016-terra\/"},"modified":"2021-04-01T11:59:40","modified_gmt":"2021-04-01T10:59:40","slug":"2016-terra","status":"publish","type":"page","link":"https:\/\/mittelfest.nelquadrato.com\/en\/2016-terra\/","title":{"rendered":"2016 &#8211; Terra"},"content":{"rendered":"\n<p><strong>MENOCCHIO<\/strong><br>from an idea by Renato Miani<br>freely inspired by Il formaggio e i vermi by Carlo Ginzburg and Domenico Scandella called Menocchio<br>by Andrea Del Colmusica and Renato Miani<br>libretto Francesca Tuscano<br>direction, scenes, costumes Ivan Stefanutti<br>choreography Fausta Mazzucchelli<br>conductor and concertmaster Eddi de Nadai<br>Gabriele Ribis, baritone<br>Domenico Scandella called Menocchio, miller<br>Branko Robin\u0161ak, tenor<br>Odorico Vorai, parish priest of Montereale<br>Nicholas Isherwood, bass, Inquisitor<br>Elena Biscuola, mezzo-soprano, Menocchio&#8217;s wife<br>Giorgio De Fornasari (pre Giovanni Merchiori), Claudio Zinutti (first man), Roberto Lizzio (second man) also Andrea Braida (Marchi\u00f2), Daniele Copetti (third man), Marco Della Mora (fourth man), Aldo Paron (friar)<br>corps de ballet Claudio Gasparini, Ornella Germano, Giada Agazzi, Stefania Ciroi, Bruno Forte, Pietro Boer<br>Mitteleuropa Orchestra Tomas Kadlubiec (violin 1), Ingrid Shllaku (violin 2), Margherita Cossio (viola), Antonio Merici (cello 1), Massimo Favento (cello 2), Paolo Mazzoleni (double bass), Enrico Cossio (oboe and English horn), Davide Argentiero (clarinet) Elena Paroni (clarinet and bass clarinet), Giorgio Bell\u00f2 (bassoon and contrabassoon), Mauro Verona (horn 1), Alessandra Rodaro (horn 2), Diego Cal (trumpet), Giulio Dreosto (bass trombone), Denis Zupin (timpani and percussion instruments), Cristina Di Bernardo (harp)<br>Choir of Friuli Venezia Giulia<br>Cristiano Dell&#8217;Oste choirmaster<br>sopranos: Patrizia Chittaro, Barbara Codutti, Mevania Modugno, Tamara Corsano, Loredana Meneghelli, Cristina Fontanin, Debora Renzini, Monica Mosolo<br>treble: Simona Cois, Milly Dorlini, Ilaria Tuniz, Graziella Salis, Giulia Tonero, Sara Grassi, Giulia Pagnutti, Donatella Gorasso, Laura Fedrigo<br>tenors: Claudio Zinutti, Fulvio Trapani, Lidiano Contento, Fabio Cassisi, Franco Pellegrini, Dimitri Munini, Peter Gus<br>basses: Roberto Lizzio, Giorgio de Fornasari, Federico Monti, Francesco Corsi, Stefano Corsano, Franco Stringaro, Paolo Cevolatti, Marco Feruglio, Ugo Mancini, Renato Vicedomini<\/p>\n\n\n\n<p><strong>SOGNO DI UNA NOTTE DI MEZZA ESTATE<\/strong><br>Spira Mirabilis<br>stage direction Piera Mungiguerra<br>with Claudia Gambino, Francesco Meola coproduction<br>Orchestra Igor Ahss (bassoon), Bozena Angelova (violin), Marina Arrufat Grau (violin), Aljaz Begus (clarinet), Lorenza Borrani (violin), Francesco Bossaglia (horn), Maia Cabeza (violin), Diego Moreno Castelli (violin), Florence Mary Cooke (violin), Samuel Espinosa Ruiz (viola), Michele Fattori (bassoon), Simon Florin (percussion), Titus Franken (percussion), Timoti Fregni (violin), Olga Hansen (viola), Abigail Clara Hayward (cello), Mirjam Huettner (oboe), Julie Huguet (flute), Lisa K\u00fcrner (cello), Sophie L\u00fccke (double bass), Andrea Gregorio Mascetti (violin), Simon Patrick Menin (trumpet), Andrei Mihailescu (double bass), Sin\u00e9ad Meghan O&#8217;Halloran (cello), Yumi Onda (violin), Antonio Pace (trombone), Katharina Naomi Paul (violin), Carles Perez Esteve (horn), Francesca Piccioni (viola), Adriano Piccioni (double bass), James Richardson (trombone), Juan Carlos Rivas Perretta (oboe), Simone Muriel Roggen (violin), Marta Santamaria Llavall (flute), Benedikt Schneider (viola), Hannah Sloane (cello), Giacomo Tesini (violin), Ida Tunkkari (violin), Matteo Villa (trumpet), Andrea Jean Vonk (trumpet), Jonathan Watkins (trombone), Tim-Erik Winzer (viola)<br>Children&#8217;s Choir of the Scuola di Musica di Fiesole<br>choirmaster Joan Yakkey<br>Emilia Bassett, Giacomo Barrera, Filippo Benigni, Alice Calzoli, Eleonora Carrieri, Lorenzo Carrieri, Giovanna Carrillo Fantappie&#8217;, Irene Carrillo Fantappie&#8217;, Elena Casaglia (soloist), Francesca Cataoli, Anna D&#8217;amico, Lisa Florena, Livia Falcioni, Federica Lipsi, Francesco Lipsi, Giulia Mangani, Sofia Maurini Amodei, Giulia Montigiani, Tessa Piazzesi, Vittoria Pini, Gaia Ricciardi, Lavinia Lina Roma, Teresa Romoli, Camilla Sabatini (soloist), Sara Sayad Nik, Anita Susini, Aran Spignoli Soria, Nora Spignoli Soria, Ginevra Tempestini<br>Co-production City of Bassano Operaestate festival, Arte Sella, Spira Mirabilis, Mittelfest 2016<\/p>\n\n\n\n<p><strong>L\u2019ALLEGRA VEDOVA<\/strong><br>revised original text by Victor Leon \/ Leo Stein<br>by Bruno Stori and Maddalena Crippa<br>arrangement of original music by Franz Leh\u00e1r<br>by Giacomo Scaramuzza<br>directed by Bruno Stori with Maddalena Crippa<br>and with Giampaolo Bandini, guitar<br>Giovanni Mareggini, flute and ottavino<br>Cesare Chiacchiaretta, accordion and bandoneon<br>Federico Marchesano, double bass<br>production and distribution Parmaconcerti and Compagnia Umberto Orsini srl<\/p>\n\n\n\n<p><strong>PULCINELLA E ZAMPALESTA NELLA TERRA DEI FUOCHI<\/strong><br>by and with Gaspare Nasuto and Angelo Gallo<br>scenes and puppets Gaspare Nasuto and Angelo Gallo<\/p>\n\n\n\n<p><strong>FEMININE FLAME<\/strong><br>conceived by Amelia Bucalo Triglia<br>music by Ashram and Maurizio Curcio<br>production Teatro del Fuoco\u00ae<\/p>\n\n\n\n<p><strong>NES<\/strong><br>Nesrine Belmokh voice, cello<br>Matthieu Saglio, cello, loop station, vocals<br>David Gadea, percussion<\/p>\n\n\n\n<p><strong>TUTTO QUELLO CHE SO DEL GRANO<\/strong><br>by Paola Berselli and Stefano Pasquini<br>directed by Stefano Pasquini with Paola Berselli, Maurizio Ferraresi and Stefano Pasquini<br>production Teatro delle Ariette<\/p>\n\n\n\n<p><strong>PECORE NERE<\/strong><br>by Stefano Benni<br>directed by Stefano Benni<br>assistant director Alessandro Tedeschi<br>sets and costumes Katia Titolo<br>music Paolo Li Volsi<br>crochet creations Alessandra Roveda with Valentina Chico, Elisa Benedetta Marinoni, Gisella Szaniszl\u00f2, Federica Del Col<br>production Bottega Rosenguild \/ Teatrino dei Fondi \/ Pierfrancesco Pisani<br>in collaboration with Infinito srl with the support of Regione Toscana, Comune di San Miniato, Comune di Fucecchio<\/p>\n\n\n\n<p><strong>IL RITO DELLA PRIMAVERA<\/strong><br>music Igor Stravinsky<br>directed by Janusz Orlik<br>choreography Joel Claesson, Nicholas Keegan, Janusz Orlik<br>dancers Darren Anderson, Nicholas Keegan, Janusz Orlik<br>production Mittelfest 2016 and for Poland Art Stations Foundation by Gra\u017cyna Kulczyk, 2011<br>with the support of the Polish Ministry of Culture and National Heritage<\/p>\n\n\n\n<p><strong>STORIA DI GIOVANNI FALCONE E PAOLO BORSELLINO<\/strong><br>dramaturgy and direction Angelo Sicilia<br>with Angelo Sicilia<br>puppeteers Angelo Sicilia, Maria Palma Albanese, Manuel Giuliano<br>storytellers and live music Paolo Zarcone<br>MOPS &#8211; Sicilian Popular Puppeteer of Palermo<\/p>\n\n\n\n<p><strong>CONFUCIO<\/strong><br>China National Opera and Dance Drama Theatre<br>executive direction and choreography Weiwei Mao<br>director and choreographer Dexin Kong (77th direct descendant of Confucius)<br>script Chun Liu<br>scenography Bei Liu<br>music composed and directed by Qu Zhang<br>visual director Dongsheng Ren<br>models Lei Jia with Siyu Yang (Confucius), Shanshan Zhang (the Consort), Kun Liu (the Duke), Bin Liu (the Courtier)<br>principal dancers Yang Hu, Xuehan Shi, Yin Zhu, Haifeng Guo<br>producer Cheng Tao<br>director of the corps de ballet Ning Xu<br>co-production Emilia Romagna Festival, Ljubljana Festival and Mittelfest 2016<\/p>\n\n\n\n<p><strong>IL CIRCO DI LEGNO<\/strong><br>Karromato Company &#8211; Prague<\/p>\n\n\n\n<p><strong>SAVINA YANNATOU IN CONCERTO<\/strong><br>music of Greek, Hebrew-Sephardic, Turkish, Bulgarian, Armenian, Slavic tradition<br>with the band Primavera a Salonicco Kostas Vomvolos, Kyriakos Gouventas, Haris Lambrakis, Yannis Alexandris, Michalis Siganidis, Kostas Theodorou<br>in collaboration with Euritmica<\/p>\n\n\n\n<p><strong>ALEKSANDRA ZEC<\/strong><br>direction Oliver Frlji\u0107<br>dramaturgy Marin Bla\u017eevi\u0107<br>stage design Ljerka Hribar<br>with Ivana Ro\u0161\u010di\u0107, Jelena Lopati\u0107, Tanja Smoje, Damir Orli\u0107, Nikola Nedi\u0107, Jurica Mar\u010dec and also Jana Mileusni\u0107, Lucia Fili\u010di\u0107, Nina Batini\u0107, Morana Mladi\u0107<br>production HKD Theatre International Small Scenes Theatre Festival &#8211; Rijeka &#8211; Rijeka<br>artistic direction Nenad \u0160egvi\u0107<br>stage director Liberta Mi\u0161an<br>co-financing The City of Rijeka, Department of culture, Primorsko-Goranska County, The Serbian National Council for the City of Zagreb, Ministry of Culture, Republic of Croatia<br>thanks to Documenta, Centre for the Dealing with the Past<\/p>\n\n\n\n<p><strong>EARTH &amp; FIRE<\/strong><br><strong>Traditional Future<\/strong><br>choreography Anuang&#8217;a<br>music Maasa\u00ef Vocals<br>Anuang&#8217;a modern compositions<br>production Pierre Cardin<\/p>\n\n\n\n<p><strong>EMBER concept<\/strong><br>choreography and dance Ziya Azazi<br>dramaturgy and texts Isin Onol<br>music Mike Ottis<br>stage Ziya Azazi &amp; Peter Leitner<br>co-production MD Spettacoli and Mittelfest 2016<br>special thanks to Ali Can Guezel, Dorothee Gussenbauer, Ischiko, Peter Leitner<\/p>\n\n\n\n<p><strong>IL PROCESSO<\/strong><br>based on the novel by Franz Kafka<br>directed by Matja Solce<br>with Miha Bezeljak and Miha Arh NO! k.g.<br>dramaturgy Jelena Sitar Cvetko<br>artistic direction Primo\u017e Mihevc and Matija Solce Lutkovno Gledali\u0161\u010de Maribor<\/p>\n\n\n\n<p><strong>SFUE\u00c2I<\/strong><br>Friulian lyrics by Pier Paolo Pasolini, Novella Cantarutti, Pierluigi Cappello, Federico Tavan, Amedeo Giacomini, Maria Di Gleriaproject<br>music by Elsa Martin and Stefano Battaglia<br>Elsa Martin, voice<br>Stefano Battaglia, piano<br>performance realised in collaboration with the Province of Udine<\/p>\n\n\n\n<p><strong>MUSIC FOR FILMS<\/strong><br>Michael Nyman, piano<br>with Gabrielle Lester, violin<br>Ian Humphries, violin<br>Kate Musker, viola<br>Tony Hinnigan, cello<br>David Roach, saxophones<br>Simon Haram saxophones<br>Andy Findon, saxophone and flute<br>Toby Coles, trumpet<br>Paul Gardham, French Horn<br>Nigel Barr, trombone<br>Martin Elliott, electric bass<br>in collaboration with Euritmica<\/p>\n\n\n\n<p><strong>POLISH CELLO QUARTET<\/strong><br>cello quartet: Adam Krzeszowiec, Wojciech Fudala, Krzysztof Karpeta, Tomasz Darochuna<br>co-production Festival de Wallonie (Belgium), Festival International de musique d&#8217;Ankara (Turkey), Klara Festival (Belgium), Wratislavia Cantans (Poland), Sax\u00e5 kammarmusic Festival (Sweden), and Mittelfest 2016<br>with the collaboration of EuroRadio, the radio stations of Belgium, Turkey, Poland, Sweden and RadioRAI &#8211; Friuli Venezia Giulia<\/p>\n\n\n\n<p><strong>IL RITORNO DI IRENE<\/strong><br>by Gigio Brunello and Gyula Molnar<br>with Alberto De Bastiani<br>props and sculptures by Gigio Brunello<br>Alberto De Bastiani Company<\/p>\n\n\n\n<p><strong>BIRDIE<\/strong><br>creation Alex Serrano, Pau Palacios, Fernando Dordal<br>performance Alex Serrano, Pau Palacios, Alberto Barber\u00e1<br>voice Simone Milsdochter<br>production Agrupaci\u00f3n Se\u00f1or Serrano, GREC Festival de Barcelona, Fabrique de Th\u00e9\u00e2tre &#8211; Service des Arts de la Sc\u00e8ne de la Province de Hainaut, Festival Terrassa Noves Tend\u00e8ncies, Monty Kultuurfaktorij, Konfrontacje Teatralne Festival<br>With the support of the Cultural Office of Spain&#8217;s Embassy in Brussels, Departament de Cultura de la Generalitat, Centre International de Formation en Arts du Spectacle de Brussels.<br>Special thanks to La Biennale di Venezia &#8211; Biennale College Teatro 2015, Mini Animal Toys <br>Sponsorship: Safari Ltd.<\/p>\n\n\n\n<p><strong>IL SAPORE DELLA TERRA<\/strong><br>directed and coordinated by Claudio de Maglio<br>directed by the teachers of the participating Academies: Marcin Przybylski (The Aleksander Zelwerowicz National Academy of Dramatic Art Warsaw &#8211; Poland) Anna Dubrovskaya (The Boris Shchukin Theatre Institute &#8211; Moscow &#8211; Russia) Daniel Bausch (Scuola Teatro Dimitri &#8211; Verscio &#8211; Switzerland) Alexander Iliev (NAFTA &#8211; National Academy of Theatre and Film Art &#8220;Krastyo Sarafov&#8221; &#8211; Sofia &#8211; Bulgaria)<br>with the students of the 2nd and 3rd year of the Civica Accademia d&#8217;Arte Drammatica Nico Pepe &#8211; Udine and the students of the participating Academies of Poland, Russia, Switzerland, Bulgaria<br>production Civica Accademia d&#8217;Arte Drammatica Nico Pepe &#8211; Udine<\/p>\n\n\n\n<p><strong>LA POLVERE E IL SOFFIO<\/strong><br>art dialogue between Vittorio Sgarbi and don Alessio Geretti<br>Rappresentatione di Anima et di Corpo rappresentazione per recitar cantando<br>accompanied by Serena Pellegrino<br>from an idea by Cristiano Dell&#8217;Oste<br>music Emilio de&#8217; Cavalieri (ca. 1550 &#8211; 1602)<br>Choir of Friuli Venezia Giulia<br>Baroque Ensemble of the San Marco Orchestra of Pordenone<br>director Cristiano Dell&#8217;Oste<br>with interventions by Vittorio Sgarbi and Alessio Geretti<br>Moderator: Serena Pellegrino<br>with Mara Corazza (the Soul), Luca Dordolo (the Body), Mauro Borgioni (the Council, the Time), Claudio Zinutti (the Intellect), Matteo Pigato (the Guardian Angel), Baltazar Zuniga (the Pleasure), Peter Gus (Pleasure companion), Roberto Lizzio (Pleasure companion), Enrico Basello (the World), Elisabetta Gasparotto (the Worldly Life), Eleonora Serena (the Blessed Soul), Fullvio Trapani (the Damned Soul)<br>co-production Coro del Friuli Venezia Giulia and Mittelfest 2016<br>in collaboration with Wunderkammer Trieste and Orchestra San Marco (Pordenone)<\/p>\n\n\n\n<p><strong>LE QUATTRO STAGIONI PRIMAVERA ED ESTATE<\/strong><br>project conception Roberto Cocconi, Marta Bevilacqua<br>choreographers Roberto Cocconi, Marta Bevilacqua<br>music The Four Seasons by Antonio Vivaldi<br>rewriting by Max Richter<br>dancers Luisa Amprimo, Marta Bevilacqua, Luca Campanella, Roberto Cocconi, Irene Ferrara, Angelica Margherita, Gioia Martinelli, Daniele Palmeri, Marco Pericoli Andrea Rizzo, Valentina Saggin, Nicol Soravito, Anna Savanelli, Carolina Valentini, Luca Zampar technical direction Fausto Bonvini<br>organisation Giulia Birriolo<br>production Arearea<br>in co-production with Mittelfest 2016<br>with the support of MiBACT<\/p>\n\n\n\n<p>PRIMAVERA<strong>&nbsp;<\/strong><br>choreography Roberto Cocconi<br>dancers Gioia Martinelli, Irene Ferrara, Marco Pericoli, Nicol Soravito, Carolina Valentini<\/p>\n\n\n\n<p>ESTATE<br>choreography Marta Bevilacqua<br>dancers Angelica Margherita, Anna Savanelli, Valentina Saggin, Marta Bevilacqua, Luisa Amprimo<\/p>\n\n\n\n<p><strong>SIMONE CRISTICCHI IL SECONDO FIGLIO DI DIO<\/strong><br>written by Manfredi Rutelli and Simone Cristicchi<br>with Simone Cristicchi<br>directed by Antonio Calenda<br>original music by Simone Cristicchi and Valter Sivilotti<br>performed by Marco Bianchi, guitars and live looping<br>Andrea Musto, cello<br>Francesco Tirelli, percussions<br>Sebastiano Zorza, accordion<br>with the Choir Ensemble Magnificat of Caravaggio<br>director Valter Sivilotti<br>production CTB Centro Teatrale Bresciano \/ Promo Music<br>with the collaboration of Mittelfest 2016 and Dueffel Music<br>thanks to Andrea Anselmini<\/p>\n\n\n\n<p><strong>PLAY STRINDBERG<\/strong><br>by Friedrich D\u00fcrrenmatt<br>translation Luciano Codignola<br>direction Franco Per\u00f2<br>scenes by Antonio Fiorentino<br>music by Antonio Di Pofi<br>with Maria Paiato, Franco Castellano, Maurizio Donadoni<br>coproduction Teatro Stabile del Friuli Venezia Giulia, Artisti Riuniti, Mittelfest 2016<\/p>\n\n\n\n<p><strong>LE QUATTRO STAGIONIAUTUNNO E INVERNO<\/strong><br>project conception Roberto Cocconi, Marta Bevilacqua<br>choreographers Roberto Cocconi, Marta Bevilacqua<br>music The Four Seasons by Antonio Vivaldi<br>rewriting by Max Richter<br>dancers Luisa Amprimo, Marta Bevilacqua, Luca Campanella, Roberto Cocconi, Irene Ferrara, Angelica Margherita, Gioia Martinelli, Daniele Palmeri, Marco Pericoli Andrea Rizzo, Valentina Saggin, Nicol Soravito, Anna Savanelli, Carolina Valentini, Luca Zampar technical direction Fausto Bonvini<br>organisation Giulia Birriolo<br>production Arearea<br>in co-production with Mittelfest 2016<br>with the support of MiBACT<\/p>\n\n\n\n<p>AUTUNNO<br>choreography Roberto Cocconi<br>assistant to choreography Luca Zampar<br>dancers Luca Campanella, Roberto Cocconi, Andrea Rizzo, Daniele Palmeri, Luca Zampar<\/p>\n\n\n\n<p>INVERNO<br>choreography Marta Bevilacqua<br>dancers Luca Campanella, Roberto Cocconi, Andrea Rizzo, Daniele Palmeri, Luca Zampar, Angelica Margherita, Anna Savanelli, Valentina Saggin, Marta Bevilacqua, Luisa Amprimo<\/p>\n\n\n\n<p><strong>L\u2019OISEAU DE FEU \/ THE WASTE LAND<\/strong><br>music by Igor Stravinsky, P\u00ebtr Il&#8217;i\u010d \u010cajkovskij, Manuel De Falla e Cristian Carrara<br>Slovenska Filharmonija &#8211; Ljubljana&nbsp;<br>director Nir Kabaretti&nbsp;<br>soloist Danusha Waskiewicz<\/p>\n\n\n\n<p><strong>CONSERVATORI \/ INNOVATORI 1<\/strong><br>music by Johan Sebastian Bach, Ludwig van Beethoven, Franz Liszt, Richard Wagner, Maurice Ravel&nbsp;<br>in collaboration with Conservatorio di musica Giuseppe Tartini di Trieste<\/p>\n\n\n\n<p><strong>CONSERVATORI \/ INNOVATORI 2<\/strong><br>music by Wolfgang Amadeus Mozart, B\u00e9la Bart\u00f3k, Ludwig van Beethoven, Camille Saint-Sa\u00ebns<br>in collaboration with Conservatorio di musica Giuseppe Tartini di Trieste<\/p>\n\n\n\n<p><strong>CONSERVATORI \/ INNOVATORI 3<\/strong><br>music by Aram Khachaturian, Darius Milhaud, Igor Stravinsky&nbsp;<br>Tania Haunzwickl, clarinet<br>Giovanni Di Lena, violin<br>Daniele Russo, piano<br>in collaboration with Conservatorio di musica Giuseppe Tartini di Trieste<\/p>\n","protected":false},"excerpt":{"rendered":"<p>MENOCCHIOfrom an idea by Renato Mianifreely inspired by Il formaggio e i vermi by Carlo Ginzburg and Domenico Scandella called Menocchioby Andrea Del Colmusica and Renato Mianilibretto Francesca Tuscanodirection, scenes, costumes Ivan Stefanuttichoreography Fausta Mazzucchelliconductor and concertmaster Eddi de NadaiGabriele Ribis, baritoneDomenico Scandella called Menocchio, millerBranko Robin\u0161ak, tenorOdorico Vorai, parish priest of MonterealeNicholas Isherwood, bass,<\/p>\n<div class=\"mt-4\"><a href=\"https:\/\/mittelfest.nelquadrato.com\/en\/2016-terra\/\" class=\"ondina ondina--nera font-semi-bold\">Read more<\/a><\/div>\n","protected":false},"author":2,"featured_media":908,"parent":0,"menu_order":26,"comment_status":"closed","ping_status":"closed","template":"views\/template-edizione.blade.php","meta":{"footnotes":"","_links_to":"","_links_to_target":""},"class_list":["post-2070","page","type-page","status-publish","has-post-thumbnail","hentry"],"yoast_head":"<!-- This site is optimized with the Yoast SEO plugin v16.1.1 - https:\/\/yoast.com\/wordpress\/plugins\/seo\/ -->\n<title>2016 - Terra - Mittelfest<\/title>\n<link rel=\"canonical\" href=\"https:\/\/mittelfest.nelquadrato.com\/en\/2016-terra\/\" \/>\n<meta property=\"og:locale\" content=\"en_US\" \/>\n<meta property=\"og:type\" content=\"article\" \/>\n<meta property=\"og:title\" content=\"2016 - Terra - Mittelfest\" \/>\n<meta property=\"og:description\" content=\"MENOCCHIOfrom an idea by Renato Mianifreely inspired by Il formaggio e i vermi by Carlo Ginzburg and Domenico Scandella called Menocchioby Andrea Del Colmusica and Renato Mianilibretto Francesca Tuscanodirection, scenes, costumes Ivan Stefanuttichoreography Fausta Mazzucchelliconductor and concertmaster Eddi de NadaiGabriele Ribis, baritoneDomenico Scandella called Menocchio, millerBranko Robin\u0161ak, tenorOdorico Vorai, parish priest of MonterealeNicholas Isherwood, bass,Read more\" \/>\n<meta property=\"og:url\" content=\"https:\/\/mittelfest.nelquadrato.com\/en\/2016-terra\/\" \/>\n<meta property=\"og:site_name\" content=\"Mittelfest\" \/>\n<meta property=\"article:publisher\" content=\"https:\/\/www.facebook.com\/mittelfest\" \/>\n<meta property=\"article:modified_time\" content=\"2021-04-01T10:59:40+00:00\" \/>\n<meta property=\"og:image\" content=\"https:\/\/mittelfest.nelquadrato.com\/wp-content\/uploads\/2021\/02\/2016edizione.jpg\" \/>\n\t<meta property=\"og:image:width\" content=\"500\" \/>\n\t<meta property=\"og:image:height\" content=\"707\" \/>\n<meta name=\"twitter:card\" content=\"summary_large_image\" \/>\n<meta name=\"twitter:label1\" content=\"Est. reading time\">\n\t<meta name=\"twitter:data1\" content=\"10 minutes\">\n<script type=\"application\/ld+json\" class=\"yoast-schema-graph\">{\"@context\":\"https:\/\/schema.org\",\"@graph\":[{\"@type\":\"WebSite\",\"@id\":\"https:\/\/mittelfest.nelquadrato.com\/en\/#website\",\"url\":\"https:\/\/mittelfest.nelquadrato.com\/en\/\",\"name\":\"Mittelfest\",\"description\":\"\",\"potentialAction\":[{\"@type\":\"SearchAction\",\"target\":\"https:\/\/mittelfest.nelquadrato.com\/en\/?s={search_term_string}\",\"query-input\":\"required name=search_term_string\"}],\"inLanguage\":\"en-US\"},{\"@type\":\"ImageObject\",\"@id\":\"https:\/\/mittelfest.nelquadrato.com\/en\/2016-terra\/#primaryimage\",\"inLanguage\":\"en-US\",\"url\":\"https:\/\/mittelfest.nelquadrato.com\/wp-content\/uploads\/2021\/02\/2016edizione.jpg\",\"contentUrl\":\"https:\/\/mittelfest.nelquadrato.com\/wp-content\/uploads\/2021\/02\/2016edizione.jpg\",\"width\":500,\"height\":707},{\"@type\":\"WebPage\",\"@id\":\"https:\/\/mittelfest.nelquadrato.com\/en\/2016-terra\/#webpage\",\"url\":\"https:\/\/mittelfest.nelquadrato.com\/en\/2016-terra\/\",\"name\":\"2016 - Terra - Mittelfest\",\"isPartOf\":{\"@id\":\"https:\/\/mittelfest.nelquadrato.com\/en\/#website\"},\"primaryImageOfPage\":{\"@id\":\"https:\/\/mittelfest.nelquadrato.com\/en\/2016-terra\/#primaryimage\"},\"datePublished\":\"2021-03-30T14:42:18+00:00\",\"dateModified\":\"2021-04-01T10:59:40+00:00\",\"breadcrumb\":{\"@id\":\"https:\/\/mittelfest.nelquadrato.com\/en\/2016-terra\/#breadcrumb\"},\"inLanguage\":\"en-US\",\"potentialAction\":[{\"@type\":\"ReadAction\",\"target\":[\"https:\/\/mittelfest.nelquadrato.com\/en\/2016-terra\/\"]}]},{\"@type\":\"BreadcrumbList\",\"@id\":\"https:\/\/mittelfest.nelquadrato.com\/en\/2016-terra\/#breadcrumb\",\"itemListElement\":[{\"@type\":\"ListItem\",\"position\":1,\"item\":{\"@type\":\"WebPage\",\"@id\":\"https:\/\/mittelfest.nelquadrato.com\/en\/\",\"url\":\"https:\/\/mittelfest.nelquadrato.com\/en\/\",\"name\":\"Home\"}},{\"@type\":\"ListItem\",\"position\":2,\"item\":{\"@type\":\"WebPage\",\"@id\":\"https:\/\/mittelfest.nelquadrato.com\/en\/2016-terra\/\",\"url\":\"https:\/\/mittelfest.nelquadrato.com\/en\/2016-terra\/\",\"name\":\"2016 &#8211; Terra\"}}]}]}<\/script>\n<!-- \/ Yoast SEO plugin. -->","_links":{"self":[{"href":"https:\/\/mittelfest.nelquadrato.com\/en\/wp-json\/wp\/v2\/pages\/2070","targetHints":{"allow":["GET"]}}],"collection":[{"href":"https:\/\/mittelfest.nelquadrato.com\/en\/wp-json\/wp\/v2\/pages"}],"about":[{"href":"https:\/\/mittelfest.nelquadrato.com\/en\/wp-json\/wp\/v2\/types\/page"}],"author":[{"embeddable":true,"href":"https:\/\/mittelfest.nelquadrato.com\/en\/wp-json\/wp\/v2\/users\/2"}],"replies":[{"embeddable":true,"href":"https:\/\/mittelfest.nelquadrato.com\/en\/wp-json\/wp\/v2\/comments?post=2070"}],"version-history":[{"count":2,"href":"https:\/\/mittelfest.nelquadrato.com\/en\/wp-json\/wp\/v2\/pages\/2070\/revisions"}],"predecessor-version":[{"id":2099,"href":"https:\/\/mittelfest.nelquadrato.com\/en\/wp-json\/wp\/v2\/pages\/2070\/revisions\/2099"}],"wp:featuredmedia":[{"embeddable":true,"href":"https:\/\/mittelfest.nelquadrato.com\/en\/wp-json\/wp\/v2\/media\/908"}],"wp:attachment":[{"href":"https:\/\/mittelfest.nelquadrato.com\/en\/wp-json\/wp\/v2\/media?parent=2070"}],"curies":[{"name":"wp","href":"https:\/\/api.w.org\/{rel}","templated":true}]}}