{"id":1636,"date":"2021-02-09T09:18:40","date_gmt":"2021-02-09T09:18:40","guid":{"rendered":"https:\/\/www.mittelfest.org\/chi-siamo\/"},"modified":"2022-07-05T09:02:51","modified_gmt":"2022-07-05T08:02:51","slug":"chi-siamo","status":"publish","type":"page","link":"https:\/\/mittelfest.nelquadrato.com\/fur\/chi-siamo\/","title":{"rendered":"Cui Che O Sin"},"content":{"rendered":"\n<p>La Associazion ricognossude Mittelfest e organize un festival multidissiplin\u00e2r (teatri, musiche e danze) e internazion\u00e2l, operant in d\u00f4s direzions: di une bande tant che vetrine di spetacul dal v\u00eef in Italie; di ch\u00ea altre, tant che istituzion cultur\u00e2l inlidrisade tal teritori di Civid\u00e2t, te regjon Fri\u00fbl -Vignesie Julie. La Associazion e agj\u00ecs tant che puint tra la dimension nazion\u00e2l e ch\u00ea mitteleuropeane.<\/p>\n\n\n\n<p>Mittelfest al \u00e8 nass\u00fbt tal 1991, intun moment di incuintri rinov\u00e2t tra Est e Ovest, intal ambit de &#8220;Pentagon\u00e2l&#8221;, che in ch\u00ea volte e cjapave dentri i guviers di Italie, Austrie, Jugoslavie, Cecoslovachie e Ongjarie; tai agns dopo si \u00e8 slargjade a 19 Nazions dal Centri e dal Est Europe dant vite ae Iniziative Centri Europeane (InCe&nbsp;\u2013&nbsp;Cei).<\/p>\n\n\n\n<p>La prime edizion dal festival e \u00e0 viod\u00fbt la ripartizion de direzion artistiche tra cinc diviersis personalit\u00e2ts, di ancjetancj pa\u00ees: Giorgio&nbsp;Pressburger&nbsp;(Ongjarie\/Italie),&nbsp;Tom\u00e1s&nbsp;Ascher&nbsp;(Ongjarie),&nbsp;Jovan&nbsp;\u0106irilov&nbsp;(Jugoslavie),&nbsp;Ji\u0159i&nbsp;Menzel(Cecoslovachie) e&nbsp;George&nbsp;Tabori&nbsp;(Austrie). Di trente agns, Mittelfest, cul so festival, al \u00e8 l\u00fbc di incuintri tra lis diviersis lenghis e culturis de aree centri europeane e balcaniche.<\/p>\n\n\n\n<p>Vu\u00ea, midiant dal teatri, de musiche e de danze, il Mittelfest al prom\u00f4f il dialic tra 27 pa\u00ees europeans: Albanie, Austrie, Belgjiche, Bielorussie, Bosgne e Erzegovine, Bulgarie,&nbsp;Cravuazie, Estonie, Gjermanie, Grecie, Italie, Cossovo, Letonie, Lituanie, Macedonie dal Nord, Moldavie, Montenegro, Ongjarie, Pa\u00ees Bas, Polonie, Republiche Ceche, Romanie, Serbie, Slovachie, Slovenie, Svuizare, Ucraine.<\/p>\n","protected":false},"excerpt":{"rendered":"<p>La Associazion ricognossude Mittelfest e organize un festival multidissiplin\u00e2r (teatri, musiche e danze) e internazion\u00e2l, operant in d\u00f4s direzions: di une bande tant che vetrine di spetacul dal v\u00eef in Italie; di ch\u00ea altre, tant che istituzion cultur\u00e2l inlidrisade tal teritori di Civid\u00e2t, te regjon Fri\u00fbl -Vignesie Julie. La Associazion e agj\u00ecs tant che puint<\/p>\n<div class=\"mt-4\"><a href=\"https:\/\/mittelfest.nelquadrato.com\/fur\/chi-siamo\/\" class=\"ondina ondina--nera font-semi-bold\">Lei dut<\/a><\/div>\n","protected":false},"author":1,"featured_media":0,"parent":0,"menu_order":0,"comment_status":"closed","ping_status":"closed","template":"","meta":{"footnotes":"","_links_to":"","_links_to_target":""},"class_list":["post-1636","page","type-page","status-publish","hentry"],"yoast_head":"<!-- This site is optimized with the Yoast SEO plugin v16.1.1 - https:\/\/yoast.com\/wordpress\/plugins\/seo\/ -->\n<title>Cui Che O Sin - Mittelfest<\/title>\n<link rel=\"canonical\" href=\"https:\/\/mittelfest.nelquadrato.com\/fur\/chi-siamo\/\" \/>\n<meta property=\"og:locale\" content=\"en_US\" \/>\n<meta property=\"og:type\" content=\"article\" \/>\n<meta property=\"og:title\" content=\"Cui Che O Sin - Mittelfest\" \/>\n<meta property=\"og:description\" content=\"La Associazion ricognossude Mittelfest e organize un festival multidissiplin\u00e2r (teatri, musiche e danze) e internazion\u00e2l, operant in d\u00f4s direzions: di une bande tant che vetrine di spetacul dal v\u00eef in Italie; di ch\u00ea altre, tant che istituzion cultur\u00e2l inlidrisade tal teritori di Civid\u00e2t, te regjon Fri\u00fbl -Vignesie Julie. La Associazion e agj\u00ecs tant che puintLei dut\" \/>\n<meta property=\"og:url\" content=\"https:\/\/mittelfest.nelquadrato.com\/fur\/chi-siamo\/\" \/>\n<meta property=\"og:site_name\" content=\"Mittelfest\" \/>\n<meta property=\"article:publisher\" content=\"https:\/\/www.facebook.com\/mittelfest\" \/>\n<meta property=\"article:modified_time\" content=\"2022-07-05T08:02:51+00:00\" \/>\n<meta property=\"og:image\" content=\"https:\/\/mittelfest.nelquadrato.com\/wp-content\/uploads\/2021\/03\/foto-home_v1.jpg\" \/>\n\t<meta property=\"og:image:width\" content=\"2048\" \/>\n\t<meta property=\"og:image:height\" content=\"1152\" \/>\n<meta name=\"twitter:card\" content=\"summary_large_image\" \/>\n<meta name=\"twitter:label1\" content=\"Est. reading time\">\n\t<meta name=\"twitter:data1\" content=\"1 minute\">\n<script type=\"application\/ld+json\" class=\"yoast-schema-graph\">{\"@context\":\"https:\/\/schema.org\",\"@graph\":[{\"@type\":\"WebSite\",\"@id\":\"https:\/\/mittelfest.nelquadrato.com\/fur\/#website\",\"url\":\"https:\/\/mittelfest.nelquadrato.com\/fur\/\",\"name\":\"Mittelfest\",\"description\":\"\",\"potentialAction\":[{\"@type\":\"SearchAction\",\"target\":\"https:\/\/mittelfest.nelquadrato.com\/fur\/?s={search_term_string}\",\"query-input\":\"required name=search_term_string\"}],\"inLanguage\":\"fur-FUR\"},{\"@type\":\"WebPage\",\"@id\":\"https:\/\/mittelfest.nelquadrato.com\/fur\/chi-siamo\/#webpage\",\"url\":\"https:\/\/mittelfest.nelquadrato.com\/fur\/chi-siamo\/\",\"name\":\"Cui Che O Sin - Mittelfest\",\"isPartOf\":{\"@id\":\"https:\/\/mittelfest.nelquadrato.com\/fur\/#website\"},\"datePublished\":\"2021-02-09T09:18:40+00:00\",\"dateModified\":\"2022-07-05T08:02:51+00:00\",\"breadcrumb\":{\"@id\":\"https:\/\/mittelfest.nelquadrato.com\/fur\/chi-siamo\/#breadcrumb\"},\"inLanguage\":\"fur-FUR\",\"potentialAction\":[{\"@type\":\"ReadAction\",\"target\":[\"https:\/\/mittelfest.nelquadrato.com\/fur\/chi-siamo\/\"]}]},{\"@type\":\"BreadcrumbList\",\"@id\":\"https:\/\/mittelfest.nelquadrato.com\/fur\/chi-siamo\/#breadcrumb\",\"itemListElement\":[{\"@type\":\"ListItem\",\"position\":1,\"item\":{\"@type\":\"WebPage\",\"@id\":\"https:\/\/mittelfest.nelquadrato.com\/fur\/\",\"url\":\"https:\/\/mittelfest.nelquadrato.com\/fur\/\",\"name\":\"Home\"}},{\"@type\":\"ListItem\",\"position\":2,\"item\":{\"@type\":\"WebPage\",\"@id\":\"https:\/\/mittelfest.nelquadrato.com\/fur\/chi-siamo\/\",\"url\":\"https:\/\/mittelfest.nelquadrato.com\/fur\/chi-siamo\/\",\"name\":\"Cui Che O Sin\"}}]}]}<\/script>\n<!-- \/ Yoast SEO plugin. -->","_links":{"self":[{"href":"https:\/\/mittelfest.nelquadrato.com\/fur\/wp-json\/wp\/v2\/pages\/1636","targetHints":{"allow":["GET"]}}],"collection":[{"href":"https:\/\/mittelfest.nelquadrato.com\/fur\/wp-json\/wp\/v2\/pages"}],"about":[{"href":"https:\/\/mittelfest.nelquadrato.com\/fur\/wp-json\/wp\/v2\/types\/page"}],"author":[{"embeddable":true,"href":"https:\/\/mittelfest.nelquadrato.com\/fur\/wp-json\/wp\/v2\/users\/1"}],"replies":[{"embeddable":true,"href":"https:\/\/mittelfest.nelquadrato.com\/fur\/wp-json\/wp\/v2\/comments?post=1636"}],"version-history":[{"count":9,"href":"https:\/\/mittelfest.nelquadrato.com\/fur\/wp-json\/wp\/v2\/pages\/1636\/revisions"}],"predecessor-version":[{"id":24925,"href":"https:\/\/mittelfest.nelquadrato.com\/fur\/wp-json\/wp\/v2\/pages\/1636\/revisions\/24925"}],"wp:attachment":[{"href":"https:\/\/mittelfest.nelquadrato.com\/fur\/wp-json\/wp\/v2\/media?parent=1636"}],"curies":[{"name":"wp","href":"https:\/\/api.w.org\/{rel}","templated":true}]}}