{"id":1640,"date":"2021-02-23T21:04:37","date_gmt":"2021-02-23T20:04:37","guid":{"rendered":"https:\/\/www.mittelfest.org\/mittelland\/"},"modified":"2022-05-05T15:54:50","modified_gmt":"2022-05-05T14:54:50","slug":"mittelland","status":"publish","type":"page","link":"https:\/\/mittelfest.nelquadrato.com\/fur\/mittelland\/","title":{"rendered":"Mittelland"},"content":{"rendered":"\n<p class=\"text-sm w-2\/3\">Mittelfest si realize a Civid\u00e2t in dialic cu lis Vals dal Nadison e de Tor, inte regjon Fri\u00fbl -Vignesie Julie. Cont\u00e2 chescj l\u00fbcs al \u00e8 il compit des iniziativis di&nbsp;Mittelland&nbsp;che, cu lis s\u00f4s ativit\u00e2ts dentri dal teritori e a pro di chel, a fasin vivi Mittelfest dut l&#8217;an.<\/p>\n\n\n\n<div class=\"sepa-ondina\"><\/div>\n\n\n\n<h2 class=\"text-3xl wp-block-heading\"><strong>Mappe parlanti<\/strong><\/h2>\n\n\n\n<figure class=\"wp-block-image size-large\"><img decoding=\"async\" src=\"https:\/\/mittelfest.nelquadrato.com\/wp-content\/uploads\/2021\/02\/Mittelland-partecipa.jpg\" alt=\"\" class=\"wp-image-195\"\/><\/figure>\n\n\n\n<p>Fondazion\u00a0<em>Radio Magica onlus<\/em>, su comission e cu la poie di\u00a0Mittefest, e je da\u00fbr a cre\u00e2 la\u00a0<em>Mappa Parlante\u00ae<\/em>\u00a0di Civid\u00e2t e des Vals de Tor e dal Nadison par racuei e par difondi storiis e curiosit\u00e2ts dai comuns des d\u00f4s vals.<\/p>\n\n\n\n<p>Va sul s\u00eet di&nbsp;<em>Radio Magica<\/em>&nbsp;par partecip\u00e2 al cuistionari<\/p>\n\n\n\n<p class=\"has-ondina--nera\"><strong><a href=\"http:\/\/www.radiomagica.org\/\" target=\"_blank\" rel=\"noreferrer noopener\">Radio Magica<\/a><\/strong><\/p>\n","protected":false},"excerpt":{"rendered":"<p>Mittelfest si realize a Civid\u00e2t in dialic cu lis Vals dal Nadison e de Tor, inte regjon Fri\u00fbl -Vignesie Julie. Cont\u00e2 chescj l\u00fbcs al \u00e8 il compit des iniziativis di&nbsp;Mittelland&nbsp;che, cu lis s\u00f4s ativit\u00e2ts dentri dal teritori e a pro di chel, a fasin vivi Mittelfest dut l&#8217;an. Mappe parlanti Fondazion\u00a0Radio Magica onlus, su comission<\/p>\n<div class=\"mt-4\"><a href=\"https:\/\/mittelfest.nelquadrato.com\/fur\/mittelland\/\" class=\"ondina ondina--nera font-semi-bold\">Lei dut<\/a><\/div>\n","protected":false},"author":1,"featured_media":17450,"parent":0,"menu_order":0,"comment_status":"closed","ping_status":"closed","template":"views\/template-mittelland.blade.php","meta":{"footnotes":"","_links_to":"","_links_to_target":""},"class_list":["post-1640","page","type-page","status-publish","has-post-thumbnail","hentry"],"yoast_head":"<!-- This site is optimized with the Yoast SEO plugin v16.1.1 - https:\/\/yoast.com\/wordpress\/plugins\/seo\/ -->\n<title>Mittelland - Mittelfest<\/title>\n<link rel=\"canonical\" href=\"https:\/\/mittelfest.nelquadrato.com\/fur\/mittelland\/\" \/>\n<meta property=\"og:locale\" content=\"en_US\" \/>\n<meta property=\"og:type\" content=\"article\" \/>\n<meta property=\"og:title\" content=\"Mittelland - Mittelfest\" \/>\n<meta property=\"og:description\" content=\"Mittelfest si realize a Civid\u00e2t in dialic cu lis Vals dal Nadison e de Tor, inte regjon Fri\u00fbl -Vignesie Julie. Cont\u00e2 chescj l\u00fbcs al \u00e8 il compit des iniziativis di&nbsp;Mittelland&nbsp;che, cu lis s\u00f4s ativit\u00e2ts dentri dal teritori e a pro di chel, a fasin vivi Mittelfest dut l&#8217;an. Mappe parlanti Fondazion\u00a0Radio Magica onlus, su comissionLei dut\" \/>\n<meta property=\"og:url\" content=\"https:\/\/mittelfest.nelquadrato.com\/fur\/mittelland\/\" \/>\n<meta property=\"og:site_name\" content=\"Mittelfest\" \/>\n<meta property=\"article:publisher\" content=\"https:\/\/www.facebook.com\/mittelfest\" \/>\n<meta property=\"article:modified_time\" content=\"2022-05-05T14:54:50+00:00\" \/>\n<meta property=\"og:image\" content=\"https:\/\/mittelfest.nelquadrato.com\/wp-content\/uploads\/2022\/04\/Mittelland_logo-1-e1650384345119.png\" \/>\n\t<meta property=\"og:image:width\" content=\"843\" \/>\n\t<meta property=\"og:image:height\" content=\"454\" \/>\n<meta name=\"twitter:card\" content=\"summary_large_image\" \/>\n<meta name=\"twitter:label1\" content=\"Est. reading time\">\n\t<meta name=\"twitter:data1\" content=\"1 minute\">\n<script type=\"application\/ld+json\" class=\"yoast-schema-graph\">{\"@context\":\"https:\/\/schema.org\",\"@graph\":[{\"@type\":\"WebSite\",\"@id\":\"https:\/\/mittelfest.nelquadrato.com\/fur\/#website\",\"url\":\"https:\/\/mittelfest.nelquadrato.com\/fur\/\",\"name\":\"Mittelfest\",\"description\":\"\",\"potentialAction\":[{\"@type\":\"SearchAction\",\"target\":\"https:\/\/mittelfest.nelquadrato.com\/fur\/?s={search_term_string}\",\"query-input\":\"required name=search_term_string\"}],\"inLanguage\":\"fur-FUR\"},{\"@type\":\"ImageObject\",\"@id\":\"https:\/\/mittelfest.nelquadrato.com\/fur\/mittelland\/#primaryimage\",\"inLanguage\":\"fur-FUR\",\"url\":\"https:\/\/mittelfest.nelquadrato.com\/wp-content\/uploads\/2022\/04\/Mittelland_logo-1-e1650384345119.png\",\"contentUrl\":\"https:\/\/mittelfest.nelquadrato.com\/wp-content\/uploads\/2022\/04\/Mittelland_logo-1-e1650384345119.png\",\"width\":843,\"height\":454},{\"@type\":\"WebPage\",\"@id\":\"https:\/\/mittelfest.nelquadrato.com\/fur\/mittelland\/#webpage\",\"url\":\"https:\/\/mittelfest.nelquadrato.com\/fur\/mittelland\/\",\"name\":\"Mittelland - Mittelfest\",\"isPartOf\":{\"@id\":\"https:\/\/mittelfest.nelquadrato.com\/fur\/#website\"},\"primaryImageOfPage\":{\"@id\":\"https:\/\/mittelfest.nelquadrato.com\/fur\/mittelland\/#primaryimage\"},\"datePublished\":\"2021-02-23T20:04:37+00:00\",\"dateModified\":\"2022-05-05T14:54:50+00:00\",\"breadcrumb\":{\"@id\":\"https:\/\/mittelfest.nelquadrato.com\/fur\/mittelland\/#breadcrumb\"},\"inLanguage\":\"fur-FUR\",\"potentialAction\":[{\"@type\":\"ReadAction\",\"target\":[\"https:\/\/mittelfest.nelquadrato.com\/fur\/mittelland\/\"]}]},{\"@type\":\"BreadcrumbList\",\"@id\":\"https:\/\/mittelfest.nelquadrato.com\/fur\/mittelland\/#breadcrumb\",\"itemListElement\":[{\"@type\":\"ListItem\",\"position\":1,\"item\":{\"@type\":\"WebPage\",\"@id\":\"https:\/\/mittelfest.nelquadrato.com\/fur\/\",\"url\":\"https:\/\/mittelfest.nelquadrato.com\/fur\/\",\"name\":\"Home\"}},{\"@type\":\"ListItem\",\"position\":2,\"item\":{\"@type\":\"WebPage\",\"@id\":\"https:\/\/mittelfest.nelquadrato.com\/fur\/mittelland\/\",\"url\":\"https:\/\/mittelfest.nelquadrato.com\/fur\/mittelland\/\",\"name\":\"Mittelland\"}}]}]}<\/script>\n<!-- \/ Yoast SEO plugin. -->","_links":{"self":[{"href":"https:\/\/mittelfest.nelquadrato.com\/fur\/wp-json\/wp\/v2\/pages\/1640","targetHints":{"allow":["GET"]}}],"collection":[{"href":"https:\/\/mittelfest.nelquadrato.com\/fur\/wp-json\/wp\/v2\/pages"}],"about":[{"href":"https:\/\/mittelfest.nelquadrato.com\/fur\/wp-json\/wp\/v2\/types\/page"}],"author":[{"embeddable":true,"href":"https:\/\/mittelfest.nelquadrato.com\/fur\/wp-json\/wp\/v2\/users\/1"}],"replies":[{"embeddable":true,"href":"https:\/\/mittelfest.nelquadrato.com\/fur\/wp-json\/wp\/v2\/comments?post=1640"}],"version-history":[{"count":4,"href":"https:\/\/mittelfest.nelquadrato.com\/fur\/wp-json\/wp\/v2\/pages\/1640\/revisions"}],"predecessor-version":[{"id":20510,"href":"https:\/\/mittelfest.nelquadrato.com\/fur\/wp-json\/wp\/v2\/pages\/1640\/revisions\/20510"}],"wp:featuredmedia":[{"embeddable":true,"href":"https:\/\/mittelfest.nelquadrato.com\/fur\/wp-json\/wp\/v2\/media\/17450"}],"wp:attachment":[{"href":"https:\/\/mittelfest.nelquadrato.com\/fur\/wp-json\/wp\/v2\/media?parent=1640"}],"curies":[{"name":"wp","href":"https:\/\/api.w.org\/{rel}","templated":true}]}}