{"id":1653,"date":"2021-02-19T14:07:26","date_gmt":"2021-02-19T14:07:26","guid":{"rendered":"https:\/\/www.mittelfest.org\/mittelyoung\/"},"modified":"2022-12-15T12:12:31","modified_gmt":"2022-12-15T11:12:31","slug":"mittelyoung","status":"publish","type":"page","link":"https:\/\/mittelfest.nelquadrato.com\/fur\/mittelyoung\/","title":{"rendered":"Mittelyoung Open Call 2023"},"content":{"rendered":"\n<p><strong>Candidaturis viertis&nbsp;par&nbsp;mittelyoung&nbsp;2023<\/strong>.<\/p>\n\n\n\n<p>La ocasion di jessi part ad implen di une gnove gjenerazion in sene:&nbsp;la Europe zovine e je chi, cum\u00f2.<\/p>\n\n\n\n<p><strong>Dai 18 ai 21 di Mai dal 2023<\/strong> a saran <strong>n\u00fbf<\/strong> i spetacui selezion\u00e2ts che a laran in sene al&nbsp;SNG&nbsp;Nova&nbsp;Gorica&nbsp;e a Civid\u00e2t pe tierce edizion dal festival plui under30 de Europe.<\/p>\n\n\n\n<p><strong>Si pues candid\u00e2si dai 15 di Dicembar dal 2022 ai 15 di Fevr\u00e2r dal 2023<\/strong>.<\/p>\n\n\n\n<p>Lis domandis<strong> a son viertis<\/strong> par artistis, artiscj, grups <strong>under30 <\/strong>di teatri, musiche, danze, circ e multidissiplin\u00e2r che a vegnin di 27 pa\u00ees europeans:&nbsp;Albanie, Austrie, Belgjiche, Bielorussie, Bosgne e Erzegovine, Bulgarie, Cravuazie, Estonie, Gjermanie, Grecie, Italie, Cossovo, Letonie, Lituanie, Macedonie dal Nord, Moldavie, Montenegro, Pa\u00ees Bas, Polonie, Republiche Ceche, Romanie, Serbie, Slovachie, Slovenie, Svuizare, Ucraine, Ongjarie.<\/p>\n\n\n\n<p>Dutis lis candidaturis a saran valutadis di un grup di curadoris e di curad\u00f4rs&nbsp;cun mancul di 30 agns&nbsp;met\u00fbt adun in graciis de colaborazion tra Mittelfest e cualchi istituzion e realt\u00e2t formative dal Fri\u00fbl-Vignesie Julie:<br>Associazion cultur\u00e2l&nbsp;Arearea, Civica Accademia d&#8217;Arte Drammatica Nico Pepe, Conservatori Stat\u00e2l di Musiche Giuseppe&nbsp;Tartini&nbsp;di Triest, Conservatori Stat\u00e2l di Musiche&nbsp;Jacopo&nbsp;Tomadini&nbsp;di Udin, Fondazione Luigi Bon, Universit\u00e2t dai Studis di Triest, Universit\u00e2t dal Fri\u00fbl e ancje Associazion cultur\u00e2l Circo all\u2019incirca, Associazion cultur\u00e2l Quarantasettezeroquattro, Associazion di zovins Robida, Convitto Nazionale Paolo Diacono, Scuele di Danze Erica Bront, Teatro Club Udine &#8211; Pali Teatr\u00e2l dai Students.<\/p>\n\n\n\n<p>Cun di plui, i curad\u00f4rs a vignaran ancje dal&nbsp;SNG&nbsp;Nova&nbsp;Gorica&nbsp;(Slovenie) e dal Carinthischer Sommer Music Festival (Austrie).<\/p>\n\n\n\n<p>Tra lis propuestis rivadis a \u2018nt saran selezionadis 9, par meti adun la programazion di&nbsp;mittelyoung&nbsp;dal m\u00eas di Mai.<\/p>\n\n\n\n<p>Vie pal festival, il stes grup di curadoris e di curad\u00f4rs al selezionar\u00e0, tra i 9 spetacui program\u00e2ts a&nbsp;mittelyoung, i 3 titui vincid\u00f4rs dentri de l\u00f4r categorie di torn\u00e2 a meti in sene dentri di \u201cmittelfest inevitabil\u201d dal 21 ai 30 di Lui dal 2023.<\/p>\n\n\n\n<p>Un spetacul de categorie musiche al podar\u00e0 ancje jessi selezion\u00e2t dal Carinthischer Sommer Music Festival, inte suaze de colaborazion e dal scambi tra&nbsp;mittelyoung&nbsp;e&nbsp;CS&nbsp;under&nbsp;30.<\/p>\n\n\n\n<p>Cun di fat si pues cjap\u00e2 part, pe categorie musiche, sedi ae&nbsp;candidature di&nbsp;mittelyoung&nbsp;sedi a ch\u00ea dal&nbsp;<strong><a href=\"https:\/\/carinthischersommer.at\/csunder30\/\" target=\"_blank\" rel=\"noreferrer noopener\">CS&nbsp;under&nbsp;30<\/a><\/strong>, dai 16 Zen\u00e2r ai 15 Mar\u00e7<\/p>\n\n\n\n<div style=\"height:49px\" aria-hidden=\"true\" class=\"wp-block-spacer\"><\/div>\n\n\n\n<p>Partecipe a mittelyoung:<\/p>\n\n\n\n<p class=\"ondina--nera block\"><strong><a href=\"https:\/\/mittelfest.nelquadrato.com\/wp-content\/uploads\/2022\/12\/MITTELYOUNG-2023-_ITA.pdf\" target=\"_blank\" rel=\"noreferrer noopener\">OpenCall 2023<\/a><\/strong><\/p>\n\n\n\n<p class=\"ondina--nera block\"><strong><a href=\"https:\/\/mittelfest.nelquadrato.com\/wp-content\/uploads\/2022\/12\/MITTELYOUNG-2023DataSheet.pdf\" target=\"_blank\" rel=\"noreferrer noopener\">Technical book<\/a><\/strong><\/p>\n\n\n\n<p class=\"ondina--nera block\"><strong><a href=\"https:\/\/mittelfest.nelquadrato.com\/wp-content\/uploads\/2022\/12\/OpenCall-2023-Candidatura_ITA.pdf\" target=\"_blank\" rel=\"noreferrer noopener\">Scheda candidatura<\/a><\/strong><\/p>\n\n\n\n<p class=\"ondina--nera block\"><strong><a href=\"https:\/\/mittelfest.nelquadrato.com\/wp-content\/uploads\/2022\/12\/OpenCall-2023-Anagrafica_ITA.pdf\" target=\"_blank\" rel=\"noreferrer noopener\">Scheda anagrafica<\/a><\/strong><\/p>\n\n\n\n<p class=\"ondina--nera block\"><strong><a href=\"https:\/\/mittelfest.nelquadrato.com\/wp-content\/uploads\/2022\/12\/OpenCall-2023-FAQ_ITA.pdf\" target=\"_blank\" rel=\"noreferrer noopener\">OpenCall FAQ<\/a><\/strong><\/p>\n","protected":false},"excerpt":{"rendered":"<p>Mitteyoung, il festival under 30 de mitteleurope, al sta rivant!<\/p>\n","protected":false},"author":1,"featured_media":31373,"parent":0,"menu_order":0,"comment_status":"closed","ping_status":"closed","template":"views\/template-header-pieno.blade.php","meta":{"footnotes":"","_links_to":"","_links_to_target":""},"class_list":["post-1653","page","type-page","status-publish","has-post-thumbnail","hentry"],"yoast_head":"<!-- This site is optimized with the Yoast SEO plugin v16.1.1 - https:\/\/yoast.com\/wordpress\/plugins\/seo\/ -->\n<title>Mittelyoung Open Call 2023 - Mittelfest<\/title>\n<meta name=\"description\" content=\"I pa\u00ees interess\u00e2ts intal 2022 a son 27: Albanie, Austrie, Belgjiche, Bielorussie ,Bosgne e Erzegovine, Bulgarie, Cossovo, Cravuazie, Estonie, Gjermanie, Grecie, Italie, Letonie, Lituanie, Macedonie dal Nord, Moldavie, Montenegro, Ongjarie, Pa\u00ees Bas, Polonie, Republiche Ceche, Romanie, Serbie, Slovachie, Slovenie, Svuizare, Ucraine.\" \/>\n<link rel=\"canonical\" href=\"https:\/\/mittelfest.nelquadrato.com\/fur\/mittelyoung\/\" \/>\n<meta property=\"og:locale\" content=\"en_US\" \/>\n<meta property=\"og:type\" content=\"article\" \/>\n<meta property=\"og:title\" content=\"Mittelyoung Open Call 2023 - Mittelfest\" \/>\n<meta property=\"og:description\" content=\"I pa\u00ees interess\u00e2ts intal 2022 a son 27: Albanie, Austrie, Belgjiche, Bielorussie ,Bosgne e Erzegovine, Bulgarie, Cossovo, Cravuazie, Estonie, Gjermanie, Grecie, Italie, Letonie, Lituanie, Macedonie dal Nord, Moldavie, Montenegro, Ongjarie, Pa\u00ees Bas, Polonie, Republiche Ceche, Romanie, Serbie, Slovachie, Slovenie, Svuizare, Ucraine.\" \/>\n<meta property=\"og:url\" content=\"https:\/\/mittelfest.nelquadrato.com\/fur\/mittelyoung\/\" \/>\n<meta property=\"og:site_name\" content=\"Mittelfest\" \/>\n<meta property=\"article:publisher\" content=\"https:\/\/www.facebook.com\/mittelfest\" \/>\n<meta property=\"article:modified_time\" content=\"2022-12-15T11:12:31+00:00\" \/>\n<meta property=\"og:image\" content=\"https:\/\/mittelfest.nelquadrato.com\/wp-content\/uploads\/2022\/12\/Opencall2023-1024x409-1.png\" \/>\n\t<meta property=\"og:image:width\" content=\"1024\" \/>\n\t<meta property=\"og:image:height\" content=\"409\" \/>\n<meta name=\"twitter:card\" content=\"summary_large_image\" \/>\n<meta name=\"twitter:label1\" content=\"Est. reading time\">\n\t<meta name=\"twitter:data1\" content=\"2 minutes\">\n<script type=\"application\/ld+json\" class=\"yoast-schema-graph\">{\"@context\":\"https:\/\/schema.org\",\"@graph\":[{\"@type\":\"WebSite\",\"@id\":\"https:\/\/mittelfest.nelquadrato.com\/fur\/#website\",\"url\":\"https:\/\/mittelfest.nelquadrato.com\/fur\/\",\"name\":\"Mittelfest\",\"description\":\"\",\"potentialAction\":[{\"@type\":\"SearchAction\",\"target\":\"https:\/\/mittelfest.nelquadrato.com\/fur\/?s={search_term_string}\",\"query-input\":\"required name=search_term_string\"}],\"inLanguage\":\"fur-FUR\"},{\"@type\":\"ImageObject\",\"@id\":\"https:\/\/mittelfest.nelquadrato.com\/fur\/mittelyoung\/#primaryimage\",\"inLanguage\":\"fur-FUR\",\"url\":\"https:\/\/mittelfest.nelquadrato.com\/wp-content\/uploads\/2022\/12\/Opencall2023-1024x409-1.png\",\"contentUrl\":\"https:\/\/mittelfest.nelquadrato.com\/wp-content\/uploads\/2022\/12\/Opencall2023-1024x409-1.png\",\"width\":1024,\"height\":409},{\"@type\":\"WebPage\",\"@id\":\"https:\/\/mittelfest.nelquadrato.com\/fur\/mittelyoung\/#webpage\",\"url\":\"https:\/\/mittelfest.nelquadrato.com\/fur\/mittelyoung\/\",\"name\":\"Mittelyoung Open Call 2023 - Mittelfest\",\"isPartOf\":{\"@id\":\"https:\/\/mittelfest.nelquadrato.com\/fur\/#website\"},\"primaryImageOfPage\":{\"@id\":\"https:\/\/mittelfest.nelquadrato.com\/fur\/mittelyoung\/#primaryimage\"},\"datePublished\":\"2021-02-19T14:07:26+00:00\",\"dateModified\":\"2022-12-15T11:12:31+00:00\",\"description\":\"I pa\\u00ees interess\\u00e2ts intal 2022 a son 27: Albanie, Austrie, Belgjiche, Bielorussie ,Bosgne e Erzegovine, Bulgarie, Cossovo, Cravuazie, Estonie, Gjermanie, Grecie, Italie, Letonie, Lituanie, Macedonie dal Nord, Moldavie, Montenegro, Ongjarie, Pa\\u00ees Bas, Polonie, Republiche Ceche, Romanie, Serbie, Slovachie, Slovenie, Svuizare, Ucraine.\",\"breadcrumb\":{\"@id\":\"https:\/\/mittelfest.nelquadrato.com\/fur\/mittelyoung\/#breadcrumb\"},\"inLanguage\":\"fur-FUR\",\"potentialAction\":[{\"@type\":\"ReadAction\",\"target\":[\"https:\/\/mittelfest.nelquadrato.com\/fur\/mittelyoung\/\"]}]},{\"@type\":\"BreadcrumbList\",\"@id\":\"https:\/\/mittelfest.nelquadrato.com\/fur\/mittelyoung\/#breadcrumb\",\"itemListElement\":[{\"@type\":\"ListItem\",\"position\":1,\"item\":{\"@type\":\"WebPage\",\"@id\":\"https:\/\/mittelfest.nelquadrato.com\/fur\/\",\"url\":\"https:\/\/mittelfest.nelquadrato.com\/fur\/\",\"name\":\"Home\"}},{\"@type\":\"ListItem\",\"position\":2,\"item\":{\"@type\":\"WebPage\",\"@id\":\"https:\/\/mittelfest.nelquadrato.com\/fur\/mittelyoung\/\",\"url\":\"https:\/\/mittelfest.nelquadrato.com\/fur\/mittelyoung\/\",\"name\":\"Mittelyoung Open Call 2023\"}}]}]}<\/script>\n<!-- \/ Yoast SEO plugin. -->","_links":{"self":[{"href":"https:\/\/mittelfest.nelquadrato.com\/fur\/wp-json\/wp\/v2\/pages\/1653","targetHints":{"allow":["GET"]}}],"collection":[{"href":"https:\/\/mittelfest.nelquadrato.com\/fur\/wp-json\/wp\/v2\/pages"}],"about":[{"href":"https:\/\/mittelfest.nelquadrato.com\/fur\/wp-json\/wp\/v2\/types\/page"}],"author":[{"embeddable":true,"href":"https:\/\/mittelfest.nelquadrato.com\/fur\/wp-json\/wp\/v2\/users\/1"}],"replies":[{"embeddable":true,"href":"https:\/\/mittelfest.nelquadrato.com\/fur\/wp-json\/wp\/v2\/comments?post=1653"}],"version-history":[{"count":23,"href":"https:\/\/mittelfest.nelquadrato.com\/fur\/wp-json\/wp\/v2\/pages\/1653\/revisions"}],"predecessor-version":[{"id":31514,"href":"https:\/\/mittelfest.nelquadrato.com\/fur\/wp-json\/wp\/v2\/pages\/1653\/revisions\/31514"}],"wp:featuredmedia":[{"embeddable":true,"href":"https:\/\/mittelfest.nelquadrato.com\/fur\/wp-json\/wp\/v2\/media\/31373"}],"wp:attachment":[{"href":"https:\/\/mittelfest.nelquadrato.com\/fur\/wp-json\/wp\/v2\/media?parent=1653"}],"curies":[{"name":"wp","href":"https:\/\/api.w.org\/{rel}","templated":true}]}}