{"id":1696,"date":"2021-02-26T14:19:15","date_gmt":"2021-02-26T13:19:15","guid":{"rendered":"https:\/\/www.mittelfest.org\/festival\/"},"modified":"2022-11-21T15:08:47","modified_gmt":"2022-11-21T14:08:47","slug":"mittelfest","status":"publish","type":"page","link":"https:\/\/mittelfest.nelquadrato.com\/fur\/mittelfest\/","title":{"rendered":"Mittelfest"},"content":{"rendered":"\n<p class=\"has-large-font-size\">#inevitabile<\/p>\n\n\n\n<p class=\"has-medium-font-size\">(inevitabil)<\/p>\n\n\n\n<div class=\"wp-block-columns is-layout-flex wp-container-core-columns-is-layout-9d6595d7 wp-block-columns-is-layout-flex\">\n<div class=\"wp-block-column space-y-2 is-layout-flow wp-block-column-is-layout-flow\" style=\"flex-basis:70%\">\n<p style=\"font-size:22px\"><\/p>\n\n\n\n<p style=\"font-size:14px\">In ch\u00ea bab\u00eal di lenghis no si capivisi, ma si jere dut c\u00e2s un\u00eets intun stes destin.<br>Vasilij Grossman, <em>Vita e destino<\/em><\/p>\n\n\n\n<p style=\"font-size:14px\">Coincidencis e intenzions, s\u00e2r a son d\u00f4s musis dal stes ara\u00e7. Une des d\u00f4s e pues jessi plui plasevule cuant che si le cjale, ma no si pues d\u00ee che e sedi vere e ch\u00ea altre false.<br>Ted Chiang, <em>Il mercante e il portale dell\u2019alchimista<\/em><\/p>\n<\/div>\n\n\n\n<div class=\"wp-block-column is-layout-flow wp-block-column-is-layout-flow\" style=\"flex-basis:30%\"><\/div>\n<\/div>\n\n\n\n<div style=\"height:31px\" aria-hidden=\"true\" class=\"wp-block-spacer\"><\/div>\n\n\n\n<p>Intal c\u00fbr di une cit\u00e2t antighe di orient, al p\u00e2r che al esisti un l\u00fbc segret, in aparence une buteghe semplice, ma incolme di ogjets miracol\u00f4s: cui che al passe e al cjarece svelt e cence pens\u00e2i la puarte, nol viodar\u00e8s nuie di strani. Al finir\u00e8s par l\u00e2 indenant. Invezit il viandant zovin, cence mete e pretesis, si\u00f4r dome dal so timp e de s\u00f4 curiosit\u00e2t, che al pues torze\u00e2 plen di fam pal reticul ingrede\u00e2t des stradis vecjis, al var\u00e0 la fortune di pass\u00e2 il soi\u00e2r. Alore il proprietari blanc di cjavei, un alchimist, i mostrar\u00e0, forsit, chel so spieli strani, che al parone tal centri de stanzie. Il voli atent dal viandant al \u00e0 za viodude la strambarie dal so rifl\u00e8s. Nol \u00e8 un spieli, ma un port\u00e2l dai agns. De bande drete de curn\u00ees, i ven dit, si vi\u00f4t chel stes l\u00fbc ca di vincj agns. De bande \u00e7ampe, invezit, al \u00e8 chel stes l\u00fbc vincj agns inda\u00fbr. Cualsisedi al pues pass\u00e2 il port\u00e2l, pal fut\u00fbr tant che pal pass\u00e2t. Il viandant, sedot de s\u00f4 curiosit\u00e2t che nol rive a stratign\u00ee, lu passe a man drete, par cir\u00ee il se stes dal doman. Ce i risiervaraie la vite? Esistaraial ancjem\u00f2, saraial si\u00f4r o condan\u00e2t a pitoc\u00e2? Il zovin al cjatar\u00e0 se stes, plui anzian e si\u00f4r, pront a acet\u00e2lu cun conseis gjener\u00f4s e cidin\u00f4rs medit\u00e2ts. Cuant che, malcuiet e scatur\u00eet, al tornar\u00e0 dal port\u00e2l, il viandant al tornar\u00e0 a vivi il disvilup norm\u00e2l dal so timp: al riscjar\u00e0, al sopuartar\u00e0, al gjondar\u00e0, al sfadiar\u00e0, fin che al deventar\u00e0 un marcjadant si\u00f4r e espert, plen di une sapience che e sa pandi conseis e cidin\u00f4rs juscj. Dome alore al tornar\u00e0 li dal port\u00e2l, no plui par pass\u00e2lu, ma par d\u00eei graciis al alchimist misteri\u00f4s, sodisfat di cem\u00fbt che al \u00e8 riv\u00e2t insom ae vite: al sint di v\u00eale puartade indenant cun saviet\u00e2t, ma nol sa se pes s\u00f4s sieltis o pal destin inevitabil.<\/p>\n\n\n\n<p>Il nestri timp, se cjal\u00e2t par inda\u00fbr, si disvoluce line\u00e2r e sig\u00fbr, tant che il f\u00eel tiess\u00fbt des Parchis latinis, o des Nornis gjermanichis, lis filadoris misteriosis dai events umans imberde\u00e2ts. Cualsisedi fat si pant tant che un moment che no si pues evit\u00e2 di une storie uniche e lungje. Tant al v\u00e2l pe vite di ognidun di n\u00f4, in maniere individu\u00e2l, tant al v\u00e2l par ch\u00ea di ducj. Alore, vuelial d\u00ee che lis sieltis che o fas\u00ecn no son nestris, parc\u00e8 che a son determinadis di un destin za d\u00e2t? Sbriss\u00ecno svelts, tant che balutis suntun plan inclin\u00e2t, dretis bande une mete che no si pues svuinc\u00e2? E se, a p\u00f4cs pas de rivade, al suced\u00e8s alc e il cors dai events al mud\u00e0s? Se une des balutis e sbal\u00e7\u00e0s vie dal plan, saressial ancje chest un fat inevitabil?<\/p>\n\n\n\n<p>Riv\u00e2ts, cem\u00fbt che al scriveve Italo Calvino inte s\u00f4 sfide al labirint, \u201cinte fase de industrializazion tot\u00e2l e de automazion\u201d, sino costrets forsit a agj\u00ee tant che automis, a sotst\u00e2 ai mecanisims implacabii dal algoritmi di turni, a f\u00e2 pas inevitabii intun mont li che \u201clis machinis a son plui indenant dai oms e lis robis a comandin lis cussiencis\u201d? Cu\u00e2l isal il margjin lass\u00e2t ancjem\u00f2 ae sielte decisive, a ch\u00ea in st\u00e2t di cambi\u00e2 l&#8217;andament di un mecanisim che al somee imutabil.<\/p>\n\n\n\n<p>Tant che il viandant che al passe il port\u00e2l dai agns, o tant che cui che al \u00e8 da\u00fbr a cir\u00ee rispuestis pal propri fut\u00fbr, dal dissen dai tarocs e de v\u00f4s inmagante dal cartomant, la vision di un fut\u00fbr lontan, ferme li devant di n\u00f4, par trop che a une prime cjalade e p\u00e2r jessi clare e definide, e reste per\u00f2 ingjanose, parc\u00e8 che no disvele nuie de strade lungje che e covente f\u00e2 par riv\u00e2i. Cjalade di lontan e isolade dal rest, la mete di un fut\u00fbr distant, che e sedi sedutore o teribile cem\u00fbt che e je la fortune dai tarocs, e pues apar\u00ee sedi definide che inevitabile. Ep\u00fbr, a pene che si jentre intal labirint dai events, ve che i siei segns a tornin a confondisi. Si torne di gn\u00fbf a mol\u00e2 o a combati cu lis decisions cjapadis e mancjadis, cence sav\u00ea mai se, intal ben o intal m\u00e2l, il pont di rivade che nus spiete al sedi o nol sedi inevitabil. Cuiss\u00e0, forsit ogni destin al \u00e8 une sielte.<\/p>\n\n\n\n<div style=\"height:27px\" aria-hidden=\"true\" class=\"wp-block-spacer\"><\/div>\n\n\n\n<p>Giacomo Pedini, Direzion artistiche<\/p>\n","protected":false},"excerpt":{"rendered":"<p>#inevitabile (inevitabil) In ch\u00ea bab\u00eal di lenghis no si capivisi, ma si jere dut c\u00e2s un\u00eets intun stes destin.Vasilij Grossman, Vita e destino Coincidencis e intenzions, s\u00e2r a son d\u00f4s musis dal stes ara\u00e7. Une des d\u00f4s e pues jessi plui plasevule cuant che si le cjale, ma no si pues d\u00ee che e sedi<\/p>\n<div class=\"mt-4\"><a href=\"https:\/\/mittelfest.nelquadrato.com\/fur\/mittelfest\/\" class=\"ondina ondina--nera font-semi-bold\">Lei dut<\/a><\/div>\n","protected":false},"author":2,"featured_media":31067,"parent":0,"menu_order":0,"comment_status":"closed","ping_status":"closed","template":"views\/template-spettacoli.blade.php","meta":{"footnotes":"","_links_to":"","_links_to_target":""},"class_list":["post-1696","page","type-page","status-publish","has-post-thumbnail","hentry"],"yoast_head":"<!-- This site is optimized with the Yoast SEO plugin v16.1.1 - https:\/\/yoast.com\/wordpress\/plugins\/seo\/ -->\n<title>Mittelfest - Mittelfest<\/title>\n<link rel=\"canonical\" href=\"https:\/\/mittelfest.nelquadrato.com\/fur\/mittelfest\/\" \/>\n<meta property=\"og:locale\" content=\"en_US\" \/>\n<meta property=\"og:type\" content=\"article\" \/>\n<meta property=\"og:title\" content=\"Mittelfest - Mittelfest\" \/>\n<meta property=\"og:description\" content=\"#inevitabile (inevitabil) In ch\u00ea bab\u00eal di lenghis no si capivisi, ma si jere dut c\u00e2s un\u00eets intun stes destin.Vasilij Grossman, Vita e destino Coincidencis e intenzions, s\u00e2r a son d\u00f4s musis dal stes ara\u00e7. Une des d\u00f4s e pues jessi plui plasevule cuant che si le cjale, ma no si pues d\u00ee che e sediLei dut\" \/>\n<meta property=\"og:url\" content=\"https:\/\/mittelfest.nelquadrato.com\/fur\/mittelfest\/\" \/>\n<meta property=\"og:site_name\" content=\"Mittelfest\" \/>\n<meta property=\"article:publisher\" content=\"https:\/\/www.facebook.com\/mittelfest\" \/>\n<meta property=\"article:modified_time\" content=\"2022-11-21T14:08:47+00:00\" \/>\n<meta property=\"og:image\" content=\"https:\/\/mittelfest.nelquadrato.com\/wp-content\/uploads\/2022\/11\/Mittelfest_2023_Hero.jpg\" \/>\n\t<meta property=\"og:image:width\" content=\"2048\" \/>\n\t<meta property=\"og:image:height\" content=\"918\" \/>\n<meta name=\"twitter:card\" content=\"summary_large_image\" \/>\n<meta name=\"twitter:label1\" content=\"Est. reading time\">\n\t<meta name=\"twitter:data1\" content=\"4 minutes\">\n<script type=\"application\/ld+json\" class=\"yoast-schema-graph\">{\"@context\":\"https:\/\/schema.org\",\"@graph\":[{\"@type\":\"WebSite\",\"@id\":\"https:\/\/mittelfest.nelquadrato.com\/fur\/#website\",\"url\":\"https:\/\/mittelfest.nelquadrato.com\/fur\/\",\"name\":\"Mittelfest\",\"description\":\"\",\"potentialAction\":[{\"@type\":\"SearchAction\",\"target\":\"https:\/\/mittelfest.nelquadrato.com\/fur\/?s={search_term_string}\",\"query-input\":\"required name=search_term_string\"}],\"inLanguage\":\"fur-FUR\"},{\"@type\":\"ImageObject\",\"@id\":\"https:\/\/mittelfest.nelquadrato.com\/fur\/mittelfest\/#primaryimage\",\"inLanguage\":\"fur-FUR\",\"url\":\"https:\/\/mittelfest.nelquadrato.com\/wp-content\/uploads\/2022\/11\/Mittelfest_2023_Hero.jpg\",\"contentUrl\":\"https:\/\/mittelfest.nelquadrato.com\/wp-content\/uploads\/2022\/11\/Mittelfest_2023_Hero.jpg\",\"width\":2048,\"height\":918},{\"@type\":\"WebPage\",\"@id\":\"https:\/\/mittelfest.nelquadrato.com\/fur\/mittelfest\/#webpage\",\"url\":\"https:\/\/mittelfest.nelquadrato.com\/fur\/mittelfest\/\",\"name\":\"Mittelfest - Mittelfest\",\"isPartOf\":{\"@id\":\"https:\/\/mittelfest.nelquadrato.com\/fur\/#website\"},\"primaryImageOfPage\":{\"@id\":\"https:\/\/mittelfest.nelquadrato.com\/fur\/mittelfest\/#primaryimage\"},\"datePublished\":\"2021-02-26T13:19:15+00:00\",\"dateModified\":\"2022-11-21T14:08:47+00:00\",\"breadcrumb\":{\"@id\":\"https:\/\/mittelfest.nelquadrato.com\/fur\/mittelfest\/#breadcrumb\"},\"inLanguage\":\"fur-FUR\",\"potentialAction\":[{\"@type\":\"ReadAction\",\"target\":[\"https:\/\/mittelfest.nelquadrato.com\/fur\/mittelfest\/\"]}]},{\"@type\":\"BreadcrumbList\",\"@id\":\"https:\/\/mittelfest.nelquadrato.com\/fur\/mittelfest\/#breadcrumb\",\"itemListElement\":[{\"@type\":\"ListItem\",\"position\":1,\"item\":{\"@type\":\"WebPage\",\"@id\":\"https:\/\/mittelfest.nelquadrato.com\/fur\/\",\"url\":\"https:\/\/mittelfest.nelquadrato.com\/fur\/\",\"name\":\"Home\"}},{\"@type\":\"ListItem\",\"position\":2,\"item\":{\"@type\":\"WebPage\",\"@id\":\"https:\/\/mittelfest.nelquadrato.com\/fur\/mittelfest\/\",\"url\":\"https:\/\/mittelfest.nelquadrato.com\/fur\/mittelfest\/\",\"name\":\"Mittelfest\"}}]}]}<\/script>\n<!-- \/ Yoast SEO plugin. -->","_links":{"self":[{"href":"https:\/\/mittelfest.nelquadrato.com\/fur\/wp-json\/wp\/v2\/pages\/1696","targetHints":{"allow":["GET"]}}],"collection":[{"href":"https:\/\/mittelfest.nelquadrato.com\/fur\/wp-json\/wp\/v2\/pages"}],"about":[{"href":"https:\/\/mittelfest.nelquadrato.com\/fur\/wp-json\/wp\/v2\/types\/page"}],"author":[{"embeddable":true,"href":"https:\/\/mittelfest.nelquadrato.com\/fur\/wp-json\/wp\/v2\/users\/2"}],"replies":[{"embeddable":true,"href":"https:\/\/mittelfest.nelquadrato.com\/fur\/wp-json\/wp\/v2\/comments?post=1696"}],"version-history":[{"count":11,"href":"https:\/\/mittelfest.nelquadrato.com\/fur\/wp-json\/wp\/v2\/pages\/1696\/revisions"}],"predecessor-version":[{"id":31254,"href":"https:\/\/mittelfest.nelquadrato.com\/fur\/wp-json\/wp\/v2\/pages\/1696\/revisions\/31254"}],"wp:featuredmedia":[{"embeddable":true,"href":"https:\/\/mittelfest.nelquadrato.com\/fur\/wp-json\/wp\/v2\/media\/31067"}],"wp:attachment":[{"href":"https:\/\/mittelfest.nelquadrato.com\/fur\/wp-json\/wp\/v2\/media?parent=1696"}],"curies":[{"name":"wp","href":"https:\/\/api.w.org\/{rel}","templated":true}]}}