{"id":6544,"date":"2021-05-25T16:24:42","date_gmt":"2021-05-25T15:24:42","guid":{"rendered":"https:\/\/www.mittelfest.org\/biglietti\/"},"modified":"2022-10-20T10:09:54","modified_gmt":"2022-10-20T09:09:54","slug":"biglietti","status":"publish","type":"page","link":"https:\/\/mittelfest.nelquadrato.com\/fur\/biglietti\/","title":{"rendered":"BILIETS 2022"},"content":{"rendered":"\n<figure class=\"wp-block-image size-large\"><img loading=\"lazy\" decoding=\"async\" width=\"1024\" height=\"683\" src=\"https:\/\/mittelfest.nelquadrato.com\/wp-content\/uploads\/2022\/06\/Porta-1024x683.jpg\" alt=\"\" class=\"wp-image-24296\" srcset=\"https:\/\/mittelfest.nelquadrato.com\/wp-content\/uploads\/2022\/06\/Porta-1024x683.jpg 1024w, https:\/\/mittelfest.nelquadrato.com\/wp-content\/uploads\/2022\/06\/Porta-300x200.jpg 300w, https:\/\/mittelfest.nelquadrato.com\/wp-content\/uploads\/2022\/06\/Porta-768x512.jpg 768w, https:\/\/mittelfest.nelquadrato.com\/wp-content\/uploads\/2022\/06\/Porta-1536x1024.jpg 1536w, https:\/\/mittelfest.nelquadrato.com\/wp-content\/uploads\/2022\/06\/Porta.jpg 1920w\" sizes=\"auto, (max-width: 1024px) 100vw, 1024px\" \/><\/figure>\n\n\n\n<p><strong>UFFICIO INFORMAZIONI<\/strong><br>Borgo di Ponte \u2013 Cividale del Friuli<br>TEL. 0432 \/ 733 966<\/p>\n\n\n\n<p>ORARIO<br>Dal 16 giugno al 21 luglio:<br>11.00 &#8211; 13.00 \/ 17.00 &#8211; 19.00<\/p>\n\n\n\n<p>Dal 22 al 31 luglio: <br>11.00 &#8211; 13.00 \/ 17.00 &#8211; 22.00<\/p>\n\n\n\n<p>CHIUSO <br>luned\u00ec 20\/27 giugno, 4\/11 luglio<\/p>\n\n\n\n<hr class=\"wp-block-separator has-alpha-channel-opacity\"\/>\n\n\n\n<p><strong>MITTELSHOP INFO<\/strong><br>Il Curt\u00eel di Firmine<br>Via A. Manzoni &#8211; Cividale del Friuli<\/p>\n\n\n\n<p>ORARIO<br>Dal 1 al 3 luglio: 10.00 &#8211; 12.00 \/ 17.00 \u2013 19.00<br>Dal 8 al 10 luglio: 10.00 &#8211; 12.00 \/ 17.00 \u2013 19.00<br>Dal 21 al 31 luglio: 10.00 &#8211; 12.00 \/ 17.00 \u2013 19.00<\/p>\n\n\n\n<hr class=\"wp-block-separator has-alpha-channel-opacity\"\/>\n\n\n\n<figure class=\"wp-block-image size-large\"><img loading=\"lazy\" decoding=\"async\" width=\"1024\" height=\"683\" src=\"https:\/\/mittelfest.nelquadrato.com\/wp-content\/uploads\/2022\/06\/SIRENETTO2-1024x683.jpg\" alt=\"\" class=\"wp-image-24302\" srcset=\"https:\/\/mittelfest.nelquadrato.com\/wp-content\/uploads\/2022\/06\/SIRENETTO2-1024x683.jpg 1024w, https:\/\/mittelfest.nelquadrato.com\/wp-content\/uploads\/2022\/06\/SIRENETTO2-300x200.jpg 300w, https:\/\/mittelfest.nelquadrato.com\/wp-content\/uploads\/2022\/06\/SIRENETTO2-768x512.jpg 768w, https:\/\/mittelfest.nelquadrato.com\/wp-content\/uploads\/2022\/06\/SIRENETTO2-1536x1024.jpg 1536w, https:\/\/mittelfest.nelquadrato.com\/wp-content\/uploads\/2022\/06\/SIRENETTO2.jpg 1920w\" sizes=\"auto, (max-width: 1024px) 100vw, 1024px\" \/><\/figure>\n\n\n\n<p><strong>BIGLIETTERIA<\/strong><br>Borgo di Ponte &#8211; Cividale del Friuli<br>TEL. 0432 \/ 734 316<\/p>\n\n\n\n<p>ORARIO<br>Dal 16 giugno al 21 luglio: 11.00 &#8211; 13.00 \/ 17.00 &#8211; 19.00<\/p>\n\n\n\n<p>Dal 22 al 31 luglio: 11.00 &#8211; 13.00 \/ 17.00 &#8211; 22.00<\/p>\n\n\n\n<p>CHIUSO <br>luned\u00ec 20\/27 giugno, 4\/11 luglio<\/p>\n\n\n\n<hr class=\"wp-block-separator has-alpha-channel-opacity\"\/>\n\n\n\n<p><strong>BIGLIETTERIA WEB<\/strong><br>Vendita biglietti, on-line e da punti vendita Vivaticket da MARTED\u00cc 21 GIUGNO ORE 11.00<\/p>\n\n\n\n<p>Prevendita online: <a href=\"https:\/\/www.vivaticket.it\"><mark style=\"background-color:rgba(0, 0, 0, 0)\" class=\"has-inline-color has-vivid-cyan-blue-color\">https:\/\/www.vivaticket.it<\/mark><\/a><br>Call center Vivaticket 892.234<br>Punti vendita Vivaticket: l\u2019elenco completo \u00e8 consultabile sul sito alla pagina <a href=\"https:\/\/www.vivaticket.it\/ita\/ricercapv\"><mark style=\"background-color:rgba(0, 0, 0, 0)\" class=\"has-inline-color has-vivid-cyan-blue-color\">https:\/\/www.vivaticket.it\/ita\/ricercapv<\/mark><\/a><\/p>\n\n\n\n<figure class=\"wp-block-image size-large\"><img loading=\"lazy\" decoding=\"async\" width=\"1024\" height=\"683\" src=\"https:\/\/mittelfest.nelquadrato.com\/wp-content\/uploads\/2022\/06\/MittelfestAPP-1024x683.jpg\" alt=\"\" class=\"wp-image-24266\" srcset=\"https:\/\/mittelfest.nelquadrato.com\/wp-content\/uploads\/2022\/06\/MittelfestAPP-1024x683.jpg 1024w, https:\/\/mittelfest.nelquadrato.com\/wp-content\/uploads\/2022\/06\/MittelfestAPP-300x200.jpg 300w, https:\/\/mittelfest.nelquadrato.com\/wp-content\/uploads\/2022\/06\/MittelfestAPP-768x512.jpg 768w, https:\/\/mittelfest.nelquadrato.com\/wp-content\/uploads\/2022\/06\/MittelfestAPP-1536x1024.jpg 1536w, https:\/\/mittelfest.nelquadrato.com\/wp-content\/uploads\/2022\/06\/MittelfestAPP.jpg 1920w\" sizes=\"auto, (max-width: 1024px) 100vw, 1024px\" \/><\/figure>\n\n\n\n<hr class=\"wp-block-separator has-alpha-channel-opacity\"\/>\n\n\n\n<p><strong>ABBONAMENTI<\/strong><br>SOLO su appuntamento tel. 0432 \/ 734 316 oppure <a href=\"mailto:biglietteriamittelfest@gmail.com\"><mark style=\"background-color:rgba(0, 0, 0, 0)\" class=\"has-inline-color has-vivid-cyan-blue-color\">biglietteriamittelfest@gmail.com<\/mark><\/a><br>Dal 16 giugno al 21 luglio: 11.00 &#8211; 13.00 \/ 17.00 &#8211; 19.00<\/p>\n\n\n\n<p>Dal 22 al 31 luglio: 11.00 &#8211; 13.00 \/ 17.00 &#8211; 22.00<\/p>\n\n\n\n<p>CHIUSO<br>luned\u00ec 20\/27 giugno, 4\/11 luglio<\/p>\n\n\n\n<figure class=\"wp-block-table\"><table><tbody><tr><td><strong>ABBONAMENTI CON SPETTACOLI A SCELTA<\/strong><\/td><td>Intero<\/td><td>Ridotto*<\/td><td>Giovani**<\/td><\/tr><tr><td><strong>Mittelfest 20<\/strong><\/td><td>215,00\u20ac<\/td><td>170,00\u20ac<\/td><td>156,00\u20ac<\/td><\/tr><tr><td><strong>Mittelfest 18<\/strong><\/td><td>198,00\u20ac<\/td><td>156,00\u20ac<\/td><td>144,00\u20ac<\/td><\/tr><tr><td><strong>Mittelfest 12<\/strong><\/td><td>144,00\u20ac<\/td><td>132,00\u20ac<\/td><td>120,00\u20ac<\/td><\/tr><tr><td><strong>Mittelfest 7<\/strong><\/td><td>98,00\u20ac<\/td><td>84,00\u20ac<\/td><td>77,00\u20ac<\/td><\/tr><tr><td><strong>Mittelfest 5<\/strong><\/td><td>70,00\u20ac<\/td><td>65,00\u20ac<\/td><td>60,00\u20ac<\/td><\/tr><\/tbody><\/table><\/figure>\n\n\n\n<p><strong>Esclusi da tutti gli abbonamenti da 7 e da 5:<br><\/strong>La Rappresentante di Lista #symphonic #mymammatour<br>Rosada!<\/p>\n\n\n\n<p><strong>RIDOTTO<\/strong> * over 65 anni, correntisti Banca di Cividale SpA,  residenti Cividale del Friuli, possessori FVG CARD, aderenti Fogol\u00e2rs Furlans di Ente Friuli Nel Mondo, FAI, Gruppi convenzionati<br><strong>GIOVANI**<\/strong> fino a 26 anni<br><strong>Bambini: gratis su tutti gli spettacoli fino a 6 anni<\/strong> con prenotazione obbligatoria tramite Info Point o e-mail biglietteriamittelfest@gmail.com<\/p>\n\n\n\n<hr class=\"wp-block-separator has-alpha-channel-opacity\"\/>\n\n\n\n<figure class=\"wp-block-image size-large\"><img loading=\"lazy\" decoding=\"async\" width=\"1024\" height=\"683\" src=\"https:\/\/mittelfest.nelquadrato.com\/wp-content\/uploads\/2022\/06\/Famiglia-1-1024x683.jpg\" alt=\"\" class=\"wp-image-24307\" srcset=\"https:\/\/mittelfest.nelquadrato.com\/wp-content\/uploads\/2022\/06\/Famiglia-1-1024x683.jpg 1024w, https:\/\/mittelfest.nelquadrato.com\/wp-content\/uploads\/2022\/06\/Famiglia-1-300x200.jpg 300w, https:\/\/mittelfest.nelquadrato.com\/wp-content\/uploads\/2022\/06\/Famiglia-1-768x512.jpg 768w, https:\/\/mittelfest.nelquadrato.com\/wp-content\/uploads\/2022\/06\/Famiglia-1-1536x1024.jpg 1536w, https:\/\/mittelfest.nelquadrato.com\/wp-content\/uploads\/2022\/06\/Famiglia-1.jpg 1920w\" sizes=\"auto, (max-width: 1024px) 100vw, 1024px\" \/><\/figure>\n\n\n\n<figure class=\"wp-block-table\"><table><tbody><tr><td><strong>PROGETTO FAMIGLIA<\/strong><\/td><td>Adulti<\/td><td>Bambini 6-12 anni<\/td><\/tr><tr><td><strong>Mr. Moon<\/strong><\/td><td>10,00\u20ac<\/td><td>2,00\u20ac<\/td><\/tr><tr><td><strong>Kuku<\/strong><\/td><td>10,00\u20ac<\/td><td>2,00\u20ac<\/td><\/tr><tr><td><strong>Pizz&#8217;n&#8217;Zip<\/strong><\/td><td>10,00\u20ac<\/td><td>2,00\u20ac<\/td><\/tr><\/tbody><\/table><\/figure>\n\n\n\n<hr class=\"wp-block-separator has-alpha-channel-opacity\"\/>\n\n\n\n<figure class=\"wp-block-image size-large\"><img loading=\"lazy\" decoding=\"async\" width=\"1024\" height=\"683\" src=\"https:\/\/mittelfest.nelquadrato.com\/wp-content\/uploads\/2022\/06\/CarnetAmici-1024x683.jpg\" alt=\"\" class=\"wp-image-24278\" srcset=\"https:\/\/mittelfest.nelquadrato.com\/wp-content\/uploads\/2022\/06\/CarnetAmici-1024x683.jpg 1024w, https:\/\/mittelfest.nelquadrato.com\/wp-content\/uploads\/2022\/06\/CarnetAmici-300x200.jpg 300w, https:\/\/mittelfest.nelquadrato.com\/wp-content\/uploads\/2022\/06\/CarnetAmici-768x512.jpg 768w, https:\/\/mittelfest.nelquadrato.com\/wp-content\/uploads\/2022\/06\/CarnetAmici-1536x1024.jpg 1536w, https:\/\/mittelfest.nelquadrato.com\/wp-content\/uploads\/2022\/06\/CarnetAmici.jpg 1920w\" sizes=\"auto, (max-width: 1024px) 100vw, 1024px\" \/><\/figure>\n\n\n\n<div class=\"wp-block-columns is-layout-flex wp-container-core-columns-is-layout-9d6595d7 wp-block-columns-is-layout-flex\">\n<div class=\"wp-block-column is-layout-flow wp-block-column-is-layout-flow\" style=\"flex-basis:100%\">\n<figure class=\"wp-block-table\"><table><tbody><tr><td><strong>CARNET AMICI<\/strong> <\/td><td><\/td><\/tr><tr><td><strong>Carnet amici 12<\/strong><\/td><td>144,00\u20ac<\/td><\/tr><tr><td><strong>Carnet amici 6<\/strong><\/td><td>78,00\u20ac<\/td><\/tr><tr><td><strong>Carnet amici 4<\/strong><\/td><td>56,00\u20ac<\/td><\/tr><\/tbody><\/table><\/figure>\n<\/div>\n<\/div>\n\n\n\n<p><strong>Esclusi gli spettacoli: <\/strong><br>La Rappresentante di Lista #symphonic #mymammatour<br>Rosada!<\/p>\n\n\n\n<p><strong>CARD MITTELYOUNG<\/strong><br>Ingresso cumulativo per i tre spettacoli selezionati da Mittelyoung: 24,00\u20ac<\/p>\n\n\n\n<hr class=\"wp-block-separator has-alpha-channel-opacity\"\/>\n\n\n\n<figure class=\"wp-block-image size-large\"><img loading=\"lazy\" decoding=\"async\" width=\"1024\" height=\"683\" src=\"https:\/\/mittelfest.nelquadrato.com\/wp-content\/uploads\/2022\/06\/Biglietti-1024x683.jpg\" alt=\"\" class=\"wp-image-24284\" srcset=\"https:\/\/mittelfest.nelquadrato.com\/wp-content\/uploads\/2022\/06\/Biglietti-1024x683.jpg 1024w, https:\/\/mittelfest.nelquadrato.com\/wp-content\/uploads\/2022\/06\/Biglietti-300x200.jpg 300w, https:\/\/mittelfest.nelquadrato.com\/wp-content\/uploads\/2022\/06\/Biglietti-768x512.jpg 768w, https:\/\/mittelfest.nelquadrato.com\/wp-content\/uploads\/2022\/06\/Biglietti-1536x1024.jpg 1536w, https:\/\/mittelfest.nelquadrato.com\/wp-content\/uploads\/2022\/06\/Biglietti.jpg 1920w\" sizes=\"auto, (max-width: 1024px) 100vw, 1024px\" \/><\/figure>\n\n\n\n<p><strong>BIGLIETTI<\/strong> (<strong>PRENOTAZIONE tel. 0432 \/ 734 316<\/strong>)<br>Dal 16 giugno al 21 luglio: 11.00 &#8211; 13.00 \/ 17.00 &#8211; 19.00<\/p>\n\n\n\n<p>Dal 22 al 31 luglio: 11.00 &#8211; 13.00 \/ 17.00 &#8211; 22.00<\/p>\n\n\n\n<p>CHIUSO: luned\u00ec 20\/27 giugno, 4\/11 luglio<\/p>\n\n\n\n<p><\/p>\n\n\n\n<p><strong>SPETTACOLI A 10\u20ac<br><\/strong>Nymphs<br>Assenza Sparsa<br>Vacation from Love<br>Death and Birth in my life<br>More than meets the ear<\/p>\n\n\n\n<p><strong>SPETTACOLI A 10\u20ac PER ADULTI E 2\u20ac PER BAMBINI 6 &#8211; 12 ANNI<\/strong><br>Mr. Moon<br>KuKu<br>Pizz\u2019n\u2019Zip<\/p>\n\n\n\n<p><strong>SPETTACOLI A 10\u20ac PER ADULTI E 5\u20ac PER BAMBINI 6 &#8211; 12 ANNI<\/strong><br>Progetto Tempesta<\/p>\n\n\n\n<p><strong>SPETTACOLI A 15\u20ac\/13\u20ac\/10\u20ac<\/strong><br>Pier Paolo Suite<br>Apollon Socrag\u00e8te<br>Borderless body &#8211; first steps<br>Simmetrie oblique<br>Vizijos-Le visioni di Vytautas Ma\u010dernis<br>D\u00e9j\u00e0 Walk<\/p>\n\n\n\n<p><strong>SPETTACOLI A 18\u20ac\/15\u20ac\/13\u20ac<\/strong><br>One One One<br>Lasa pur dir\/Pusti naj govorijo<br>Impreviste Eufonie<br>Take Care of Yourself<br>Stand-Alones<br>Ma\u00e7alizi (Massacro)<\/p>\n\n\n\n<p><strong>SPETTACOLI A 20\u20ac\/18\u20ac\/15\u20ac<\/strong><br>La singolarit\u00e0 di Schwarzschild<br>The Handke Project<br>Il silenzio in cima al mondo<br>Unspeakable Joys<br>Onde (Sonore)<br>The Untamed\/Il Selvaggio<br>Promises of Uncertainty<br>Sonate all\u2019improvviso<\/p>\n\n\n\n<p><strong>SPETTACOLI A 25\u20ac\/20\u20ac\/18\u20ac<\/strong><br>Rosada!<\/p>\n\n\n\n<p><strong>SPETTACOLI A 25\u20ac\/20\u20ac\/18\u20ac\/15\u20ac<\/strong><br>La Rappresentante di Lista #symphonic#MyMammatour<\/p>\n\n\n\n<hr class=\"wp-block-separator has-alpha-channel-opacity\"\/>\n\n\n\n<figure class=\"wp-block-image size-large\"><img loading=\"lazy\" decoding=\"async\" width=\"1024\" height=\"683\" src=\"https:\/\/mittelfest.nelquadrato.com\/wp-content\/uploads\/2022\/06\/PCULT-1-1024x683.jpg\" alt=\"\" class=\"wp-image-24312\" srcset=\"https:\/\/mittelfest.nelquadrato.com\/wp-content\/uploads\/2022\/06\/PCULT-1-1024x683.jpg 1024w, https:\/\/mittelfest.nelquadrato.com\/wp-content\/uploads\/2022\/06\/PCULT-1-300x200.jpg 300w, https:\/\/mittelfest.nelquadrato.com\/wp-content\/uploads\/2022\/06\/PCULT-1-768x512.jpg 768w, https:\/\/mittelfest.nelquadrato.com\/wp-content\/uploads\/2022\/06\/PCULT-1-1536x1024.jpg 1536w, https:\/\/mittelfest.nelquadrato.com\/wp-content\/uploads\/2022\/06\/PCULT-1.jpg 1920w\" sizes=\"auto, (max-width: 1024px) 100vw, 1024px\" \/><\/figure>\n\n\n\n<p><strong>PROGETTO CULTURA<\/strong><br>I primi 200 spettatori di DEATH AND BIRTH IN MY LIFE riceveranno in omaggio un biglietto per l\u2019ingresso al Museo Archeologico Nazionale Cividale<\/p>\n","protected":false},"excerpt":{"rendered":"<p>UFFICIO INFORMAZIONIBorgo di Ponte \u2013 Cividale del FriuliTEL. 0432 \/ 733 966 ORARIODal 16 giugno al 21 luglio:11.00 &#8211; 13.00 \/ 17.00 &#8211; 19.00 Dal 22 al 31 luglio: 11.00 &#8211; 13.00 \/ 17.00 &#8211; 22.00 CHIUSO luned\u00ec 20\/27 giugno, 4\/11 luglio MITTELSHOP INFOIl Curt\u00eel di FirmineVia A. Manzoni &#8211; Cividale del Friuli ORARIODal 1<\/p>\n<div class=\"mt-4\"><a href=\"https:\/\/mittelfest.nelquadrato.com\/fur\/biglietti\/\" class=\"ondina ondina--nera font-semi-bold\">Lei dut<\/a><\/div>\n","protected":false},"author":3,"featured_media":0,"parent":0,"menu_order":0,"comment_status":"closed","ping_status":"closed","template":"","meta":{"footnotes":"","_links_to":"","_links_to_target":""},"class_list":["post-6544","page","type-page","status-publish","hentry"],"yoast_head":"<!-- This site is optimized with the Yoast SEO plugin v16.1.1 - https:\/\/yoast.com\/wordpress\/plugins\/seo\/ -->\n<title>BILIETS 2022 - Mittelfest<\/title>\n<link rel=\"canonical\" href=\"https:\/\/mittelfest.nelquadrato.com\/fur\/biglietti\/\" \/>\n<meta property=\"og:locale\" content=\"en_US\" \/>\n<meta property=\"og:type\" content=\"article\" \/>\n<meta property=\"og:title\" content=\"BILIETS 2022 - Mittelfest\" \/>\n<meta property=\"og:description\" content=\"UFFICIO INFORMAZIONIBorgo di Ponte \u2013 Cividale del FriuliTEL. 0432 \/ 733 966 ORARIODal 16 giugno al 21 luglio:11.00 &#8211; 13.00 \/ 17.00 &#8211; 19.00 Dal 22 al 31 luglio: 11.00 &#8211; 13.00 \/ 17.00 &#8211; 22.00 CHIUSO luned\u00ec 20\/27 giugno, 4\/11 luglio MITTELSHOP INFOIl Curt\u00eel di FirmineVia A. Manzoni &#8211; Cividale del Friuli ORARIODal 1Lei dut\" \/>\n<meta property=\"og:url\" content=\"https:\/\/mittelfest.nelquadrato.com\/fur\/biglietti\/\" \/>\n<meta property=\"og:site_name\" content=\"Mittelfest\" \/>\n<meta property=\"article:publisher\" content=\"https:\/\/www.facebook.com\/mittelfest\" \/>\n<meta property=\"article:modified_time\" content=\"2022-10-20T09:09:54+00:00\" \/>\n<meta property=\"og:image\" content=\"https:\/\/mittelfest.nelquadrato.com\/wp-content\/uploads\/2022\/06\/Porta-1024x683.jpg\" \/>\n<meta name=\"twitter:card\" content=\"summary_large_image\" \/>\n<meta name=\"twitter:label1\" content=\"Est. reading time\">\n\t<meta name=\"twitter:data1\" content=\"4 minutes\">\n<script type=\"application\/ld+json\" class=\"yoast-schema-graph\">{\"@context\":\"https:\/\/schema.org\",\"@graph\":[{\"@type\":\"WebSite\",\"@id\":\"https:\/\/mittelfest.nelquadrato.com\/fur\/#website\",\"url\":\"https:\/\/mittelfest.nelquadrato.com\/fur\/\",\"name\":\"Mittelfest\",\"description\":\"\",\"potentialAction\":[{\"@type\":\"SearchAction\",\"target\":\"https:\/\/mittelfest.nelquadrato.com\/fur\/?s={search_term_string}\",\"query-input\":\"required name=search_term_string\"}],\"inLanguage\":\"fur-FUR\"},{\"@type\":\"ImageObject\",\"@id\":\"https:\/\/mittelfest.nelquadrato.com\/fur\/biglietti\/#primaryimage\",\"inLanguage\":\"fur-FUR\",\"url\":\"https:\/\/mittelfest.nelquadrato.com\/wp-content\/uploads\/2022\/06\/Porta.jpg\",\"contentUrl\":\"https:\/\/mittelfest.nelquadrato.com\/wp-content\/uploads\/2022\/06\/Porta.jpg\",\"width\":1920,\"height\":1280},{\"@type\":\"WebPage\",\"@id\":\"https:\/\/mittelfest.nelquadrato.com\/fur\/biglietti\/#webpage\",\"url\":\"https:\/\/mittelfest.nelquadrato.com\/fur\/biglietti\/\",\"name\":\"BILIETS 2022 - Mittelfest\",\"isPartOf\":{\"@id\":\"https:\/\/mittelfest.nelquadrato.com\/fur\/#website\"},\"primaryImageOfPage\":{\"@id\":\"https:\/\/mittelfest.nelquadrato.com\/fur\/biglietti\/#primaryimage\"},\"datePublished\":\"2021-05-25T15:24:42+00:00\",\"dateModified\":\"2022-10-20T09:09:54+00:00\",\"breadcrumb\":{\"@id\":\"https:\/\/mittelfest.nelquadrato.com\/fur\/biglietti\/#breadcrumb\"},\"inLanguage\":\"fur-FUR\",\"potentialAction\":[{\"@type\":\"ReadAction\",\"target\":[\"https:\/\/mittelfest.nelquadrato.com\/fur\/biglietti\/\"]}]},{\"@type\":\"BreadcrumbList\",\"@id\":\"https:\/\/mittelfest.nelquadrato.com\/fur\/biglietti\/#breadcrumb\",\"itemListElement\":[{\"@type\":\"ListItem\",\"position\":1,\"item\":{\"@type\":\"WebPage\",\"@id\":\"https:\/\/mittelfest.nelquadrato.com\/fur\/\",\"url\":\"https:\/\/mittelfest.nelquadrato.com\/fur\/\",\"name\":\"Home\"}},{\"@type\":\"ListItem\",\"position\":2,\"item\":{\"@type\":\"WebPage\",\"@id\":\"https:\/\/mittelfest.nelquadrato.com\/fur\/biglietti\/\",\"url\":\"https:\/\/mittelfest.nelquadrato.com\/fur\/biglietti\/\",\"name\":\"BILIETS 2022\"}}]}]}<\/script>\n<!-- \/ Yoast SEO plugin. -->","_links":{"self":[{"href":"https:\/\/mittelfest.nelquadrato.com\/fur\/wp-json\/wp\/v2\/pages\/6544","targetHints":{"allow":["GET"]}}],"collection":[{"href":"https:\/\/mittelfest.nelquadrato.com\/fur\/wp-json\/wp\/v2\/pages"}],"about":[{"href":"https:\/\/mittelfest.nelquadrato.com\/fur\/wp-json\/wp\/v2\/types\/page"}],"author":[{"embeddable":true,"href":"https:\/\/mittelfest.nelquadrato.com\/fur\/wp-json\/wp\/v2\/users\/3"}],"replies":[{"embeddable":true,"href":"https:\/\/mittelfest.nelquadrato.com\/fur\/wp-json\/wp\/v2\/comments?post=6544"}],"version-history":[{"count":5,"href":"https:\/\/mittelfest.nelquadrato.com\/fur\/wp-json\/wp\/v2\/pages\/6544\/revisions"}],"predecessor-version":[{"id":30783,"href":"https:\/\/mittelfest.nelquadrato.com\/fur\/wp-json\/wp\/v2\/pages\/6544\/revisions\/30783"}],"wp:attachment":[{"href":"https:\/\/mittelfest.nelquadrato.com\/fur\/wp-json\/wp\/v2\/media?parent=6544"}],"curies":[{"name":"wp","href":"https:\/\/api.w.org\/{rel}","templated":true}]}}