{"id":1504,"date":"2021-02-09T09:18:40","date_gmt":"2021-02-09T09:18:40","guid":{"rendered":"https:\/\/www.mittelfest.org\/chi-siamo\/"},"modified":"2022-07-05T09:02:38","modified_gmt":"2022-07-05T08:02:38","slug":"chi-siamo","status":"publish","type":"page","link":"https:\/\/mittelfest.nelquadrato.com\/sl\/chi-siamo\/","title":{"rendered":"Kdo Smo"},"content":{"rendered":"\n<p>Priznano zdru\u017eenje Mittelfest je organizator multidisciplinarnega mednarodnega festivala gledali\u0161\u010da, glasbe in plesa, ki se giblje v dveh smereh: po eni strani je festival izlo\u017eba predstav v \u017eivo v Italiji, po drugi pa je kulturna ustanova, ki iz \u010cedada deluje kapilarno po celotnem ozemlju Furlanije Julijske Krajine. Zdru\u017eenje deluje kot most med nacionalno in srednjeevropsko razse\u017enostjo.<\/p>\n\n\n\n<p>Mittelfest je nastal leta 1991 v obdobju ponovnega sre\u010danja med vzhodom in zahodom v okviru Pentagonale, ki so jo takrat sestavljale vlade Italije, Avstrije, Jugoslavije, \u010ce\u0161koslova\u0161ke in Mad\u017earske. Z leti se je raz\u0161irila na 19 dr\u017eav srednje in vzhodne Evrope in se pretvorila v Srednjeevropsko pobudo (CEI).<\/p>\n\n\n\n<p>Na prvem festivalu si je vlogo umetni\u0161kega vodje delilo pet osebnosti iz ravno toliko dr\u017eav: Giorgio Pressburger (Mad\u017earska\/Italija), Tom\u00e1s Ascher (Mad\u017earska), Jovan \u0106irilov (Jugoslavija), Ji\u0159i Menzel (\u010ce\u0161koslova\u0161ka) in George Tabori (Avstrija). Mittelfest je s svojim festivalom \u017ee trideset let sti\u010di\u0161\u010de razli\u010dnih jezikov in kultur srednjeevropskega in balkanskega prostora.<\/p>\n\n\n\n<p>Danes Mittelfest prek gledali\u0161\u010da, glasbe in plesa spodbuja dialog med 27 evropskimi dr\u017eavami: Albanijo, Avstrijo, Belgijo, Belorusija, Bosno in Hercegovina, Bolgarijo, Hrva\u0161ko, Estonijo, Nem\u010dijo, Gr\u010dijo, Italijo, Kosovom, Latvijo, Litvo, Severno Makedonijo, Moldavijo, \u010crno goro, Nizozemsko, Poljsko, \u010ce\u0161ko, Romunijo, Srbijo, Slova\u0161ko, Slovenijo, \u0160vico in Mad\u017earsko, Ukrajina.<\/p>\n","protected":false},"excerpt":{"rendered":"<p>Priznano zdru\u017eenje Mittelfest je organizator multidisciplinarnega mednarodnega festivala gledali\u0161\u010da, glasbe in plesa, ki se giblje v dveh smereh: po eni strani je festival izlo\u017eba predstav v \u017eivo v Italiji, po drugi pa je kulturna ustanova, ki iz \u010cedada deluje kapilarno po celotnem ozemlju Furlanije Julijske Krajine. Zdru\u017eenje deluje kot most med nacionalno in srednjeevropsko razse\u017enostjo.<\/p>\n<div class=\"mt-4\"><a href=\"https:\/\/mittelfest.nelquadrato.com\/sl\/chi-siamo\/\" class=\"ondina ondina--nera font-semi-bold\">preberi si vse<\/a><\/div>\n","protected":false},"author":1,"featured_media":0,"parent":0,"menu_order":0,"comment_status":"closed","ping_status":"closed","template":"","meta":{"footnotes":"","_links_to":"","_links_to_target":""},"class_list":["post-1504","page","type-page","status-publish","hentry"],"yoast_head":"<!-- This site is optimized with the Yoast SEO plugin v16.1.1 - https:\/\/yoast.com\/wordpress\/plugins\/seo\/ -->\n<title>Kdo Smo - Mittelfest<\/title>\n<link rel=\"canonical\" href=\"https:\/\/mittelfest.nelquadrato.com\/sl\/chi-siamo\/\" \/>\n<meta property=\"og:locale\" content=\"sl_SI\" \/>\n<meta property=\"og:type\" content=\"article\" \/>\n<meta property=\"og:title\" content=\"Kdo Smo - Mittelfest\" \/>\n<meta property=\"og:description\" content=\"Priznano zdru\u017eenje Mittelfest je organizator multidisciplinarnega mednarodnega festivala gledali\u0161\u010da, glasbe in plesa, ki se giblje v dveh smereh: po eni strani je festival izlo\u017eba predstav v \u017eivo v Italiji, po drugi pa je kulturna ustanova, ki iz \u010cedada deluje kapilarno po celotnem ozemlju Furlanije Julijske Krajine. Zdru\u017eenje deluje kot most med nacionalno in srednjeevropsko razse\u017enostjo.preberi si vse\" \/>\n<meta property=\"og:url\" content=\"https:\/\/mittelfest.nelquadrato.com\/sl\/chi-siamo\/\" \/>\n<meta property=\"og:site_name\" content=\"Mittelfest\" \/>\n<meta property=\"article:publisher\" content=\"https:\/\/www.facebook.com\/mittelfest\" \/>\n<meta property=\"article:modified_time\" content=\"2022-07-05T08:02:38+00:00\" \/>\n<meta property=\"og:image\" content=\"https:\/\/mittelfest.nelquadrato.com\/wp-content\/uploads\/2021\/03\/foto-home_v1.jpg\" \/>\n\t<meta property=\"og:image:width\" content=\"2048\" \/>\n\t<meta property=\"og:image:height\" content=\"1152\" \/>\n<meta name=\"twitter:card\" content=\"summary_large_image\" \/>\n<meta name=\"twitter:label1\" content=\"Est. reading time\">\n\t<meta name=\"twitter:data1\" content=\"1 minute\">\n<script type=\"application\/ld+json\" class=\"yoast-schema-graph\">{\"@context\":\"https:\/\/schema.org\",\"@graph\":[{\"@type\":\"WebSite\",\"@id\":\"https:\/\/mittelfest.nelquadrato.com\/sl\/#website\",\"url\":\"https:\/\/mittelfest.nelquadrato.com\/sl\/\",\"name\":\"Mittelfest\",\"description\":\"\",\"potentialAction\":[{\"@type\":\"SearchAction\",\"target\":\"https:\/\/mittelfest.nelquadrato.com\/sl\/?s={search_term_string}\",\"query-input\":\"required name=search_term_string\"}],\"inLanguage\":\"sl-SI\"},{\"@type\":\"WebPage\",\"@id\":\"https:\/\/mittelfest.nelquadrato.com\/sl\/chi-siamo\/#webpage\",\"url\":\"https:\/\/mittelfest.nelquadrato.com\/sl\/chi-siamo\/\",\"name\":\"Kdo Smo - Mittelfest\",\"isPartOf\":{\"@id\":\"https:\/\/mittelfest.nelquadrato.com\/sl\/#website\"},\"datePublished\":\"2021-02-09T09:18:40+00:00\",\"dateModified\":\"2022-07-05T08:02:38+00:00\",\"breadcrumb\":{\"@id\":\"https:\/\/mittelfest.nelquadrato.com\/sl\/chi-siamo\/#breadcrumb\"},\"inLanguage\":\"sl-SI\",\"potentialAction\":[{\"@type\":\"ReadAction\",\"target\":[\"https:\/\/mittelfest.nelquadrato.com\/sl\/chi-siamo\/\"]}]},{\"@type\":\"BreadcrumbList\",\"@id\":\"https:\/\/mittelfest.nelquadrato.com\/sl\/chi-siamo\/#breadcrumb\",\"itemListElement\":[{\"@type\":\"ListItem\",\"position\":1,\"item\":{\"@type\":\"WebPage\",\"@id\":\"https:\/\/mittelfest.nelquadrato.com\/sl\/\",\"url\":\"https:\/\/mittelfest.nelquadrato.com\/sl\/\",\"name\":\"Home\"}},{\"@type\":\"ListItem\",\"position\":2,\"item\":{\"@type\":\"WebPage\",\"@id\":\"https:\/\/mittelfest.nelquadrato.com\/sl\/chi-siamo\/\",\"url\":\"https:\/\/mittelfest.nelquadrato.com\/sl\/chi-siamo\/\",\"name\":\"Kdo Smo\"}}]}]}<\/script>\n<!-- \/ Yoast SEO plugin. -->","_links":{"self":[{"href":"https:\/\/mittelfest.nelquadrato.com\/sl\/wp-json\/wp\/v2\/pages\/1504","targetHints":{"allow":["GET"]}}],"collection":[{"href":"https:\/\/mittelfest.nelquadrato.com\/sl\/wp-json\/wp\/v2\/pages"}],"about":[{"href":"https:\/\/mittelfest.nelquadrato.com\/sl\/wp-json\/wp\/v2\/types\/page"}],"author":[{"embeddable":true,"href":"https:\/\/mittelfest.nelquadrato.com\/sl\/wp-json\/wp\/v2\/users\/1"}],"replies":[{"embeddable":true,"href":"https:\/\/mittelfest.nelquadrato.com\/sl\/wp-json\/wp\/v2\/comments?post=1504"}],"version-history":[{"count":7,"href":"https:\/\/mittelfest.nelquadrato.com\/sl\/wp-json\/wp\/v2\/pages\/1504\/revisions"}],"predecessor-version":[{"id":24923,"href":"https:\/\/mittelfest.nelquadrato.com\/sl\/wp-json\/wp\/v2\/pages\/1504\/revisions\/24923"}],"wp:attachment":[{"href":"https:\/\/mittelfest.nelquadrato.com\/sl\/wp-json\/wp\/v2\/media?parent=1504"}],"curies":[{"name":"wp","href":"https:\/\/api.w.org\/{rel}","templated":true}]}}