{"id":1514,"date":"2021-02-23T21:04:37","date_gmt":"2021-02-23T20:04:37","guid":{"rendered":"https:\/\/www.mittelfest.org\/mittelland\/"},"modified":"2022-04-28T15:26:52","modified_gmt":"2022-04-28T14:26:52","slug":"mittelland","status":"publish","type":"page","link":"https:\/\/mittelfest.nelquadrato.com\/sl\/mittelland\/","title":{"rendered":"Mittelland"},"content":{"rendered":"\n<p class=\"text-sm w-2\/3\">Mittelfest deluje v \u010cedadu v dialogu z Nadi\u0161ko in Tersko dolino v de\u017eeli Furlanija Julijska Krajina. S pobudami v okviru Mittellanda pripovedujemo zgodbe svojih krajev in prek dejavnosti v korist lokalnega obmo\u010dja o\u017eivljamo Mittelfest tekom celega leta.<\/p>\n\n\n\n<div class=\"sepa-ondina\"><\/div>\n\n\n\n<h2 class=\"text-3xl wp-block-heading\"><strong>Mappe parlanti<\/strong><\/h2>\n\n\n\n<figure class=\"wp-block-image size-large\"><img decoding=\"async\" src=\"https:\/\/mittelfest.nelquadrato.com\/wp-content\/uploads\/2021\/02\/Mittelland-partecipa.jpg\" alt=\"\" class=\"wp-image-195\"\/><\/figure>\n\n\n\n<p>Fundacija Radio Magica ob podpori Mittefesta po naro\u010dilu pripravlja Govore\u010di zemljevid\u00ae\ufe0f \u010cedada ter Terske in Nadi\u0161ke doline, v katerem se zbirajo in se prek njega \u0161irijo zgodbe in zanimivosti ob\u010din obeh dolin.<\/p>\n\n\n\n<p>Obi\u0161\u010dite spletno stran Radia Magica, \u010de \u017eelite sodelovati z izpolnjevanjem vpra\u0161alnika<\/p>\n\n\n\n<p class=\"has-ondina--nera\"><strong><a href=\"http:\/\/www.radiomagica.org\/\" target=\"_blank\" rel=\"noreferrer noopener\">Radio Magica<\/a><\/strong><\/p>\n","protected":false},"excerpt":{"rendered":"<p>Mittelfest deluje v \u010cedadu v dialogu z Nadi\u0161ko in Tersko dolino v de\u017eeli Furlanija Julijska Krajina. S pobudami v okviru Mittellanda pripovedujemo zgodbe svojih krajev in prek dejavnosti v korist lokalnega obmo\u010dja o\u017eivljamo Mittelfest tekom celega leta. Mappe parlanti Fundacija Radio Magica ob podpori Mittefesta po naro\u010dilu pripravlja Govore\u010di zemljevid\u00ae\ufe0f \u010cedada ter Terske in Nadi\u0161ke<\/p>\n<div class=\"mt-4\"><a href=\"https:\/\/mittelfest.nelquadrato.com\/sl\/mittelland\/\" class=\"ondina ondina--nera font-semi-bold\">preberi si vse<\/a><\/div>\n","protected":false},"author":1,"featured_media":17452,"parent":0,"menu_order":0,"comment_status":"closed","ping_status":"closed","template":"views\/template-mittelland.blade.php","meta":{"footnotes":"","_links_to":"","_links_to_target":""},"class_list":["post-1514","page","type-page","status-publish","has-post-thumbnail","hentry"],"yoast_head":"<!-- This site is optimized with the Yoast SEO plugin v16.1.1 - https:\/\/yoast.com\/wordpress\/plugins\/seo\/ -->\n<title>Mittelland - Mittelfest<\/title>\n<link rel=\"canonical\" href=\"https:\/\/mittelfest.nelquadrato.com\/sl\/mittelland\/\" \/>\n<meta property=\"og:locale\" content=\"sl_SI\" \/>\n<meta property=\"og:type\" content=\"article\" \/>\n<meta property=\"og:title\" content=\"Mittelland - Mittelfest\" \/>\n<meta property=\"og:description\" content=\"Mittelfest deluje v \u010cedadu v dialogu z Nadi\u0161ko in Tersko dolino v de\u017eeli Furlanija Julijska Krajina. S pobudami v okviru Mittellanda pripovedujemo zgodbe svojih krajev in prek dejavnosti v korist lokalnega obmo\u010dja o\u017eivljamo Mittelfest tekom celega leta. Mappe parlanti Fundacija Radio Magica ob podpori Mittefesta po naro\u010dilu pripravlja Govore\u010di zemljevid\u00ae\ufe0f \u010cedada ter Terske in Nadi\u0161kepreberi si vse\" \/>\n<meta property=\"og:url\" content=\"https:\/\/mittelfest.nelquadrato.com\/sl\/mittelland\/\" \/>\n<meta property=\"og:site_name\" content=\"Mittelfest\" \/>\n<meta property=\"article:publisher\" content=\"https:\/\/www.facebook.com\/mittelfest\" \/>\n<meta property=\"article:modified_time\" content=\"2022-04-28T14:26:52+00:00\" \/>\n<meta property=\"og:image\" content=\"https:\/\/mittelfest.nelquadrato.com\/wp-content\/uploads\/2022\/04\/Mittelland_logo-1-e1650384345119.png\" \/>\n\t<meta property=\"og:image:width\" content=\"843\" \/>\n\t<meta property=\"og:image:height\" content=\"454\" \/>\n<meta name=\"twitter:card\" content=\"summary_large_image\" \/>\n<meta name=\"twitter:label1\" content=\"Est. reading time\">\n\t<meta name=\"twitter:data1\" content=\"1 minute\">\n<script type=\"application\/ld+json\" class=\"yoast-schema-graph\">{\"@context\":\"https:\/\/schema.org\",\"@graph\":[{\"@type\":\"WebSite\",\"@id\":\"https:\/\/mittelfest.nelquadrato.com\/sl\/#website\",\"url\":\"https:\/\/mittelfest.nelquadrato.com\/sl\/\",\"name\":\"Mittelfest\",\"description\":\"\",\"potentialAction\":[{\"@type\":\"SearchAction\",\"target\":\"https:\/\/mittelfest.nelquadrato.com\/sl\/?s={search_term_string}\",\"query-input\":\"required name=search_term_string\"}],\"inLanguage\":\"sl-SI\"},{\"@type\":\"ImageObject\",\"@id\":\"https:\/\/mittelfest.nelquadrato.com\/sl\/mittelland\/#primaryimage\",\"inLanguage\":\"sl-SI\",\"url\":\"https:\/\/mittelfest.nelquadrato.com\/wp-content\/uploads\/2022\/04\/Mittelland_logo-1-e1650384345119.png\",\"contentUrl\":\"https:\/\/mittelfest.nelquadrato.com\/wp-content\/uploads\/2022\/04\/Mittelland_logo-1-e1650384345119.png\",\"width\":843,\"height\":454},{\"@type\":\"WebPage\",\"@id\":\"https:\/\/mittelfest.nelquadrato.com\/sl\/mittelland\/#webpage\",\"url\":\"https:\/\/mittelfest.nelquadrato.com\/sl\/mittelland\/\",\"name\":\"Mittelland - Mittelfest\",\"isPartOf\":{\"@id\":\"https:\/\/mittelfest.nelquadrato.com\/sl\/#website\"},\"primaryImageOfPage\":{\"@id\":\"https:\/\/mittelfest.nelquadrato.com\/sl\/mittelland\/#primaryimage\"},\"datePublished\":\"2021-02-23T20:04:37+00:00\",\"dateModified\":\"2022-04-28T14:26:52+00:00\",\"breadcrumb\":{\"@id\":\"https:\/\/mittelfest.nelquadrato.com\/sl\/mittelland\/#breadcrumb\"},\"inLanguage\":\"sl-SI\",\"potentialAction\":[{\"@type\":\"ReadAction\",\"target\":[\"https:\/\/mittelfest.nelquadrato.com\/sl\/mittelland\/\"]}]},{\"@type\":\"BreadcrumbList\",\"@id\":\"https:\/\/mittelfest.nelquadrato.com\/sl\/mittelland\/#breadcrumb\",\"itemListElement\":[{\"@type\":\"ListItem\",\"position\":1,\"item\":{\"@type\":\"WebPage\",\"@id\":\"https:\/\/mittelfest.nelquadrato.com\/sl\/\",\"url\":\"https:\/\/mittelfest.nelquadrato.com\/sl\/\",\"name\":\"Home\"}},{\"@type\":\"ListItem\",\"position\":2,\"item\":{\"@type\":\"WebPage\",\"@id\":\"https:\/\/mittelfest.nelquadrato.com\/sl\/mittelland\/\",\"url\":\"https:\/\/mittelfest.nelquadrato.com\/sl\/mittelland\/\",\"name\":\"Mittelland\"}}]}]}<\/script>\n<!-- \/ Yoast SEO plugin. -->","_links":{"self":[{"href":"https:\/\/mittelfest.nelquadrato.com\/sl\/wp-json\/wp\/v2\/pages\/1514","targetHints":{"allow":["GET"]}}],"collection":[{"href":"https:\/\/mittelfest.nelquadrato.com\/sl\/wp-json\/wp\/v2\/pages"}],"about":[{"href":"https:\/\/mittelfest.nelquadrato.com\/sl\/wp-json\/wp\/v2\/types\/page"}],"author":[{"embeddable":true,"href":"https:\/\/mittelfest.nelquadrato.com\/sl\/wp-json\/wp\/v2\/users\/1"}],"replies":[{"embeddable":true,"href":"https:\/\/mittelfest.nelquadrato.com\/sl\/wp-json\/wp\/v2\/comments?post=1514"}],"version-history":[{"count":2,"href":"https:\/\/mittelfest.nelquadrato.com\/sl\/wp-json\/wp\/v2\/pages\/1514\/revisions"}],"predecessor-version":[{"id":20311,"href":"https:\/\/mittelfest.nelquadrato.com\/sl\/wp-json\/wp\/v2\/pages\/1514\/revisions\/20311"}],"wp:featuredmedia":[{"embeddable":true,"href":"https:\/\/mittelfest.nelquadrato.com\/sl\/wp-json\/wp\/v2\/media\/17452"}],"wp:attachment":[{"href":"https:\/\/mittelfest.nelquadrato.com\/sl\/wp-json\/wp\/v2\/media?parent=1514"}],"curies":[{"name":"wp","href":"https:\/\/api.w.org\/{rel}","templated":true}]}}