{"id":1532,"date":"2021-02-19T14:07:26","date_gmt":"2021-02-19T14:07:26","guid":{"rendered":"https:\/\/www.mittelfest.org\/mittelyoung\/"},"modified":"2022-12-15T12:04:09","modified_gmt":"2022-12-15T11:04:09","slug":"mittelyoung","status":"publish","type":"page","link":"https:\/\/mittelfest.nelquadrato.com\/sl\/mittelyoung\/","title":{"rendered":"Mittelyoung Open Call 2023"},"content":{"rendered":"\n<p><strong>Odprt javni razpis za mittelyoung 2023<\/strong><\/p>\n\n\n\n<p>Prilo\u017enost, da postanete del nove generacije na odru: mlada Evropa je tukaj in zdaj.<\/p>\n\n\n\n<p><strong>Od 18. do 21. maja 2023<\/strong> bo v SNG Nova Gorica in v \u010cedadu na tretjem najmlaj\u0161em festivalu v Evropi pod 30 let uprizorjenih <strong>devet <\/strong>izbranih predstav.<\/p>\n\n\n\n<p><strong>Javni razpis je odprt od 15. decembra 2022 do 15. februarja 2023.<\/strong><\/p>\n\n\n\n<p>Prijavijo se <strong>lahko <\/strong>umetnikigledali\u0161ke, glasbene, plesne, cirku\u0161ke in multidisciplinarne skupine <strong>do 30 let<\/strong> iz 27 evropskih dr\u017eav: Albanije, Avstrije, Belgije, Belorusije, Bolgarije, Bosne in Hercegovine, \u010ce\u0161ke \u010crne gore,, Estonije, Gr\u010dije,, Hrva\u0161ke, Italije, Kosova, Latvije, Litve, Mad\u017earske, Moldavije, Nem\u010dije, Nizozemske, Poljske, Romunije Severne Makedonije, Slova\u0161ke, Slovenije, Srbije, \u0160vice in Ukrajine.<\/p>\n\n\n\n<p>Vse prijave bo pregledala skupina kustosov, mlaj\u0161ih od 30 let, ki so jo v sodelovanju s festivalom mittelfest oblikovale \u0161tevilne organizacije in izobra\u017eevalne ustanove iz Furlanije Julijske krajine:<br>Associazione culturale Arearea, Civica Accademia d&#8217;Arte Drammatica Nico Pepe, Conservatorio Statale di Musica Giuseppe Tartini di Trieste, Conservatorio Statale di Musica Jacopo Tomadini di Udine, Fondazione Luigi Bon, Univerza v Trstu, Univerza v Vidmu ter<br>Associazione culturale Circo all&#8217;Incirca, Associazione culturale Quarantaettezeroquattro, Associazione giovanile Robida, Convitto Nazionale Paolo Diacono, Scuola di Danza Erica Bront, Teatro Club Udine &#8211; Palio Teatrale Studentesco<br>V vlogi kustosov bosta sodelovala \u0161e SNG Nova Gorica in glasbeni festival Carinthischer Sommer (Avstrija).<br>Izmed prejetih predlogov bo devet predstav uvr\u0161\u010denih na spored festivala mittelyoung v maju.<br>Ista skupina kustosov bo na festivalu med devetimi predstavami izbrala tri zmagovalce, ki se bodo uvrstili na spored mittelfest, ki bo potekal od 21. do 30. julija 2023.<br>V okviru sodelovanja in izmenjave med pobudama mittelyoung in CS under 30 je zmagovalni predlog v glasbeni kategoriji lahko izbran tudi za glasbeni festival Carinthischer Sommer.<\/p>\n\n\n\n<p>Z glasbeno predstavo se lahko prijavite na javni razpis mittelyoung in na sestrski razpis <strong><a href=\"https:\/\/carinthischersommer.at\/csunder30\/\" target=\"_blank\" rel=\"noreferrer noopener\">CS under 30<\/a><\/strong>, od 16. januarja do 15. marca.<\/p>\n\n\n\n<div style=\"height:49px\" aria-hidden=\"true\" class=\"wp-block-spacer\"><\/div>\n\n\n\n<p>Sodelujte na razpisu mittelyoung:<\/p>\n\n\n\n<p class=\"ondina--nera block\"><strong><a href=\"https:\/\/mittelfest.nelquadrato.com\/wp-content\/uploads\/2022\/12\/MITTELYOUNG-2023-_EN.pdf\" target=\"_blank\" rel=\"noreferrer noopener\">OpenCall 2023<\/a><\/strong><\/p>\n\n\n\n<p class=\"ondina--nera block\"><strong><a href=\"https:\/\/mittelfest.nelquadrato.com\/wp-content\/uploads\/2022\/12\/MITTELYOUNG-2023DataSheet.pdf\" target=\"_blank\" rel=\"noreferrer noopener\">Technical book<\/a><\/strong><\/p>\n\n\n\n<p class=\"ondina--nera block\"><strong><a href=\"https:\/\/mittelfest.nelquadrato.com\/wp-content\/uploads\/2022\/12\/OpenCall-2023-Application-Form_Eng.pdf\" target=\"_blank\" rel=\"noreferrer noopener\">Application form<\/a><\/strong><\/p>\n\n\n\n<p class=\"ondina--nera block\"><strong><a href=\"https:\/\/mittelfest.nelquadrato.com\/wp-content\/uploads\/2022\/12\/OpenCall-2023-Personal-Data-Form.pdf\" target=\"_blank\" rel=\"noreferrer noopener\">Personal data form<\/a><\/strong><\/p>\n\n\n\n<p class=\"ondina--nera block\"><strong><a href=\"https:\/\/mittelfest.nelquadrato.com\/wp-content\/uploads\/2022\/12\/OpenCall-2023-FAQ_Eng.pdf\" target=\"_blank\" rel=\"noreferrer noopener\">OpenCall FAQ<\/a><\/strong><\/p>\n","protected":false},"excerpt":{"rendered":"<p>Odprt javni razpis za mittelyoung 2023<\/p>\n<p>Prilo\u017enost, da postanete del nove generacije na odru: mlada Evropa je tukaj in zdaj.<\/p>\n<p>Od 18. do 21. maja 2023 bo v SNG Nova Gorica in v \u010cedadu na tretjem najmlaj\u0161em festivalu v Evropi pod 30 let uprizorjenih devet izbranih predstav.<\/p>\n","protected":false},"author":1,"featured_media":31375,"parent":0,"menu_order":0,"comment_status":"closed","ping_status":"closed","template":"views\/template-header-pieno.blade.php","meta":{"footnotes":"","_links_to":"","_links_to_target":""},"class_list":["post-1532","page","type-page","status-publish","has-post-thumbnail","hentry"],"yoast_head":"<!-- This site is optimized with the Yoast SEO plugin v16.1.1 - https:\/\/yoast.com\/wordpress\/plugins\/seo\/ -->\n<title>Mittelyoung Open Call 2023 - Mittelfest<\/title>\n<meta name=\"description\" content=\"V letu 2022 bo z nami sodelovalo 27 dr\u017eav: Albanija, Avstrija, Belgija, Belorusija, Bolgarija, Bosna in Hercegovina, \u010ce\u0161ka, \u010crna gora, Estonija, Gr\u010dija, Hrva\u0161ka, Italija, Kosovo, Latvija, Litva, Mad\u017earska, Moldavija, Nem\u010dija, Nizozemska, Poljska, Romunija, Severna Makedonija, Slova\u0161ka, Slovenija, Srbija, \u0160vica in Ukrajina.\" \/>\n<link rel=\"canonical\" href=\"https:\/\/mittelfest.nelquadrato.com\/sl\/mittelyoung\/\" \/>\n<meta property=\"og:locale\" content=\"sl_SI\" \/>\n<meta property=\"og:type\" content=\"article\" \/>\n<meta property=\"og:title\" content=\"Mittelyoung Open Call 2023 - Mittelfest\" \/>\n<meta property=\"og:description\" content=\"V letu 2022 bo z nami sodelovalo 27 dr\u017eav: Albanija, Avstrija, Belgija, Belorusija, Bolgarija, Bosna in Hercegovina, \u010ce\u0161ka, \u010crna gora, Estonija, Gr\u010dija, Hrva\u0161ka, Italija, Kosovo, Latvija, Litva, Mad\u017earska, Moldavija, Nem\u010dija, Nizozemska, Poljska, Romunija, Severna Makedonija, Slova\u0161ka, Slovenija, Srbija, \u0160vica in Ukrajina.\" \/>\n<meta property=\"og:url\" content=\"https:\/\/mittelfest.nelquadrato.com\/sl\/mittelyoung\/\" \/>\n<meta property=\"og:site_name\" content=\"Mittelfest\" \/>\n<meta property=\"article:publisher\" content=\"https:\/\/www.facebook.com\/mittelfest\" \/>\n<meta property=\"article:modified_time\" content=\"2022-12-15T11:04:09+00:00\" \/>\n<meta property=\"og:image\" content=\"https:\/\/mittelfest.nelquadrato.com\/wp-content\/uploads\/2022\/12\/Opencall2023-1024x409-1.png\" \/>\n\t<meta property=\"og:image:width\" content=\"1024\" \/>\n\t<meta property=\"og:image:height\" content=\"409\" \/>\n<meta name=\"twitter:card\" content=\"summary_large_image\" \/>\n<meta name=\"twitter:label1\" content=\"Est. reading time\">\n\t<meta name=\"twitter:data1\" content=\"2 minutes\">\n<script type=\"application\/ld+json\" class=\"yoast-schema-graph\">{\"@context\":\"https:\/\/schema.org\",\"@graph\":[{\"@type\":\"WebSite\",\"@id\":\"https:\/\/mittelfest.nelquadrato.com\/sl\/#website\",\"url\":\"https:\/\/mittelfest.nelquadrato.com\/sl\/\",\"name\":\"Mittelfest\",\"description\":\"\",\"potentialAction\":[{\"@type\":\"SearchAction\",\"target\":\"https:\/\/mittelfest.nelquadrato.com\/sl\/?s={search_term_string}\",\"query-input\":\"required name=search_term_string\"}],\"inLanguage\":\"sl-SI\"},{\"@type\":\"ImageObject\",\"@id\":\"https:\/\/mittelfest.nelquadrato.com\/sl\/mittelyoung\/#primaryimage\",\"inLanguage\":\"sl-SI\",\"url\":\"https:\/\/mittelfest.nelquadrato.com\/wp-content\/uploads\/2022\/12\/Opencall2023-1024x409-1.png\",\"contentUrl\":\"https:\/\/mittelfest.nelquadrato.com\/wp-content\/uploads\/2022\/12\/Opencall2023-1024x409-1.png\",\"width\":1024,\"height\":409},{\"@type\":\"WebPage\",\"@id\":\"https:\/\/mittelfest.nelquadrato.com\/sl\/mittelyoung\/#webpage\",\"url\":\"https:\/\/mittelfest.nelquadrato.com\/sl\/mittelyoung\/\",\"name\":\"Mittelyoung Open Call 2023 - Mittelfest\",\"isPartOf\":{\"@id\":\"https:\/\/mittelfest.nelquadrato.com\/sl\/#website\"},\"primaryImageOfPage\":{\"@id\":\"https:\/\/mittelfest.nelquadrato.com\/sl\/mittelyoung\/#primaryimage\"},\"datePublished\":\"2021-02-19T14:07:26+00:00\",\"dateModified\":\"2022-12-15T11:04:09+00:00\",\"description\":\"V letu 2022 bo z nami sodelovalo 27 dr\\u017eav: Albanija, Avstrija, Belgija, Belorusija, Bolgarija, Bosna in Hercegovina, \\u010ce\\u0161ka, \\u010crna gora, Estonija, Gr\\u010dija, Hrva\\u0161ka, Italija, Kosovo, Latvija, Litva, Mad\\u017earska, Moldavija, Nem\\u010dija, Nizozemska, Poljska, Romunija, Severna Makedonija, Slova\\u0161ka, Slovenija, Srbija, \\u0160vica in Ukrajina.\",\"breadcrumb\":{\"@id\":\"https:\/\/mittelfest.nelquadrato.com\/sl\/mittelyoung\/#breadcrumb\"},\"inLanguage\":\"sl-SI\",\"potentialAction\":[{\"@type\":\"ReadAction\",\"target\":[\"https:\/\/mittelfest.nelquadrato.com\/sl\/mittelyoung\/\"]}]},{\"@type\":\"BreadcrumbList\",\"@id\":\"https:\/\/mittelfest.nelquadrato.com\/sl\/mittelyoung\/#breadcrumb\",\"itemListElement\":[{\"@type\":\"ListItem\",\"position\":1,\"item\":{\"@type\":\"WebPage\",\"@id\":\"https:\/\/mittelfest.nelquadrato.com\/sl\/\",\"url\":\"https:\/\/mittelfest.nelquadrato.com\/sl\/\",\"name\":\"Home\"}},{\"@type\":\"ListItem\",\"position\":2,\"item\":{\"@type\":\"WebPage\",\"@id\":\"https:\/\/mittelfest.nelquadrato.com\/sl\/mittelyoung\/\",\"url\":\"https:\/\/mittelfest.nelquadrato.com\/sl\/mittelyoung\/\",\"name\":\"Mittelyoung Open Call 2023\"}}]}]}<\/script>\n<!-- \/ Yoast SEO plugin. -->","_links":{"self":[{"href":"https:\/\/mittelfest.nelquadrato.com\/sl\/wp-json\/wp\/v2\/pages\/1532","targetHints":{"allow":["GET"]}}],"collection":[{"href":"https:\/\/mittelfest.nelquadrato.com\/sl\/wp-json\/wp\/v2\/pages"}],"about":[{"href":"https:\/\/mittelfest.nelquadrato.com\/sl\/wp-json\/wp\/v2\/types\/page"}],"author":[{"embeddable":true,"href":"https:\/\/mittelfest.nelquadrato.com\/sl\/wp-json\/wp\/v2\/users\/1"}],"replies":[{"embeddable":true,"href":"https:\/\/mittelfest.nelquadrato.com\/sl\/wp-json\/wp\/v2\/comments?post=1532"}],"version-history":[{"count":23,"href":"https:\/\/mittelfest.nelquadrato.com\/sl\/wp-json\/wp\/v2\/pages\/1532\/revisions"}],"predecessor-version":[{"id":31512,"href":"https:\/\/mittelfest.nelquadrato.com\/sl\/wp-json\/wp\/v2\/pages\/1532\/revisions\/31512"}],"wp:featuredmedia":[{"embeddable":true,"href":"https:\/\/mittelfest.nelquadrato.com\/sl\/wp-json\/wp\/v2\/media\/31375"}],"wp:attachment":[{"href":"https:\/\/mittelfest.nelquadrato.com\/sl\/wp-json\/wp\/v2\/media?parent=1532"}],"curies":[{"name":"wp","href":"https:\/\/api.w.org\/{rel}","templated":true}]}}