{"id":1549,"date":"2021-02-26T14:35:32","date_gmt":"2021-02-26T13:35:32","guid":{"rendered":"https:\/\/www.mittelfest.org\/home\/"},"modified":"2022-11-21T13:54:22","modified_gmt":"2022-11-21T12:54:22","slug":"home","status":"publish","type":"page","link":"https:\/\/mittelfest.nelquadrato.com\/sl\/","title":{"rendered":"Home"},"content":{"rendered":"\n<p class=\"text-md lg:w-1\/2\">Na predve\u010der bo\u017ei\u010da leta 1915 bi si bil Albert Einstein lahko pri\u010dakoval marsikaj, nikakor pa ne pisma od prijatelja Karla Schwarzschilda, ki mu je s fronte in strelskih jarkov, poslal re\u0161itve ena\u010db za pred kratkim iz\u0161lo teorijo splo\u0161ne relativnosti. Odgovori so bili povsem nepri\u010dakovani, vendar le za Einsteina, ki jih je bral. Nikakor pa niso bili nepri\u010dakovani za njihovega avtorja; Schwarzschildov ostri um se ni ustavil niti za trenutek niti pod nenehnim bombardiranjem v veliki vojni. Toliko nam je danes dano vedeti iz pripovedi Benjamina Labatuta o Schwarzschildovem \u017eivljenju. Kopica nepredvidljivih izra\u010dunov se je namre\u010d pojavila prakti\u010dno od nikjer. To je bilo to, s \u010dimer se je Einstein moral soo\u010diti: razlog za vznemirjenje in globoko za\u010dudenje.<\/p>\n\n\n\n<p class=\"sepa-ondina\"> <\/p>\n\n\n\n<p class=\"text-xl lg:w-3\/4\">sti ob\u010dutki so najbr\u017e prevevali Berlioza, ko je ob Patriarhovih ribnikih v Moskvi nekega nenavadno toplega ve\u010dera spomladi leta 1918 ob son\u010dnem zahodu poslu\u0161al besede \u010duda\u0161kega tujca, doktorja Wolanda, ki je napovedal njegovo smrt, \u010deprav se je zdelo, da govori tjavendan o son\u010dni\u010dnem olju, Anu\u0161ki in obglavljenju. In vendar se je za Berlioza nepredvidljivi usodni dogodek, \u017ee pripravljal korak za korakom, ne da bi se sam tega zavedal: Anu\u0161ka je namre\u010d \u017ee hitela, potem ko je kupila olje, na katerem je nato Berlioz spodrsnilo. Spet isti ob\u010dutki navdu\u0161enja in groze so se prepletali tistega ve\u010dera, kakor nam \u0161e vedno pripoveduje Mihail Bulgakov v svojem romanu <em>Mojster in Margareta<\/em>, v du\u0161i finan\u010dnega direktorja Mirskega, ki ga je z ostalimi damami in gospodi v Varieteju za\u010daral Woland. Na odru se je namre\u010d po vrsti \u010darovnij pojavil \u010duden butik: \u0161otor, trenutek in stara obla\u010dila, ki jih je nadomestil zadnji modni krik. Rimski je opazoval, kako so ljudje zavzdihnili ob pojavu butika, se oklevaje postavili v vrsto in se drug za drugim veselili novega modnega videza. Kmalu zatem pa so se presene\u010deni kri\u010dali od sramu, ko so se v moskovski no\u010di zna\u0161li dobesedno v spodnjicah, nedr\u010dkih in spodnjih majicah: z Wolandom in njegovo skupino so namre\u010d izginila tudi lepa obla\u010dila.<\/p>\n\n\n\n<p class=\"sepa-ondina\"> <\/p>\n\n\n\n<p class=\"text-md lg:w-1\/2\">Tako se nepredvidljivo pripravlja nekje v ozadju, kjer ga na\u0161e o\u010di ne opazijo, \u010deprav ga vidijo, ga na\u0161a u\u0161esa ne zaznajo, \u010deprav ga sli\u0161ijo, kjer se na\u0161e telo pretvarja, da se ni\u010d ni zgodilo, \u010deprav stoji v samem sredi\u0161\u010du dogajanja. To je to nepredvidljivo, kar v vrtincu nevarnosti in bole\u010dine obrne na glavo ustaljene in udobne navade in gotovosti, ter jih v\u010dasih spremeni v prilo\u017enosti.<\/p>\n\n\n\n<p class=\"sepa-ondina\"> <\/p>\n\n\n\n<p class=\"text-xl lg:w-3\/4\">Zaprte igralne karte na enak na\u010din hranijo svoje skrivnosti in nepredvidljivo je presene\u010denje samo za nas, ki ga za\u010dudeni do\u017eivljamo. Ko pa se enkrat zgodi, lahko opazimo sosledje vzrokov in dojamemo, kako se je nepredvidljivo ves \u010das postopoma pripravljalo. V danem momentu imamo \u017ee polne roke z obvladovanjem u\u010dinkov nepredvidljivega, z vsem novim, kar nam je prineslo v dobrem ali slabem.<\/p>\n\n\n\n<p class=\"sepa-ondina\"> <\/p>\n\n\n\n<p class=\"text-md lg:w-1\/2\">Pripovedovanje nepredvidljivega je samo po sebi le igra, ki pa nas u\u010di izostriti \u010dute, pozorneje opazovati, kar se dogaja okoli vsakega od nas. Po eni strani se namre\u010d u\u010dimo ceniti, kar pogosto spregledamo, po drugi pa se na najbolj\u0161i na\u010din odzvati na vse, \u010desar vsekakor ne moremo predvideti. Vsaka zaprta igralna karta je kot ma\u010dka v Schr\u00f6dingerjevi \u0161katli: njeno pravo vrednost spoznamo, \u0161ele ko jo odpremo.<\/p>\n\n\n\n<div style=\"height:28px\" aria-hidden=\"true\" class=\"wp-block-spacer\"><\/div>\n\n\n\n<p>Giacomo Pedini, Umetni\u0161ki vodja<\/p>\n","protected":false},"excerpt":{"rendered":"<p>Na predve\u010der bo\u017ei\u010da leta 1915 bi si bil Albert Einstein lahko pri\u010dakoval marsikaj, nikakor pa ne pisma od prijatelja Karla Schwarzschilda, ki mu je s fronte in strelskih jarkov, poslal re\u0161itve ena\u010db za pred kratkim iz\u0161lo teorijo splo\u0161ne relativnosti. Odgovori so bili povsem nepri\u010dakovani, vendar le za Einsteina, ki jih je bral. Nikakor pa niso<\/p>\n<div class=\"mt-4\"><a href=\"https:\/\/mittelfest.nelquadrato.com\/sl\/\" class=\"ondina ondina--nera font-semi-bold\">preberi si vse<\/a><\/div>\n","protected":false},"author":1,"featured_media":30473,"parent":0,"menu_order":0,"comment_status":"closed","ping_status":"closed","template":"views\/template-home.blade.php","meta":{"footnotes":"","_links_to":"","_links_to_target":""},"class_list":["post-1549","page","type-page","status-publish","has-post-thumbnail","hentry"],"yoast_head":"<!-- This site is optimized with the Yoast SEO plugin v16.1.1 - https:\/\/yoast.com\/wordpress\/plugins\/seo\/ -->\n<title>Home - Mittelfest<\/title>\n<meta name=\"description\" content=\"Javni nate\u010daj za gledali\u0161ke, glasbene in plesne predstave in multidisciplinarne \/ cirku\u0161ke predstave za umetnice in umetnike, skupine ali kolektive DO 30. leta starosti iz 27 dr\u017eav Srednje Evrope in Balkana. 9 predstav na Mittelyoungu (12. - 15. maj 2022). 3 najbolj\u0161e predstave na Mittefestu (22. julij - 31. julij 2022).\" \/>\n<link rel=\"canonical\" href=\"https:\/\/mittelfest.nelquadrato.com\/sl\/\" \/>\n<meta property=\"og:locale\" content=\"sl_SI\" \/>\n<meta property=\"og:type\" content=\"article\" \/>\n<meta property=\"og:title\" content=\"Home - Mittelfest\" \/>\n<meta property=\"og:description\" content=\"Javni nate\u010daj za gledali\u0161ke, glasbene in plesne predstave in multidisciplinarne \/ cirku\u0161ke predstave za umetnice in umetnike, skupine ali kolektive DO 30. leta starosti iz 27 dr\u017eav Srednje Evrope in Balkana. 9 predstav na Mittelyoungu (12. - 15. maj 2022). 3 najbolj\u0161e predstave na Mittefestu (22. julij - 31. julij 2022).\" \/>\n<meta property=\"og:url\" content=\"https:\/\/mittelfest.nelquadrato.com\/sl\/\" \/>\n<meta property=\"og:site_name\" content=\"Mittelfest\" \/>\n<meta property=\"article:publisher\" content=\"https:\/\/www.facebook.com\/mittelfest\" \/>\n<meta property=\"article:modified_time\" content=\"2022-11-21T12:54:22+00:00\" \/>\n<meta property=\"og:image\" content=\"https:\/\/mittelfest.nelquadrato.com\/wp-content\/uploads\/2022\/09\/mittelfest-header-standard-h.jpg\" \/>\n\t<meta property=\"og:image:width\" content=\"2048\" \/>\n\t<meta property=\"og:image:height\" content=\"918\" \/>\n<meta name=\"twitter:card\" content=\"summary_large_image\" \/>\n<meta name=\"twitter:label1\" content=\"Est. reading time\">\n\t<meta name=\"twitter:data1\" content=\"3 minutes\">\n<script type=\"application\/ld+json\" class=\"yoast-schema-graph\">{\"@context\":\"https:\/\/schema.org\",\"@graph\":[{\"@type\":\"WebSite\",\"@id\":\"https:\/\/mittelfest.nelquadrato.com\/sl\/#website\",\"url\":\"https:\/\/mittelfest.nelquadrato.com\/sl\/\",\"name\":\"Mittelfest\",\"description\":\"\",\"potentialAction\":[{\"@type\":\"SearchAction\",\"target\":\"https:\/\/mittelfest.nelquadrato.com\/sl\/?s={search_term_string}\",\"query-input\":\"required name=search_term_string\"}],\"inLanguage\":\"sl-SI\"},{\"@type\":\"ImageObject\",\"@id\":\"https:\/\/mittelfest.nelquadrato.com\/sl\/#primaryimage\",\"inLanguage\":\"sl-SI\",\"url\":\"https:\/\/mittelfest.nelquadrato.com\/wp-content\/uploads\/2022\/09\/mittelfest-header-standard-h.jpg\",\"contentUrl\":\"https:\/\/mittelfest.nelquadrato.com\/wp-content\/uploads\/2022\/09\/mittelfest-header-standard-h.jpg\",\"width\":2048,\"height\":918},{\"@type\":\"WebPage\",\"@id\":\"https:\/\/mittelfest.nelquadrato.com\/sl\/#webpage\",\"url\":\"https:\/\/mittelfest.nelquadrato.com\/sl\/\",\"name\":\"Home - Mittelfest\",\"isPartOf\":{\"@id\":\"https:\/\/mittelfest.nelquadrato.com\/sl\/#website\"},\"primaryImageOfPage\":{\"@id\":\"https:\/\/mittelfest.nelquadrato.com\/sl\/#primaryimage\"},\"datePublished\":\"2021-02-26T13:35:32+00:00\",\"dateModified\":\"2022-11-21T12:54:22+00:00\",\"description\":\"Javni nate\\u010daj za gledali\\u0161ke, glasbene in plesne predstave in multidisciplinarne \/ cirku\\u0161ke predstave za umetnice in umetnike, skupine ali kolektive DO 30. leta starosti iz 27 dr\\u017eav Srednje Evrope in Balkana. 9 predstav na Mittelyoungu (12. - 15. maj 2022). 3 najbolj\\u0161e predstave na Mittefestu (22. julij - 31. julij 2022).\",\"breadcrumb\":{\"@id\":\"https:\/\/mittelfest.nelquadrato.com\/sl\/#breadcrumb\"},\"inLanguage\":\"sl-SI\",\"potentialAction\":[{\"@type\":\"ReadAction\",\"target\":[\"https:\/\/mittelfest.nelquadrato.com\/sl\/\"]}]},{\"@type\":\"BreadcrumbList\",\"@id\":\"https:\/\/mittelfest.nelquadrato.com\/sl\/#breadcrumb\",\"itemListElement\":[{\"@type\":\"ListItem\",\"position\":1,\"item\":{\"@type\":\"WebPage\",\"@id\":\"https:\/\/mittelfest.nelquadrato.com\/sl\/\",\"url\":\"https:\/\/mittelfest.nelquadrato.com\/sl\/\",\"name\":\"Home\"}},{\"@type\":\"ListItem\",\"position\":2,\"item\":{\"@type\":\"WebPage\",\"@id\":\"https:\/\/mittelfest.nelquadrato.com\/sl\/\",\"url\":\"https:\/\/mittelfest.nelquadrato.com\/sl\/\",\"name\":\"Home\"}}]}]}<\/script>\n<!-- \/ Yoast SEO plugin. -->","_links":{"self":[{"href":"https:\/\/mittelfest.nelquadrato.com\/sl\/wp-json\/wp\/v2\/pages\/1549","targetHints":{"allow":["GET"]}}],"collection":[{"href":"https:\/\/mittelfest.nelquadrato.com\/sl\/wp-json\/wp\/v2\/pages"}],"about":[{"href":"https:\/\/mittelfest.nelquadrato.com\/sl\/wp-json\/wp\/v2\/types\/page"}],"author":[{"embeddable":true,"href":"https:\/\/mittelfest.nelquadrato.com\/sl\/wp-json\/wp\/v2\/users\/1"}],"replies":[{"embeddable":true,"href":"https:\/\/mittelfest.nelquadrato.com\/sl\/wp-json\/wp\/v2\/comments?post=1549"}],"version-history":[{"count":13,"href":"https:\/\/mittelfest.nelquadrato.com\/sl\/wp-json\/wp\/v2\/pages\/1549\/revisions"}],"predecessor-version":[{"id":31240,"href":"https:\/\/mittelfest.nelquadrato.com\/sl\/wp-json\/wp\/v2\/pages\/1549\/revisions\/31240"}],"wp:featuredmedia":[{"embeddable":true,"href":"https:\/\/mittelfest.nelquadrato.com\/sl\/wp-json\/wp\/v2\/media\/30473"}],"wp:attachment":[{"href":"https:\/\/mittelfest.nelquadrato.com\/sl\/wp-json\/wp\/v2\/media?parent=1549"}],"curies":[{"name":"wp","href":"https:\/\/api.w.org\/{rel}","templated":true}]}}