{"id":8729,"date":"2021-05-25T16:24:42","date_gmt":"2021-05-25T15:24:42","guid":{"rendered":"https:\/\/www.mittelfest.org\/?page_id=8729"},"modified":"2022-10-20T10:09:32","modified_gmt":"2022-10-20T09:09:32","slug":"biglietti","status":"publish","type":"page","link":"https:\/\/mittelfest.nelquadrato.com\/sl\/biglietti\/","title":{"rendered":"VSTOPNICE 2022"},"content":{"rendered":"\n<figure class=\"wp-block-image size-full\"><img loading=\"lazy\" decoding=\"async\" width=\"480\" height=\"640\" src=\"https:\/\/mittelfest.nelquadrato.com\/wp-content\/uploads\/2022\/06\/Mittelfest_prova-Biglietteria-1.jpeg\" alt=\"\" class=\"wp-image-23700\" srcset=\"https:\/\/mittelfest.nelquadrato.com\/wp-content\/uploads\/2022\/06\/Mittelfest_prova-Biglietteria-1.jpeg 480w, https:\/\/mittelfest.nelquadrato.com\/wp-content\/uploads\/2022\/06\/Mittelfest_prova-Biglietteria-1-225x300.jpeg 225w\" sizes=\"auto, (max-width: 480px) 100vw, 480px\" \/><\/figure>\n\n\n\n<p><strong>NFORMACIJSKA PISARNA<\/strong><br>Borgo di Ponte \u2013 Cividale del Friuli<br>telefon 0432 \/ 733 966<\/p>\n\n\n\n<p>RAZPIS<br>Od 16. junija do 21. julija:<br>11.00 &#8211; 13.00 \/ 17.00 &#8211; 19.00<\/p>\n\n\n\n<p>od 22. do 31. julija:<br>11.00 &#8211; 13.00 \/ 17.00 &#8211; 22.00<\/p>\n\n\n\n<p>ZAPRTO<br>Ponedeljki 20\/27 junij, 4\/11 julij<\/p>\n\n\n\n<hr class=\"wp-block-separator has-alpha-channel-opacity\"\/>\n\n\n\n<p><strong>MITTELSHOP INFO<\/strong><br>Il Curt\u00eel di Firmine<br>Via A. Manzoni &#8211; Cividale del Friuli<\/p>\n\n\n\n<p>RAZPIS<br>od 1. do 3. julija: 10.00 &#8211; 12.00 \/ 17.00 \u2013 19.00<br>od 8. do 10. julija: 10.00 &#8211; 12.00 \/ 17.00 \u2013 19.00<br>od 21. do 31. julija: 10.00 &#8211; 12.00 \/ 17.00 \u2013 19.00<\/p>\n\n\n\n<hr class=\"wp-block-separator has-alpha-channel-opacity\"\/>\n\n\n\n<figure class=\"wp-block-image size-full\"><img loading=\"lazy\" decoding=\"async\" width=\"427\" height=\"531\" src=\"https:\/\/mittelfest.nelquadrato.com\/wp-content\/uploads\/2022\/06\/Schermata-2022-06-07-alle-18.01.16.png\" alt=\"\" class=\"wp-image-23746\" srcset=\"https:\/\/mittelfest.nelquadrato.com\/wp-content\/uploads\/2022\/06\/Schermata-2022-06-07-alle-18.01.16.png 427w, https:\/\/mittelfest.nelquadrato.com\/wp-content\/uploads\/2022\/06\/Schermata-2022-06-07-alle-18.01.16-241x300.png 241w\" sizes=\"auto, (max-width: 427px) 100vw, 427px\" \/><\/figure>\n\n\n\n<p><strong>PISARNA ZA VOZOVNICE<\/strong><br>Borgo di Ponte &#8211; Cividale del Friuli<br>telefon 0432 \/ 734 316<\/p>\n\n\n\n<p>RAZPIS<br>Od 16. junija do 21. julija: 11.00 &#8211; 13.00 \/ 17.00 &#8211; 19.00<\/p>\n\n\n\n<p>od 22. do 31. julija: 11.00 &#8211; 13.00 \/ 17.00 &#8211; 22.00<\/p>\n\n\n\n<p>ZAPRTO <br>Ponedeljki 20\/27 junij, 4\/11 julij<\/p>\n\n\n\n<hr class=\"wp-block-separator has-alpha-channel-opacity\"\/>\n\n\n\n<p><strong>WEB TICKETING<\/strong><br>Prodaja vstopnic prek spleta in na prodajnih mestih Vivaticket od \u010cETRTKA, 21. JUNIJA, od 11.00.<\/p>\n\n\n\n<p>Spletna predprodaja: <a href=\"https:\/\/www.vivaticket.it\"><mark style=\"background-color:rgba(0, 0, 0, 0)\" class=\"has-inline-color has-vivid-cyan-blue-color\">https:\/\/www.vivaticket.it<\/mark><\/a><br>Klicni center Vivaticket 892.234<br>Prodajna mesta Vivaticket: celoten seznam je na voljo na spletni strani <a href=\"https:\/\/www.vivaticket.it\/ita\/ricercapv\"><mark style=\"background-color:rgba(0, 0, 0, 0)\" class=\"has-inline-color has-vivid-cyan-blue-color\">https:\/\/www.vivaticket.it\/ita\/ricercapv<\/mark><\/a><\/p>\n\n\n\n<figure class=\"wp-block-image size-full\"><img loading=\"lazy\" decoding=\"async\" width=\"916\" height=\"634\" src=\"https:\/\/mittelfest.nelquadrato.com\/wp-content\/uploads\/2022\/06\/Schermata-2022-06-07-alle-17.16.44.png\" alt=\"\" class=\"wp-image-23706\" srcset=\"https:\/\/mittelfest.nelquadrato.com\/wp-content\/uploads\/2022\/06\/Schermata-2022-06-07-alle-17.16.44.png 916w, https:\/\/mittelfest.nelquadrato.com\/wp-content\/uploads\/2022\/06\/Schermata-2022-06-07-alle-17.16.44-300x208.png 300w, https:\/\/mittelfest.nelquadrato.com\/wp-content\/uploads\/2022\/06\/Schermata-2022-06-07-alle-17.16.44-768x532.png 768w\" sizes=\"auto, (max-width: 916px) 100vw, 916px\" \/><\/figure>\n\n\n\n<hr class=\"wp-block-separator has-alpha-channel-opacity\"\/>\n\n\n\n<p><strong>PRIJAVE<\/strong><br>Samo po dogovoru telefon 0432 \/ 734 316 ali <a href=\"mailto:biglietteriamittelfest@gmail.com\"><mark style=\"background-color:rgba(0, 0, 0, 0)\" class=\"has-inline-color has-vivid-cyan-blue-color\">biglietteriamittelfest@gmail.com<\/mark><\/a><br>Od 16. junija do 21. julija: 11.00 &#8211; 13.00 \/ 17.00 &#8211; 19.00<\/p>\n\n\n\n<p>od 22. do 31. julija: 11.00 &#8211; 13.00 \/ 17.00 &#8211; 22.00<\/p>\n\n\n\n<p>ZAPRTO<br>Ponedeljki 20\/27 junij, 4\/11 julij<\/p>\n\n\n\n<figure class=\"wp-block-table\"><table><tbody><tr><td><strong>NARO\u010cNINE NA ODDAJE PO VA\u0160I IZBIRI<\/strong><\/td><td>Celoten<\/td><td>Zmanj\u0161anje*<\/td><td>Mladi**<\/td><\/tr><tr><td><strong>Mittelfest 20<\/strong><\/td><td>215,00\u20ac<\/td><td>170,00\u20ac<\/td><td>156,00\u20ac<\/td><\/tr><tr><td><strong>Mittelfest 18<\/strong><\/td><td>198,00\u20ac<\/td><td>156,00\u20ac<\/td><td>144,00\u20ac<\/td><\/tr><tr><td><strong>Mittelfest 12<\/strong><\/td><td>144,00\u20ac<\/td><td>132,00\u20ac<\/td><td>120,00\u20ac<\/td><\/tr><tr><td><strong>Mittelfest 7<\/strong><\/td><td>98,00\u20ac<\/td><td>84,00\u20ac<\/td><td>77,00\u20ac<\/td><\/tr><tr><td><strong>Mittelfest 5<\/strong><\/td><td>70,00\u20ac<\/td><td>65,00\u20ac<\/td><td>60,00\u20ac<\/td><\/tr><\/tbody><\/table><\/figure>\n\n\n\n<p><strong>zklju\u010deno iz vseh naro\u010dnin 7 in 5:<br><\/strong>La Rappresentante di Lista #symphonic #mymammatour<br>Rosada!<\/p>\n\n\n\n<p><strong><strong>ZMANJ\u0160ANJE<\/strong><\/strong> * starej\u0161i od 65 let, imetniki teko\u010dega ra\u010duna Banca di Cividale SpA, prebivalci Cividale del Friuli, imetniki FVG CARD, \u010dlani Fogol\u00e2rs Furlans of Ente Friuli Nel Mondo, FAI, pridru\u017eene skupine<br><strong>MLADI**<\/strong> do 26 let<br><strong>Otroci: brezpla\u010dno na vseh predstavah do 6.<\/strong> leta starosti ob obvezni rezervaciji prek informacijske to\u010dke ali po e-po\u0161ti biglietteriamittelfest@gmail.com<\/p>\n\n\n\n<hr class=\"wp-block-separator has-alpha-channel-opacity\"\/>\n\n\n\n<figure class=\"wp-block-image size-full\"><img loading=\"lazy\" decoding=\"async\" width=\"600\" height=\"514\" src=\"https:\/\/mittelfest.nelquadrato.com\/wp-content\/uploads\/2022\/06\/Schermata-2022-06-07-alle-18.00.20.png\" alt=\"\" class=\"wp-image-23740\" srcset=\"https:\/\/mittelfest.nelquadrato.com\/wp-content\/uploads\/2022\/06\/Schermata-2022-06-07-alle-18.00.20.png 600w, https:\/\/mittelfest.nelquadrato.com\/wp-content\/uploads\/2022\/06\/Schermata-2022-06-07-alle-18.00.20-300x257.png 300w\" sizes=\"auto, (max-width: 600px) 100vw, 600px\" \/><\/figure>\n\n\n\n<figure class=\"wp-block-table\"><table><tbody><tr><td><strong>PROGETTO FAMIGLIA<\/strong><\/td><td>Odrasli<\/td><td>Otroci od 6 do 12 let<\/td><\/tr><tr><td><strong>Mr. Moon<\/strong><\/td><td>10,00\u20ac<\/td><td>2,00\u20ac<\/td><\/tr><tr><td><strong>Kuku<\/strong><\/td><td>10,00\u20ac<\/td><td>2,00\u20ac<\/td><\/tr><tr><td><strong>Pizz&#8217;n&#8217;Zip<\/strong><\/td><td>10,00\u20ac<\/td><td>2,00\u20ac<\/td><\/tr><\/tbody><\/table><\/figure>\n\n\n\n<hr class=\"wp-block-separator has-alpha-channel-opacity\"\/>\n\n\n\n<figure class=\"wp-block-image size-full\"><img loading=\"lazy\" decoding=\"async\" width=\"708\" height=\"505\" src=\"https:\/\/mittelfest.nelquadrato.com\/wp-content\/uploads\/2022\/06\/Schermata-2022-06-07-alle-17.59.01.png\" alt=\"\" class=\"wp-image-23735\" srcset=\"https:\/\/mittelfest.nelquadrato.com\/wp-content\/uploads\/2022\/06\/Schermata-2022-06-07-alle-17.59.01.png 708w, https:\/\/mittelfest.nelquadrato.com\/wp-content\/uploads\/2022\/06\/Schermata-2022-06-07-alle-17.59.01-300x214.png 300w\" sizes=\"auto, (max-width: 708px) 100vw, 708px\" \/><\/figure>\n\n\n\n<div class=\"wp-block-columns is-layout-flex wp-container-core-columns-is-layout-9d6595d7 wp-block-columns-is-layout-flex\">\n<div class=\"wp-block-column is-layout-flow wp-block-column-is-layout-flow\" style=\"flex-basis:100%\">\n<figure class=\"wp-block-table\"><table><tbody><tr><td><strong>CARNET AMICI<\/strong> <\/td><td><\/td><\/tr><tr><td><strong>Carnet amici 12<\/strong><\/td><td>144,00\u20ac<\/td><\/tr><tr><td><strong>Carnet amici 6<\/strong><\/td><td>78,00\u20ac<\/td><\/tr><tr><td><strong>Carnet amici 4<\/strong><\/td><td>56,00\u20ac<\/td><\/tr><\/tbody><\/table><\/figure>\n<\/div>\n<\/div>\n\n\n\n<p><strong>Brez predstav:<\/strong><br>La Rappresentante di Lista #symphonic #mymammatour<br>Rosada!<\/p>\n\n\n\n<p><strong>CARD MITTELYOUNG<\/strong><br>Kombinirana vstopnica za tri predstave, ki jih je izbral Mittelyoung: 24,00\u20ac<\/p>\n\n\n\n<hr class=\"wp-block-separator has-alpha-channel-opacity\"\/>\n\n\n\n<figure class=\"wp-block-image size-full\"><img loading=\"lazy\" decoding=\"async\" width=\"499\" height=\"406\" src=\"https:\/\/mittelfest.nelquadrato.com\/wp-content\/uploads\/2022\/06\/Schermata-2022-06-07-alle-18.02.19.png\" alt=\"\" class=\"wp-image-23752\" srcset=\"https:\/\/mittelfest.nelquadrato.com\/wp-content\/uploads\/2022\/06\/Schermata-2022-06-07-alle-18.02.19.png 499w, https:\/\/mittelfest.nelquadrato.com\/wp-content\/uploads\/2022\/06\/Schermata-2022-06-07-alle-18.02.19-300x244.png 300w\" sizes=\"auto, (max-width: 499px) 100vw, 499px\" \/><\/figure>\n\n\n\n<p><strong>VSTOPNICE<\/strong> (<strong>REZERVACIJA telefon 0432 \/ 734 316<\/strong>)<br>Od 16. junija do 21. julija: 11.00 &#8211; 13.00 \/ 17.00 &#8211; 19.00<\/p>\n\n\n\n<p>od 22. do 31. julija: 11.00 &#8211; 13.00 \/ 17.00 &#8211; 22.00<\/p>\n\n\n\n<p>ZAPRTO: Ponedeljki 20\/27 junij, 4\/11 julij<\/p>\n\n\n\n<p><\/p>\n\n\n\n<p><strong>PREDSTAVE ZA 10 \u20ac<br><\/strong>Nymphs<br>Assenza Sparsa<br>Vacation from Love<br>Death and Birth in my life<br>More than meets the ear<\/p>\n\n\n\n<p><strong>PREDSTAVE PO CENI 10 \u20ac ZA ODRASLE IN 2 \u20ac ZA OTROKE OD 6 DO 12 LET<\/strong><br>Mr. Moon<br>KuKu<br>Pizz\u2019n\u2019Zip<\/p>\n\n\n\n<p><strong>PREDSTAVE PO CENI 10 \u20ac ZA ODRASLE IN 5 \u20ac ZA OTROKE OD 6 DO 12 LET<\/strong><br>Progetto Tempesta<\/p>\n\n\n\n<p><strong>PREDSTAVE ZA 15\u20ac\/13\u20ac\/10\u20ac<\/strong><br>Pier Paolo Suite<br>Apollon Socrag\u00e8te<br>Borderless body &#8211; first steps<br>Simmetrie oblique<br>Vizijos-Le visioni di Vytautas Ma\u010dernis<br>D\u00e9j\u00e0 Walk<\/p>\n\n\n\n<p><strong><strong>PREDSTAVE ZA<\/strong> 18\u20ac\/15\u20ac\/13\u20ac<\/strong><br>One One One<br>Lasa pur dir\/Pusti naj govorijo<br>Impreviste Eufonie<br>Take Care of Yourself<br>Stand-Alones<br>Ma\u00e7alizi (Massacro)<\/p>\n\n\n\n<p><strong><strong>PREDSTAVE ZA<\/strong> 20\u20ac\/18\u20ac\/15\u20ac<\/strong><br>La singolarit\u00e0 di Schwarzschild<br>The Handke Project<br>Il silenzio in cima al mondo<br>Unspeakable Joys<br>Onde (Sonore)<br>The Untamed\/Il Selvaggio<br>Promises of Uncertainty<br>Sonate all\u2019improvviso<\/p>\n\n\n\n<p><strong><strong>PREDSTAVE ZA<\/strong> 25\u20ac\/20\u20ac\/18\u20ac<\/strong><br>Rosada!<\/p>\n\n\n\n<p><strong><strong>PREDSTAVE ZA<\/strong> 25\u20ac\/20\u20ac\/18\u20ac\/15\u20ac<\/strong><br>La Rappresentante di Lista #symphonic#MyMammatour<\/p>\n\n\n\n<hr class=\"wp-block-separator has-alpha-channel-opacity\"\/>\n\n\n\n<figure class=\"wp-block-image size-full\"><img loading=\"lazy\" decoding=\"async\" width=\"340\" height=\"513\" src=\"https:\/\/mittelfest.nelquadrato.com\/wp-content\/uploads\/2022\/06\/Schermata-2022-06-07-alle-18.02.56.png\" alt=\"\" class=\"wp-image-23758\" srcset=\"https:\/\/mittelfest.nelquadrato.com\/wp-content\/uploads\/2022\/06\/Schermata-2022-06-07-alle-18.02.56.png 340w, https:\/\/mittelfest.nelquadrato.com\/wp-content\/uploads\/2022\/06\/Schermata-2022-06-07-alle-18.02.56-199x300.png 199w\" sizes=\"auto, (max-width: 340px) 100vw, 340px\" \/><\/figure>\n\n\n\n<p><strong>PROGETTO CULTURA<\/strong><br>Prvih 200 gledalcev filma DEATH AND BIRTH IN MY LIFE bo prejelo brezpla\u010dno vstopnico za Narodni arheolo\u0161ki muzej Cividale<\/p>\n","protected":false},"excerpt":{"rendered":"<p>Il 16 giugno aprir\u00e0 la Biglietteria per Abbonamenti e Carnet assieme all&#8217;ufficio informazioni.<br \/>\nDal 21 giugno aprir\u00e0 la biglietteria per tutti i biglietti.<\/p>\n","protected":false},"author":3,"featured_media":0,"parent":0,"menu_order":0,"comment_status":"closed","ping_status":"closed","template":"","meta":{"footnotes":"","_links_to":"","_links_to_target":""},"class_list":["post-8729","page","type-page","status-publish","hentry"],"yoast_head":"<!-- This site is optimized with the Yoast SEO plugin v16.1.1 - https:\/\/yoast.com\/wordpress\/plugins\/seo\/ -->\n<title>VSTOPNICE 2022 - Mittelfest<\/title>\n<link rel=\"canonical\" href=\"https:\/\/mittelfest.nelquadrato.com\/sl\/biglietti\/\" \/>\n<meta property=\"og:locale\" content=\"sl_SI\" \/>\n<meta property=\"og:type\" content=\"article\" \/>\n<meta property=\"og:title\" content=\"VSTOPNICE 2022 - Mittelfest\" \/>\n<meta property=\"og:description\" content=\"Il 16 giugno aprir\u00e0 la Biglietteria per Abbonamenti e Carnet assieme all&#039;ufficio informazioni. Dal 21 giugno aprir\u00e0 la biglietteria per tutti i biglietti.\" \/>\n<meta property=\"og:url\" content=\"https:\/\/mittelfest.nelquadrato.com\/sl\/biglietti\/\" \/>\n<meta property=\"og:site_name\" content=\"Mittelfest\" \/>\n<meta property=\"article:publisher\" content=\"https:\/\/www.facebook.com\/mittelfest\" \/>\n<meta property=\"article:modified_time\" content=\"2022-10-20T09:09:32+00:00\" \/>\n<meta property=\"og:image\" content=\"https:\/\/mittelfest.nelquadrato.com\/wp-content\/uploads\/2022\/06\/Mittelfest_prova-Biglietteria-1.jpeg\" \/>\n<meta name=\"twitter:card\" content=\"summary_large_image\" \/>\n<meta name=\"twitter:label1\" content=\"Est. reading time\">\n\t<meta name=\"twitter:data1\" content=\"4 minutes\">\n<script type=\"application\/ld+json\" class=\"yoast-schema-graph\">{\"@context\":\"https:\/\/schema.org\",\"@graph\":[{\"@type\":\"WebSite\",\"@id\":\"https:\/\/mittelfest.nelquadrato.com\/sl\/#website\",\"url\":\"https:\/\/mittelfest.nelquadrato.com\/sl\/\",\"name\":\"Mittelfest\",\"description\":\"\",\"potentialAction\":[{\"@type\":\"SearchAction\",\"target\":\"https:\/\/mittelfest.nelquadrato.com\/sl\/?s={search_term_string}\",\"query-input\":\"required name=search_term_string\"}],\"inLanguage\":\"sl-SI\"},{\"@type\":\"ImageObject\",\"@id\":\"https:\/\/mittelfest.nelquadrato.com\/sl\/biglietti\/#primaryimage\",\"inLanguage\":\"sl-SI\",\"url\":\"https:\/\/mittelfest.nelquadrato.com\/wp-content\/uploads\/2022\/06\/Mittelfest_prova-Biglietteria-1.jpeg\",\"contentUrl\":\"https:\/\/mittelfest.nelquadrato.com\/wp-content\/uploads\/2022\/06\/Mittelfest_prova-Biglietteria-1.jpeg\",\"width\":480,\"height\":640},{\"@type\":\"WebPage\",\"@id\":\"https:\/\/mittelfest.nelquadrato.com\/sl\/biglietti\/#webpage\",\"url\":\"https:\/\/mittelfest.nelquadrato.com\/sl\/biglietti\/\",\"name\":\"VSTOPNICE 2022 - Mittelfest\",\"isPartOf\":{\"@id\":\"https:\/\/mittelfest.nelquadrato.com\/sl\/#website\"},\"primaryImageOfPage\":{\"@id\":\"https:\/\/mittelfest.nelquadrato.com\/sl\/biglietti\/#primaryimage\"},\"datePublished\":\"2021-05-25T15:24:42+00:00\",\"dateModified\":\"2022-10-20T09:09:32+00:00\",\"breadcrumb\":{\"@id\":\"https:\/\/mittelfest.nelquadrato.com\/sl\/biglietti\/#breadcrumb\"},\"inLanguage\":\"sl-SI\",\"potentialAction\":[{\"@type\":\"ReadAction\",\"target\":[\"https:\/\/mittelfest.nelquadrato.com\/sl\/biglietti\/\"]}]},{\"@type\":\"BreadcrumbList\",\"@id\":\"https:\/\/mittelfest.nelquadrato.com\/sl\/biglietti\/#breadcrumb\",\"itemListElement\":[{\"@type\":\"ListItem\",\"position\":1,\"item\":{\"@type\":\"WebPage\",\"@id\":\"https:\/\/mittelfest.nelquadrato.com\/sl\/\",\"url\":\"https:\/\/mittelfest.nelquadrato.com\/sl\/\",\"name\":\"Home\"}},{\"@type\":\"ListItem\",\"position\":2,\"item\":{\"@type\":\"WebPage\",\"@id\":\"https:\/\/mittelfest.nelquadrato.com\/sl\/biglietti\/\",\"url\":\"https:\/\/mittelfest.nelquadrato.com\/sl\/biglietti\/\",\"name\":\"VSTOPNICE 2022\"}}]}]}<\/script>\n<!-- \/ Yoast SEO plugin. -->","_links":{"self":[{"href":"https:\/\/mittelfest.nelquadrato.com\/sl\/wp-json\/wp\/v2\/pages\/8729","targetHints":{"allow":["GET"]}}],"collection":[{"href":"https:\/\/mittelfest.nelquadrato.com\/sl\/wp-json\/wp\/v2\/pages"}],"about":[{"href":"https:\/\/mittelfest.nelquadrato.com\/sl\/wp-json\/wp\/v2\/types\/page"}],"author":[{"embeddable":true,"href":"https:\/\/mittelfest.nelquadrato.com\/sl\/wp-json\/wp\/v2\/users\/3"}],"replies":[{"embeddable":true,"href":"https:\/\/mittelfest.nelquadrato.com\/sl\/wp-json\/wp\/v2\/comments?post=8729"}],"version-history":[{"count":9,"href":"https:\/\/mittelfest.nelquadrato.com\/sl\/wp-json\/wp\/v2\/pages\/8729\/revisions"}],"predecessor-version":[{"id":30782,"href":"https:\/\/mittelfest.nelquadrato.com\/sl\/wp-json\/wp\/v2\/pages\/8729\/revisions\/30782"}],"wp:attachment":[{"href":"https:\/\/mittelfest.nelquadrato.com\/sl\/wp-json\/wp\/v2\/media?parent=8729"}],"curies":[{"name":"wp","href":"https:\/\/api.w.org\/{rel}","templated":true}]}}